{"id":10250,"date":"2016-12-23T00:49:51","date_gmt":"2016-12-23T00:49:51","guid":{"rendered":"https:\/\/elitegraphicdesign.com\/en\/10250\/"},"modified":"2021-01-06T02:07:07","modified_gmt":"2021-01-06T02:07:07","slug":"copies-couleurs-12x18","status":"publish","type":"product","link":"https:\/\/elitegraphicdesign.com\/fr\/product\/copies-couleurs-12x18\/","title":{"rendered":"Copies Couleurs 12&Prime;x18&Prime;"},"content":{"rendered":"<table style=\"height: 248px;\" border=\"0\" width=\"584\">\n<tbody>\n<tr>\n<td colspan=\"2\">\n<h3>D\u00e9tails &#8211; Impression num\u00e9rique<\/h3>\n<\/td>\n<\/tr>\n<tr>\n<td><span id=\"result_box\" class=\"short_text\" lang=\"fr\"><span class=\"\">Type de papier<\/span><\/span><\/td>\n<td><span id=\"result_box\" class=\"\" lang=\"fr\"><\/span><span id=\"result_box\" class=\"\" lang=\"fr\"><span class=\"\">28lb \/ 98 Luminosit\u00e9<\/span><\/span><\/td>\n<\/tr>\n<tr>\n<td><span style=\"color: #000000;\">Fini<\/span><\/td>\n<td>Aucun<\/td>\n<\/tr>\n<tr>\n<td><span style=\"color: #000000;\">Couleurs<\/span><\/td>\n<td>Copies Couleurs: Recto ou Recto\/Verso<\/td>\n<\/tr>\n<tr>\n<td><span style=\"color: #000000;\">Tailles<\/span><\/td>\n<td>12&Prime;x18&Prime;<\/td>\n<\/tr>\n<tr>\n<td><span style=\"color: #000000;\">Finitions<\/span><\/td>\n<td><span id=\"result_box\" class=\"short_text\" lang=\"fr\"><span class=\"\">Couper \u00e0 la taille.<\/span><\/span><\/td>\n<\/tr>\n<tr>\n<td><span style=\"color: #000000;\">Fichier Accept\u00e9<br \/>\n<\/span><\/td>\n<td>PDF, R\u00e9solution (300dpi).<\/td>\n<\/tr>\n<tr>\n<td colspan=\"2\">Autres quantit\u00e9s et tailles disponibles: Pour plus d&rsquo;information <span style=\"text-decoration: underline;\"><a href=\"mailto:info@elitegraphicdesign.com\">info@elitegraphicdesign.com<\/a><\/span><\/td>\n<\/tr>\n<tr>\n<td><img decoding=\"async\" class=\"wp-image-7091 aligncenter\" src=\"https:\/\/elitegraphicdesign.com\/wp-content\/uploads\/2016\/12\/logo-recto-verso.png\" alt=\"Reco \/ Verso\" width=\"115\" height=\"149\" title=\"\"><\/td>\n<td><img decoding=\"async\" class=\"wp-image-7089 size-full aligncenter\" src=\"https:\/\/elitegraphicdesign.com\/wp-content\/uploads\/2016\/12\/clip_image002.jpg\" alt=\"Orientation\" width=\"368\" height=\"218\" title=\"\"><\/td>\n<\/tr>\n<tr>\n<td><span style=\"color: #000000;\">2 copies<br \/>\n<\/span><\/td>\n<td>1 copies<\/td>\n<\/tr>\n<\/tbody>\n<\/table>\n<p>&nbsp;<\/p>\n","protected":false},"excerpt":{"rendered":"<p>L&rsquo;impression num\u00e9rique est un excellent choix pour de nombreuses applications en raison de sa flexibilit\u00e9, son faible co\u00fbt et son redressement rapide.<\/p>\n","protected":false},"featured_media":7502,"comment_status":"closed","ping_status":"closed","template":"","meta":{"_acf_changed":false},"product_brand":[],"product_cat":[1755],"product_tag":[486,515,488,508,509],"class_list":{"0":"post-10250","1":"product","2":"type-product","3":"status-publish","4":"has-post-thumbnail","6":"product_cat-centre-de-photocopie","7":"product_tag-copies-fr","8":"product_tag-impression","9":"product_tag-numerique","10":"product_tag-papier","11":"product_tag-photocopies-fr","13":"first","14":"instock","15":"sale","16":"taxable","17":"shipping-taxable","18":"purchasable","19":"product-type-variable","20":"has-default-attributes"},"acf":[],"_links":{"self":[{"href":"https:\/\/elitegraphicdesign.com\/fr\/wp-json\/wp\/v2\/product\/10250","targetHints":{"allow":["GET"]}}],"collection":[{"href":"https:\/\/elitegraphicdesign.com\/fr\/wp-json\/wp\/v2\/product"}],"about":[{"href":"https:\/\/elitegraphicdesign.com\/fr\/wp-json\/wp\/v2\/types\/product"}],"replies":[{"embeddable":true,"href":"https:\/\/elitegraphicdesign.com\/fr\/wp-json\/wp\/v2\/comments?post=10250"}],"wp:featuredmedia":[{"embeddable":true,"href":"https:\/\/elitegraphicdesign.com\/fr\/wp-json\/wp\/v2\/media\/7502"}],"wp:attachment":[{"href":"https:\/\/elitegraphicdesign.com\/fr\/wp-json\/wp\/v2\/media?parent=10250"}],"wp:term":[{"taxonomy":"product_brand","embeddable":true,"href":"https:\/\/elitegraphicdesign.com\/fr\/wp-json\/wp\/v2\/product_brand?post=10250"},{"taxonomy":"product_cat","embeddable":true,"href":"https:\/\/elitegraphicdesign.com\/fr\/wp-json\/wp\/v2\/product_cat?post=10250"},{"taxonomy":"product_tag","embeddable":true,"href":"https:\/\/elitegraphicdesign.com\/fr\/wp-json\/wp\/v2\/product_tag?post=10250"}],"curies":[{"name":"wp","href":"https:\/\/api.w.org\/{rel}","templated":true}]}}