{"id":12417,"date":"2017-01-28T21:49:25","date_gmt":"2017-01-28T21:49:29","guid":{"rendered":"https:\/\/elitegraphicdesign.com\/fr\/produit\/vinyle-adhesif-mat-copy\/"},"modified":"2024-06-23T18:17:09","modified_gmt":"2024-06-23T22:17:09","slug":"styrene-20pt-1cote","status":"publish","type":"product","link":"https:\/\/elitegraphicdesign.com\/fr\/product\/styrene-20pt-1cote\/","title":{"rendered":"Styr\u00e8ne 20pt (1 C\u00f4t\u00e9)"},"content":{"rendered":"<table style=\"height: 342px;\" border=\"0\" width=\"587\">\n<tbody>\n<tr>\n<td colspan=\"2\">\n<h3>Details Styrene 20pt<\/h3>\n<\/td>\n<\/tr>\n<tr>\n<td><span style=\"color: #000000;\">Materiau<br \/>\n<\/span><\/td>\n<td>\n<div id=\"spec-title\">\n<div id=\"spec-title\"> Styrene 20pt<\/div>\n<\/div>\n<\/td>\n<\/tr>\n<tr>\n<td><span style=\"color: #000000;\">enrobage<\/span><\/td>\n<td><strong>Pas de rev\u00eatement<br \/>\n<\/strong><\/td>\n<\/tr>\n<tr>\n<td><span style=\"color: #000000;\">Couleur<\/span><\/td>\n<td>CMJN couleur : recto (4\/0)<\/td>\n<\/tr>\n<tr>\n<td><span style=\"color: #000000;\"> Grandeurs<\/span><\/td>\n<td>\n<table style=\"height: 90px;\" border=\"0\" width=\"383\" cellspacing=\"0\" cellpadding=\"0\">\n<tbody>\n<tr>\n<td>6&Prime;x24&Prime;<\/td>\n<td> 6&Prime;x36&Prime;<\/td>\n<td>12&Prime;x12&Prime;<\/td>\n<td>12&Prime;x16&Prime;<\/td>\n<\/tr>\n<tr>\n<td>12&Prime;x24&Prime;<\/td>\n<td>12&Prime;x36&Prime;<\/td>\n<td>12&Prime;x48&Prime;<\/td>\n<td>18&Prime;x24&Prime;<\/td>\n<\/tr>\n<tr>\n<td>24&Prime;x24&Prime;<\/td>\n<td>24&Prime;x32&Prime;<\/td>\n<td>24&Prime;x36&Prime;<\/td>\n<td>24&Prime;x48&Prime;<\/td>\n<\/tr>\n<tr>\n<td>32&Prime;x48&Prime;<\/td>\n<td>36&Prime;x36&Prime;<\/td>\n<td>36&Prime;x48&Prime;<\/td>\n<td>48&Prime;x48&Prime;<\/td>\n<\/tr>\n<tr>\n<td><\/td>\n<td><\/td>\n<td><\/td>\n<td><\/td>\n<\/tr>\n<tr>\n<td><\/td>\n<td><\/td>\n<td><\/td>\n<td><\/td>\n<\/tr>\n<\/tbody>\n<\/table>\n<\/td>\n<\/tr>\n<tr>\n<td><span style=\"color: #000000;\"> Finition<\/span><\/td>\n<td>Coup\u00e9 \u00e0 la taille.<\/td>\n<\/tr>\n<tr>\n<td><span style=\"color: #000000;\"> Type de fichier accept\u00e9<\/span><\/td>\n<td>PDF, Resolution (300dpi). Envoyez vos fichiers par email<\/td>\n<\/tr>\n<tr>\n<td colspan=\"2\"><span style=\"color: #282828;\">Autres quantit\u00e9s et tailles disponibles :<\/span>Pour plus d&rsquo;informations<span style=\"text-decoration: underline;\"><a href=\"mailto:info@elitegraphicdesign.com\">info@elitegraphicdesign.com<\/a><\/span><\/td>\n<\/tr>\n<\/tbody>\n<\/table>\n","protected":false},"excerpt":{"rendered":"<p>Une feuille de PVC l\u00e9g\u00e8re mais durable.<\/p>\n","protected":false},"featured_media":12959,"comment_status":"closed","ping_status":"closed","template":"","meta":{"_acf_changed":false},"product_brand":[],"product_cat":[427],"product_tag":[498,787,786],"class_list":{"0":"post-12417","1":"product","2":"type-product","3":"status-publish","4":"has-post-thumbnail","6":"product_cat-affiches-styrene","7":"product_tag-grande-impression","8":"product_tag-pvc-20pt","9":"product_tag-styrene-fr","11":"first","12":"instock","13":"taxable","14":"shipping-taxable","15":"purchasable","16":"product-type-variable","17":"has-default-attributes"},"acf":[],"_links":{"self":[{"href":"https:\/\/elitegraphicdesign.com\/fr\/wp-json\/wp\/v2\/product\/12417","targetHints":{"allow":["GET"]}}],"collection":[{"href":"https:\/\/elitegraphicdesign.com\/fr\/wp-json\/wp\/v2\/product"}],"about":[{"href":"https:\/\/elitegraphicdesign.com\/fr\/wp-json\/wp\/v2\/types\/product"}],"replies":[{"embeddable":true,"href":"https:\/\/elitegraphicdesign.com\/fr\/wp-json\/wp\/v2\/comments?post=12417"}],"wp:featuredmedia":[{"embeddable":true,"href":"https:\/\/elitegraphicdesign.com\/fr\/wp-json\/wp\/v2\/media\/12959"}],"wp:attachment":[{"href":"https:\/\/elitegraphicdesign.com\/fr\/wp-json\/wp\/v2\/media?parent=12417"}],"wp:term":[{"taxonomy":"product_brand","embeddable":true,"href":"https:\/\/elitegraphicdesign.com\/fr\/wp-json\/wp\/v2\/product_brand?post=12417"},{"taxonomy":"product_cat","embeddable":true,"href":"https:\/\/elitegraphicdesign.com\/fr\/wp-json\/wp\/v2\/product_cat?post=12417"},{"taxonomy":"product_tag","embeddable":true,"href":"https:\/\/elitegraphicdesign.com\/fr\/wp-json\/wp\/v2\/product_tag?post=12417"}],"curies":[{"name":"wp","href":"https:\/\/api.w.org\/{rel}","templated":true}]}}