{"id":13819,"date":"2017-01-30T02:04:01","date_gmt":"2017-01-30T02:04:03","guid":{"rendered":"https:\/\/elitegraphicdesign.com\/fr\/produit\/styrene-20pt-2cotes-copy-copy\/"},"modified":"2024-06-23T12:53:41","modified_gmt":"2024-06-23T16:53:41","slug":"sintra-3mm-2-cotes","status":"publish","type":"product","link":"https:\/\/elitegraphicdesign.com\/fr\/product\/sintra-3mm-2-cotes\/","title":{"rendered":"Sintra 3mm (2 faces)"},"content":{"rendered":"<table style=\"height: 342px;\" border=\"0\" width=\"587\">\n<tbody>\n<tr>\n<td colspan=\"2\">\n<h3>Details Sintra<\/h3>\n<\/td>\n<\/tr>\n<tr>\n<td><span style=\"color: #000000;\">Materiau<br \/>\n<\/span><\/td>\n<td>\n<div id=\"spec-title\">\n<div id=\"spec-title\"> Sintra 3mm<\/div>\n<\/div>\n<\/td>\n<\/tr>\n<tr>\n<td><span style=\"color: #000000;\">enrobage<\/span><\/td>\n<td><strong>Pas de rev\u00eatement<br \/>\n<\/strong><\/td>\n<\/tr>\n<tr>\n<td><span style=\"color: #000000;\">Couleur<\/span><\/td>\n<td>Couleur : 2 c\u00f4t\u00e9s CMYK (4\/4)<\/td>\n<\/tr>\n<tr>\n<td><span style=\"color: #000000;\"> Grandeurs<\/span><\/td>\n<td>\n<table style=\"height: 90px;\" border=\"0\" width=\"383\" cellspacing=\"0\" cellpadding=\"0\">\n<tbody>\n<tr>\n<td>6&Prime;x24&Prime;<\/td>\n<td> 6&Prime;x36&Prime;<\/td>\n<td>12&Prime;x12&Prime;<\/td>\n<td>12&Prime;x16&Prime;<\/td>\n<\/tr>\n<tr>\n<td>12&Prime;x24&Prime;<\/td>\n<td>12&Prime;x36&Prime;<\/td>\n<td>12&Prime;x48&Prime;<\/td>\n<td>18&Prime;x24&Prime;<\/td>\n<\/tr>\n<tr>\n<td>24&Prime;x24&Prime;<\/td>\n<td>24&Prime;x36&Prime;<\/td>\n<td>24&Prime;x48&Prime;<\/td>\n<td>36&Prime;x36&Prime;<\/td>\n<\/tr>\n<tr>\n<td>36&Prime;x48&Prime;<\/td>\n<td>48&Prime;x48&Prime;<\/td>\n<td><\/td>\n<td><\/td>\n<\/tr>\n<\/tbody>\n<\/table>\n<\/td>\n<\/tr>\n<tr>\n<td><span style=\"color: #000000;\"> Finition<\/span><\/td>\n<td>Coup\u00e9 \u00e0 la taille.<\/td>\n<\/tr>\n<tr>\n<td><span style=\"color: #000000;\"> Type de fichier accept\u00e9<\/span><\/td>\n<td>PDF, Resolution (300dpi). Envoyez votre dossier par email<\/td>\n<\/tr>\n<tr>\n<td colspan=\"2\"><span style=\"color: #282828;\">Autres quantit\u00e9s et tailles disponibles :<\/span>Pour plus d&rsquo;informations<span style=\"text-decoration: underline;\"><a href=\"mailto:info@elitegraphicdesign.com\">info@elitegraphicdesign.com<\/a><\/span><\/td>\n<\/tr>\n<\/tbody>\n<\/table>\n<p>&nbsp;<\/p>\n","protected":false},"excerpt":{"rendered":"<p>Sintra est un mat\u00e9riau l\u00e9ger mais tr\u00e8s r\u00e9sistant. C&rsquo;est un excellent choix pour la signalisation ext\u00e9rieure.<\/p>\n","protected":false},"featured_media":13747,"comment_status":"closed","ping_status":"closed","template":"","meta":{"_acf_changed":false},"product_brand":[],"product_cat":[426],"product_tag":[498,787,798],"class_list":{"0":"post-13819","1":"product","2":"type-product","3":"status-publish","4":"has-post-thumbnail","6":"product_cat-panneaux-rigidessintra","7":"product_tag-grande-impression","8":"product_tag-pvc-20pt","9":"product_tag-sintra-fr","11":"first","12":"instock","13":"taxable","14":"shipping-taxable","15":"purchasable","16":"product-type-variable","17":"has-default-attributes"},"acf":[],"_links":{"self":[{"href":"https:\/\/elitegraphicdesign.com\/fr\/wp-json\/wp\/v2\/product\/13819","targetHints":{"allow":["GET"]}}],"collection":[{"href":"https:\/\/elitegraphicdesign.com\/fr\/wp-json\/wp\/v2\/product"}],"about":[{"href":"https:\/\/elitegraphicdesign.com\/fr\/wp-json\/wp\/v2\/types\/product"}],"replies":[{"embeddable":true,"href":"https:\/\/elitegraphicdesign.com\/fr\/wp-json\/wp\/v2\/comments?post=13819"}],"wp:featuredmedia":[{"embeddable":true,"href":"https:\/\/elitegraphicdesign.com\/fr\/wp-json\/wp\/v2\/media\/13747"}],"wp:attachment":[{"href":"https:\/\/elitegraphicdesign.com\/fr\/wp-json\/wp\/v2\/media?parent=13819"}],"wp:term":[{"taxonomy":"product_brand","embeddable":true,"href":"https:\/\/elitegraphicdesign.com\/fr\/wp-json\/wp\/v2\/product_brand?post=13819"},{"taxonomy":"product_cat","embeddable":true,"href":"https:\/\/elitegraphicdesign.com\/fr\/wp-json\/wp\/v2\/product_cat?post=13819"},{"taxonomy":"product_tag","embeddable":true,"href":"https:\/\/elitegraphicdesign.com\/fr\/wp-json\/wp\/v2\/product_tag?post=13819"}],"curies":[{"name":"wp","href":"https:\/\/api.w.org\/{rel}","templated":true}]}}