{"id":17392,"date":"2017-03-15T23:57:19","date_gmt":"2017-03-15T23:57:19","guid":{"rendered":"https:\/\/elitegraphicdesign.com\/fr\/produit\/200m-uv-glace-copy-copy-copy-copy-copy\/"},"modified":"2025-12-27T20:11:01","modified_gmt":"2025-12-28T01:11:01","slug":"en-tete","status":"publish","type":"product","link":"https:\/\/elitegraphicdesign.com\/fr\/product\/en-tete\/","title":{"rendered":"En-t\u00eates"},"content":{"rendered":"<p>En-t\u00eates<\/p>\n<table style=\"height: 55px;\" border=\"0\" width=\"569\">\n<tbody>\n<tr>\n<td colspan=\"2\">\n<h3>D\u00e9tails du papier \u00e0 en-t\u00eate<\/h3>\n<\/td>\n<\/tr>\n<tr>\n<td><span style=\"color: #000000;\">Type de papier<\/span><\/td>\n<td>\n<div id=\"spec-title\">Papier non couch\u00e9 de 60 lb<\/div>\n<\/td>\n<\/tr>\n<tr>\n<td><span style=\"color: #000000;\">Rev\u00eatement<\/span><\/td>\n<td><strong>Pas de rev\u00eatement<br \/>\n<\/strong><\/td>\n<\/tr>\n<tr>\n<td><span style=\"color: #000000;\">Couleur<\/span> <\/td>\n<td>Plein Couleur CMYK: 1 C\u00f4t\u00e9 (4\/0)<\/td>\n<\/tr>\n<tr>\n<td><span style=\"color: #000000;\">Grandeurs<\/span><\/td>\n<td> 8.5&Prime;x11&Prime;<\/td>\n<\/tr>\n<tr>\n<td><span style=\"color: #000000;\">Finission<\/span> <\/td>\n<td>Coup\u00e9 au grandeur dans une boite.<\/td>\n<\/tr>\n<tr>\n<td><span style=\"color: #000000;\"> Type de fichier accept\u00e9<\/span><\/td>\n<td>PDF, R\u00e9solution (300dpi).<\/td>\n<\/tr>\n<tr>\n<td colspan=\"2\"><span style=\"color: #282828;\">Autres quantit\u00e9s et tailles disponibles :<\/span>Pour plus d&rsquo;informations<span style=\"text-decoration: underline;\"><a href=\"mailto:info@elitegraphicdesign.com\">info@elitegraphicdesign.com<\/a><\/span><\/td>\n<\/tr>\n<\/tbody>\n<\/table>\n","protected":false},"excerpt":{"rendered":"<p>Outil parfait pour marquer les documents officiels avec les d\u00e9tails de votre entreprise.<\/p>\n","protected":false},"featured_media":17454,"comment_status":"closed","ping_status":"closed","template":"","meta":{"_acf_changed":false},"product_brand":[],"product_cat":[979],"product_tag":[984],"class_list":{"0":"post-17392","1":"product","2":"type-product","3":"status-publish","4":"has-post-thumbnail","6":"product_cat-en-tete","7":"product_tag-en-tete","9":"first","10":"instock","11":"taxable","12":"shipping-taxable","13":"purchasable","14":"product-type-variable","15":"has-default-attributes"},"acf":[],"_links":{"self":[{"href":"https:\/\/elitegraphicdesign.com\/fr\/wp-json\/wp\/v2\/product\/17392","targetHints":{"allow":["GET"]}}],"collection":[{"href":"https:\/\/elitegraphicdesign.com\/fr\/wp-json\/wp\/v2\/product"}],"about":[{"href":"https:\/\/elitegraphicdesign.com\/fr\/wp-json\/wp\/v2\/types\/product"}],"replies":[{"embeddable":true,"href":"https:\/\/elitegraphicdesign.com\/fr\/wp-json\/wp\/v2\/comments?post=17392"}],"wp:featuredmedia":[{"embeddable":true,"href":"https:\/\/elitegraphicdesign.com\/fr\/wp-json\/wp\/v2\/media\/17454"}],"wp:attachment":[{"href":"https:\/\/elitegraphicdesign.com\/fr\/wp-json\/wp\/v2\/media?parent=17392"}],"wp:term":[{"taxonomy":"product_brand","embeddable":true,"href":"https:\/\/elitegraphicdesign.com\/fr\/wp-json\/wp\/v2\/product_brand?post=17392"},{"taxonomy":"product_cat","embeddable":true,"href":"https:\/\/elitegraphicdesign.com\/fr\/wp-json\/wp\/v2\/product_cat?post=17392"},{"taxonomy":"product_tag","embeddable":true,"href":"https:\/\/elitegraphicdesign.com\/fr\/wp-json\/wp\/v2\/product_tag?post=17392"}],"curies":[{"name":"wp","href":"https:\/\/api.w.org\/{rel}","templated":true}]}}