{"id":19182,"date":"2018-09-17T16:53:16","date_gmt":"2018-09-17T16:53:16","guid":{"rendered":"https:\/\/elitegraphicdesign.com\/?post_type=product&#038;p=19182"},"modified":"2025-12-24T18:48:36","modified_gmt":"2025-12-24T23:48:36","slug":"support-en-bois-pour-telephone","status":"publish","type":"product","link":"https:\/\/elitegraphicdesign.com\/fr\/product\/support-en-bois-pour-telephone\/","title":{"rendered":"Support en bois pour t\u00e9l\u00e9phone"},"content":{"rendered":"<div id=\"tab-description\" class=\"panel entry-content active\">\n<h1>Support en bois pour t\u00e9l\u00e9phone<\/h1>\n<ul>\n<li><span id=\"result_box\" class=\"\" lang=\"en\" tabindex=\"-1\">Votre propre support en bois naturel pour iPhone\/Android. <\/span><\/li>\n<li><span id=\"result_box\" class=\"\" lang=\"en\" tabindex=\"-1\">Id\u00e9al pour garder votre t\u00e9l\u00e9phone \u00e0 port\u00e9e de main sans avoir \u00e0 le tenir. <\/span><\/li>\n<li><span id=\"result_box\" class=\"\" lang=\"en\" tabindex=\"-1\">Pratique lorsque vous suivez une recette, vous pouvez poser votre t\u00e9l\u00e9phone sur le support. <\/span><\/li>\n<li><span id=\"result_box\" class=\"\" lang=\"en\" tabindex=\"-1\">Il est \u00e9galement \u00e9l\u00e9gant m\u00eame lorsqu\u2019il est utilis\u00e9 seul.<br \/>\n<\/span><\/li>\n<li><span id=\"result_box\" class=\"\" lang=\"en\" tabindex=\"-1\"><span class=\"\">Gravure amusante.<\/span><\/span><\/li>\n<li><span id=\"result_box\" class=\"\" lang=\"en\" tabindex=\"-1\"><span class=\"\"> Pr\u00e9par\u00e9 avec amour.<\/span><\/span><\/li>\n<li><span id=\"result_box\" class=\"\" lang=\"en\" tabindex=\"-1\"> Un cadeau parfait, multifonction et une belle d\u00e9coration pour votre bureau. <\/span><\/li>\n<li><span id=\"result_box\" class=\"short_text\" lang=\"en\"><span class=\"\">Cadeau exceptionnel.<\/span><\/span><\/li>\n<li>Nouveau style.<\/li>\n<li>Gravure au Laser<strong>.<br \/>\n<\/strong><\/li>\n<li>\u00c9paisseur du bois : 1\/4 po<\/li>\n<li>T\u00e9l\u00e9phone non inclus.<\/li>\n<\/ul>\n<p><span class=\"st\">Remarque : Veuillez vous assurer que le texte de gravure est correct, car nous copions et collons uniquement exactement ce que vous nous avez envoy\u00e9.<\/span><\/p>\n<p><strong>Dimensions:<\/strong><\/p>\n<ul>\n<li>Dimensions : 7,25 \u00d7 3,75 \u00d7 3 po (18,4 \u00d7 9,5 \u00d7 7,5 cm)<\/li>\n<\/ul>\n<p>Contactez-nous! Tous nos projets sont personnalisables selon vos sp\u00e9cifications. <a href=\"mailto:info@elitegraphicdesign.com\">info@elitegraphicdesign.com<\/a><\/p>\n<\/div>\n","protected":false},"excerpt":{"rendered":"<p>Offrez un cadeau amusant et utile \u00e0 vos amis, votre famille, vos clients et plus encore\u2026.<\/p>\n","protected":false},"featured_media":19205,"comment_status":"closed","ping_status":"closed","template":"","meta":{"_acf_changed":false},"product_brand":[],"product_cat":[3841,1147],"product_tag":[1098,1157,1158,1095,1160,1096,1159],"class_list":{"0":"post-19182","1":"product","2":"type-product","3":"status-publish","4":"has-post-thumbnail","6":"product_cat-cadeau-express","7":"product_cat-support-telephone-en-bois","8":"product_tag-bois","9":"product_tag-cellulaire","10":"product_tag-design-fr","11":"product_tag-gravure","12":"product_tag-iphone-fr","13":"product_tag-laser-fr","14":"product_tag-support","16":"first","17":"instock","18":"sale","19":"taxable","20":"shipping-taxable","21":"purchasable","22":"product-type-variable"},"acf":[],"_links":{"self":[{"href":"https:\/\/elitegraphicdesign.com\/fr\/wp-json\/wp\/v2\/product\/19182","targetHints":{"allow":["GET"]}}],"collection":[{"href":"https:\/\/elitegraphicdesign.com\/fr\/wp-json\/wp\/v2\/product"}],"about":[{"href":"https:\/\/elitegraphicdesign.com\/fr\/wp-json\/wp\/v2\/types\/product"}],"replies":[{"embeddable":true,"href":"https:\/\/elitegraphicdesign.com\/fr\/wp-json\/wp\/v2\/comments?post=19182"}],"wp:featuredmedia":[{"embeddable":true,"href":"https:\/\/elitegraphicdesign.com\/fr\/wp-json\/wp\/v2\/media\/19205"}],"wp:attachment":[{"href":"https:\/\/elitegraphicdesign.com\/fr\/wp-json\/wp\/v2\/media?parent=19182"}],"wp:term":[{"taxonomy":"product_brand","embeddable":true,"href":"https:\/\/elitegraphicdesign.com\/fr\/wp-json\/wp\/v2\/product_brand?post=19182"},{"taxonomy":"product_cat","embeddable":true,"href":"https:\/\/elitegraphicdesign.com\/fr\/wp-json\/wp\/v2\/product_cat?post=19182"},{"taxonomy":"product_tag","embeddable":true,"href":"https:\/\/elitegraphicdesign.com\/fr\/wp-json\/wp\/v2\/product_tag?post=19182"}],"curies":[{"name":"wp","href":"https:\/\/api.w.org\/{rel}","templated":true}]}}