{"id":21744,"date":"2019-01-20T14:33:23","date_gmt":"2019-01-20T14:33:23","guid":{"rendered":"https:\/\/elitegraphicdesign.com\/?post_type=product&#038;p=21744"},"modified":"2025-12-24T18:11:17","modified_gmt":"2025-12-24T23:11:17","slug":"horloge-murale-en-bois-de-11","status":"publish","type":"product","link":"https:\/\/elitegraphicdesign.com\/fr\/product\/horloge-murale-en-bois-de-11\/","title":{"rendered":"Horloge murale en bois de 11&Prime;"},"content":{"rendered":"<div id=\"tab-description\" class=\"panel entry-content active\">\n<p>Cette horloge murale en bois est absolument exclusive et unique, avec une finition satin\u00e9e transparente et lisse. <span id=\"result_box\" class=\"\" lang=\"en\" tabindex=\"-1\"><\/span><\/p>\n<ul>\n<li>Bois 100%<\/li>\n<li>Horloge murale analogique<\/li>\n<li>Fait main.<\/li>\n<li><span id=\"result_box\" class=\"\" lang=\"en\" tabindex=\"-1\"><span class=\"\">Pr\u00e9par\u00e9 avec amour.<\/span><\/span><\/li>\n<li><span id=\"result_box\" class=\"\" lang=\"en\" tabindex=\"-1\"> <span class=\"\"> Un cadeau parfait <\/span><span class=\"\">et une belle d\u00e9coration dans votre maison.<\/span> <\/span><\/li>\n<li><span id=\"result_box\" class=\"short_text\" lang=\"en\"><span class=\"\">Cadeau exceptionnel.<\/span><\/span><\/li>\n<li>Nouveau style.<\/li>\n<li>D\u00e9coupe et gravure au laser<strong>.<br \/>\n<\/strong><\/li>\n<li><span id=\"result_box\" class=\"short_text\" lang=\"en\"><span class=\"\">Vous pouvez le peindre.<\/span><\/span><span id=\"result_box\" class=\"short_text\" lang=\"en\"><\/span><\/li>\n<li>\u00c9paisseur du bois : 1\/4 po et 1\/8 po<\/li>\n<li>La couleur peut \u00eatre l\u00e9g\u00e8rement diff\u00e9rente selon la couleur du bois.<\/li>\n<li>Pile AA est requise. La pile n\u2019est pas incluse. <\/li>\n<li>M\u00e9canisme en plastique et en m\u00e9tal.<\/li>\n<\/ul>\n<p><strong>Dimensions:<\/strong><\/p>\n<ul>\n<li>Dimensions: 11in diameter (28cm)<\/li>\n<\/ul>\n<p>Contactez-nous! Tous nos projets sont personnalisables selon vos sp\u00e9cifications. <a href=\"mailto:info@elitegraphicdesign.com\">info@elitegraphicdesign.com<\/a><\/p>\n<\/div>\n","protected":false},"excerpt":{"rendered":"<p>Offrez un cadeau amusant et utile \u00e0 vos amis, votre famille, vos clients et plus encore\u2026.<\/p>\n","protected":false},"featured_media":21777,"comment_status":"closed","ping_status":"closed","template":"","meta":{"_acf_changed":false},"product_brand":[],"product_cat":[3841,1548],"product_tag":[1547,1521,1546,1554,1555,1553,1556],"class_list":{"0":"post-21744","1":"product","2":"type-product","3":"status-publish","4":"has-post-thumbnail","6":"product_cat-cadeau-express","7":"product_cat-horloge-murale","8":"product_tag-accueil","9":"product_tag-bois-coupe-au-laser","10":"product_tag-cercle","11":"product_tag-decoratif","12":"product_tag-design-bois-moderne","13":"product_tag-horloge","14":"product_tag-unique-fr","16":"first","17":"instock","18":"sale","19":"taxable","20":"shipping-taxable","21":"purchasable","22":"product-type-variable"},"acf":[],"_links":{"self":[{"href":"https:\/\/elitegraphicdesign.com\/fr\/wp-json\/wp\/v2\/product\/21744","targetHints":{"allow":["GET"]}}],"collection":[{"href":"https:\/\/elitegraphicdesign.com\/fr\/wp-json\/wp\/v2\/product"}],"about":[{"href":"https:\/\/elitegraphicdesign.com\/fr\/wp-json\/wp\/v2\/types\/product"}],"replies":[{"embeddable":true,"href":"https:\/\/elitegraphicdesign.com\/fr\/wp-json\/wp\/v2\/comments?post=21744"}],"wp:featuredmedia":[{"embeddable":true,"href":"https:\/\/elitegraphicdesign.com\/fr\/wp-json\/wp\/v2\/media\/21777"}],"wp:attachment":[{"href":"https:\/\/elitegraphicdesign.com\/fr\/wp-json\/wp\/v2\/media?parent=21744"}],"wp:term":[{"taxonomy":"product_brand","embeddable":true,"href":"https:\/\/elitegraphicdesign.com\/fr\/wp-json\/wp\/v2\/product_brand?post=21744"},{"taxonomy":"product_cat","embeddable":true,"href":"https:\/\/elitegraphicdesign.com\/fr\/wp-json\/wp\/v2\/product_cat?post=21744"},{"taxonomy":"product_tag","embeddable":true,"href":"https:\/\/elitegraphicdesign.com\/fr\/wp-json\/wp\/v2\/product_tag?post=21744"}],"curies":[{"name":"wp","href":"https:\/\/api.w.org\/{rel}","templated":true}]}}