{"id":22680,"date":"2019-11-12T19:40:43","date_gmt":"2019-11-12T19:40:43","guid":{"rendered":"https:\/\/elitegraphicdesign.com\/?post_type=product&#038;p=22680"},"modified":"2025-12-24T17:28:56","modified_gmt":"2025-12-24T22:28:56","slug":"decor-pour-arbre-de-noel-10","status":"publish","type":"product","link":"https:\/\/elitegraphicdesign.com\/fr\/product\/decor-pour-arbre-de-noel-10\/","title":{"rendered":"D\u00e9cor pour arbre de No\u00ebl"},"content":{"rendered":"<h1 data-listing-id=\"635315131\">D\u00e9cor pour arbre de No\u00ebl<\/h1>\n<h4 class=\" normal break-word mb-xs-2\" data-listing-id=\"635315131\"><strong>D\u00e9coration de sapin de No\u00ebl en bois \u2013 Ornements, boules et d\u00e9corations pour sapin<\/strong><\/h4>\n<p>L\u2019ensemble original de boules en contreplaqu\u00e9<\/p>\n<p>&#8211; Trou pour un cordon de suspension<\/p>\n<p>D\u00e9corations de No\u00ebl personnalis\u00e9es<\/p>\n<p>&#8211; D\u00e9coup\u00e9 avec un laser de haute qualit\u00e9<\/p>\n<p>&#8211; Nous proposons diff\u00e9rents mod\u00e8les de boules de sapin de No\u00ebl, d\u00e9coration de sapin de No\u00ebl, d\u00e9coration de No\u00ebl, d\u00e9coration de sapin, d\u00e9corations de sapin, d\u00e9coration \u00e0 suspendre,<\/p>\n<p>Le bois est la nature elle-m\u00eame : il peut pr\u00e9senter des d\u00e9colorations naturelles, des nuances, des veines de r\u00e9sine, etc., qui ajoutent du charme et rendent le produit exceptionnel.<\/p>\n<p>Chaque d\u00e9coration peut pr\u00e9senter de l\u00e9g\u00e8res diff\u00e9rences dans la structure de sa surface : il n\u2019existe pas deux pi\u00e8ces de bois identiques, ce qui constitue un v\u00e9ritable atout.<\/p>\n<ul>\n<li><span id=\"result_box\" class=\"short_text\" lang=\"en\"><span class=\"\">Cadeau exceptionnel<\/span><\/span><\/li>\n<li>Article fait main<\/li>\n<li>Nouveau style<\/li>\n<li>Nous utilisons 100 % de bois v\u00e9ritable. Le grainage peut appara\u00eetre l\u00e9g\u00e8rement diff\u00e9rent dans chaque bo\u00eete.<\/li>\n<li>Bo\u00eete de d\u00e9coupe et gravure laser<\/li>\n<li>La livraison n&rsquo;est pas incluse dans le prix<\/li>\n<\/ul>\n<p><span style=\"font-size: 110%;\"><strong>Dimensions:<\/strong><\/span><\/p>\n<ul>\n<li><span style=\"font-size: 100%;\">Dimensions : <\/span>3.5&#215;4.25 in<\/li>\n<\/ul>\n<p><span style=\"font-size: 110%;\"><strong>\u00c9paisseur de mat\u00e9riau:<\/strong><\/span><\/p>\n<ul>\n<li>3 mm (1\/8 inch) Chaque Couche<\/li>\n<\/ul>\n<p><strong>Couleur de fond disponible :<\/strong><\/p>\n<p><a href=\"https:\/\/elitegraphicdesign.com\/wp-content\/uploads\/2019\/11\/Color-Wood1.jpg\"><img decoding=\"async\" class=\"aligncenter size-full wp-image-23123\" src=\"https:\/\/elitegraphicdesign.com\/wp-content\/uploads\/2019\/11\/Color-Wood1.jpg\" alt=\"\" width=\"900\" height=\"116\" title=\"\" srcset=\"https:\/\/elitegraphicdesign.com\/wp-content\/uploads\/2019\/11\/Color-Wood1.jpg 900w, https:\/\/elitegraphicdesign.com\/wp-content\/uploads\/2019\/11\/Color-Wood1-300x39.jpg 300w, https:\/\/elitegraphicdesign.com\/wp-content\/uploads\/2019\/11\/Color-Wood1-768x99.jpg 768w, https:\/\/elitegraphicdesign.com\/wp-content\/uploads\/2019\/11\/Color-Wood1-510x66.jpg 510w\" sizes=\"(max-width: 900px) 100vw, 900px\" \/><\/a><\/p>\n<p>Besoin d&rsquo;une taille ou d&rsquo;une quantit\u00e9 diff\u00e9rente ? Contactez-nous! Tous nos projets sont personnalisables selon vos sp\u00e9cifications. <a href=\"mailto:info@elitegraphicdesign.com\">info@elitegraphicdesign.com<\/a><\/p>\n","protected":false},"excerpt":{"rendered":"<p>Offrez un cadeau amusant et utile \u00e0 vos amis, votre famille, vos clients et plus encore&#8230;.<\/p>\n","protected":false},"featured_media":22780,"comment_status":"closed","ping_status":"closed","template":"","meta":{"_acf_changed":false},"product_brand":[],"product_cat":[2895,3841],"product_tag":[1098,1091,1094,1092,1093,1095,1096,1434,1097],"class_list":{"0":"post-22680","1":"product","2":"type-product","3":"status-publish","4":"has-post-thumbnail","6":"product_cat-ornements-en-bois","7":"product_cat-cadeau-express","8":"product_tag-bois","9":"product_tag-boite","10":"product_tag-cadeau","11":"product_tag-couper","12":"product_tag-elegante","13":"product_tag-gravure","14":"product_tag-laser-fr","15":"product_tag-noel","16":"product_tag-vin","18":"first","19":"instock","20":"sale","21":"taxable","22":"shipping-taxable","23":"purchasable","24":"product-type-variable"},"acf":[],"_links":{"self":[{"href":"https:\/\/elitegraphicdesign.com\/fr\/wp-json\/wp\/v2\/product\/22680","targetHints":{"allow":["GET"]}}],"collection":[{"href":"https:\/\/elitegraphicdesign.com\/fr\/wp-json\/wp\/v2\/product"}],"about":[{"href":"https:\/\/elitegraphicdesign.com\/fr\/wp-json\/wp\/v2\/types\/product"}],"replies":[{"embeddable":true,"href":"https:\/\/elitegraphicdesign.com\/fr\/wp-json\/wp\/v2\/comments?post=22680"}],"wp:featuredmedia":[{"embeddable":true,"href":"https:\/\/elitegraphicdesign.com\/fr\/wp-json\/wp\/v2\/media\/22780"}],"wp:attachment":[{"href":"https:\/\/elitegraphicdesign.com\/fr\/wp-json\/wp\/v2\/media?parent=22680"}],"wp:term":[{"taxonomy":"product_brand","embeddable":true,"href":"https:\/\/elitegraphicdesign.com\/fr\/wp-json\/wp\/v2\/product_brand?post=22680"},{"taxonomy":"product_cat","embeddable":true,"href":"https:\/\/elitegraphicdesign.com\/fr\/wp-json\/wp\/v2\/product_cat?post=22680"},{"taxonomy":"product_tag","embeddable":true,"href":"https:\/\/elitegraphicdesign.com\/fr\/wp-json\/wp\/v2\/product_tag?post=22680"}],"curies":[{"name":"wp","href":"https:\/\/api.w.org\/{rel}","templated":true}]}}