{"id":22712,"date":"2019-11-12T23:44:32","date_gmt":"2019-11-12T23:44:32","guid":{"rendered":"https:\/\/elitegraphicdesign.com\/?post_type=product&#038;p=22712"},"modified":"2025-12-24T17:16:22","modified_gmt":"2025-12-24T22:16:22","slug":"ensemble-de-decoration-pour-arbre-de-noel-4-morceaux","status":"publish","type":"product","link":"https:\/\/elitegraphicdesign.com\/fr\/product\/ensemble-de-decoration-pour-arbre-de-noel-4-morceaux\/","title":{"rendered":"Ensemble de 4 pi\u00e8ces pour D\u00e9coration d&rsquo;arbre de No\u00ebl"},"content":{"rendered":"<h1 data-listing-id=\"635315131\">Ensemble de 4 pi\u00e8ces pour D\u00e9coration d&rsquo;arbre de No\u00ebl<\/h1>\n<h4 class=\" normal break-word mb-xs-2\" data-listing-id=\"635315131\"><strong>D\u00e9coration de sapin de No\u00ebl en bois \u2013 Ornements, boules et d\u00e9corations pour sapin<\/strong><\/h4>\n<p>L\u2019ensemble original de boules en contreplaqu\u00e9<\/p>\n<p>&#8211; Trou pour un cordon de suspension<\/p>\n<p>D\u00e9corations de No\u00ebl personnalis\u00e9es<\/p>\n<p>&#8211; D\u00e9coup\u00e9 avec un laser de haute qualit\u00e9<\/p>\n<p>&#8211; Nous proposons diff\u00e9rents mod\u00e8les de boules de sapin de No\u00ebl, d\u00e9coration de sapin de No\u00ebl, d\u00e9coration de No\u00ebl, d\u00e9coration de sapin, d\u00e9corations de sapin, d\u00e9coration \u00e0 suspendre,<\/p>\n<p>Le bois est la nature elle-m\u00eame : il peut pr\u00e9senter des d\u00e9colorations naturelles, des nuances, des veines de r\u00e9sine, etc., qui ajoutent du charme et rendent le produit exceptionnel.<\/p>\n<p>Chaque d\u00e9coration peut pr\u00e9senter de l\u00e9g\u00e8res diff\u00e9rences dans la structure de sa surface : il n\u2019existe pas deux pi\u00e8ces de bois identiques, ce qui constitue un v\u00e9ritable atout.<\/p>\n<ul>\n<li><span id=\"result_box\" class=\"short_text\" lang=\"en\"><span class=\"\">Cadeau exceptionnel<\/span><\/span><\/li>\n<li>Article fait main<\/li>\n<li>Nouveau style<\/li>\n<li>Nous utilisons 100 % de bois v\u00e9ritable. Le grainage peut appara\u00eetre l\u00e9g\u00e8rement diff\u00e9rent dans chaque bo\u00eete.<\/li>\n<li>Bo\u00eete de d\u00e9coupe et gravure laser<\/li>\n<li>La livraison n&rsquo;est pas incluse dans le prix<\/li>\n<\/ul>\n<p><span style=\"font-size: 110%;\"><strong>Dimensions:<\/strong><\/span><\/p>\n<ul>\n<li><span style=\"font-size: 100%;\">Dimensions : <\/span>114&#215;127 mm (4.5&#215;5 inch) &amp; 89 mm \/ 3.5in<\/li>\n<\/ul>\n<p><span style=\"font-size: 110%;\"><strong>\u00c9paisseur de mat\u00e9riau:<\/strong><\/span><\/p>\n<ul>\n<li>3 mm (1\/8 inch) Chaque Couche<\/li>\n<\/ul>\n<p>Besoin d&rsquo;une taille ou d&rsquo;une quantit\u00e9 diff\u00e9rente ? Contactez-nous! Tous nos projets sont personnalisables selon vos sp\u00e9cifications.  <a href=\"mailto:info@elitegraphicdesign.com\">info@elitegraphicdesign.com<\/a><\/p>\n","protected":false},"excerpt":{"rendered":"<p>Offrez un cadeau amusant et utile \u00e0 vos amis, votre famille, vos clients et plus encore&#8230;.<\/p>\n","protected":false},"featured_media":22709,"comment_status":"closed","ping_status":"closed","template":"","meta":{"_acf_changed":false},"product_brand":[],"product_cat":[2895,3841],"product_tag":[1098,1091,1094,1092,1095,1434],"class_list":{"0":"post-22712","1":"product","2":"type-product","3":"status-publish","4":"has-post-thumbnail","6":"product_cat-ornements-en-bois","7":"product_cat-cadeau-express","8":"product_tag-bois","9":"product_tag-boite","10":"product_tag-cadeau","11":"product_tag-couper","12":"product_tag-gravure","13":"product_tag-noel","15":"first","16":"instock","17":"sale","18":"taxable","19":"shipping-taxable","20":"purchasable","21":"product-type-variable"},"acf":[],"_links":{"self":[{"href":"https:\/\/elitegraphicdesign.com\/fr\/wp-json\/wp\/v2\/product\/22712","targetHints":{"allow":["GET"]}}],"collection":[{"href":"https:\/\/elitegraphicdesign.com\/fr\/wp-json\/wp\/v2\/product"}],"about":[{"href":"https:\/\/elitegraphicdesign.com\/fr\/wp-json\/wp\/v2\/types\/product"}],"replies":[{"embeddable":true,"href":"https:\/\/elitegraphicdesign.com\/fr\/wp-json\/wp\/v2\/comments?post=22712"}],"wp:featuredmedia":[{"embeddable":true,"href":"https:\/\/elitegraphicdesign.com\/fr\/wp-json\/wp\/v2\/media\/22709"}],"wp:attachment":[{"href":"https:\/\/elitegraphicdesign.com\/fr\/wp-json\/wp\/v2\/media?parent=22712"}],"wp:term":[{"taxonomy":"product_brand","embeddable":true,"href":"https:\/\/elitegraphicdesign.com\/fr\/wp-json\/wp\/v2\/product_brand?post=22712"},{"taxonomy":"product_cat","embeddable":true,"href":"https:\/\/elitegraphicdesign.com\/fr\/wp-json\/wp\/v2\/product_cat?post=22712"},{"taxonomy":"product_tag","embeddable":true,"href":"https:\/\/elitegraphicdesign.com\/fr\/wp-json\/wp\/v2\/product_tag?post=22712"}],"curies":[{"name":"wp","href":"https:\/\/api.w.org\/{rel}","templated":true}]}}