{"id":23336,"date":"2020-01-03T16:28:11","date_gmt":"2020-01-03T16:28:11","guid":{"rendered":"https:\/\/elitegraphicdesign.com\/?post_type=product&#038;p=23336"},"modified":"2025-12-21T16:18:47","modified_gmt":"2025-12-21T21:18:47","slug":"boite-a-the-en-bois","status":"publish","type":"product","link":"https:\/\/elitegraphicdesign.com\/fr\/product\/boite-a-the-en-bois\/","title":{"rendered":"Bo\u00eete \u00e0 Th\u00e9 en Bois"},"content":{"rendered":"<p>L\u2019objet d\u00e9coratif parfait pour votre maison ! Un cadeau id\u00e9al pour toutes les occasions.<\/p>\n<p>Bo\u00eete \u00e0 th\u00e9 en bois peinte \u00e0 la main avec d\u00e9coupage et peintures<\/p>\n<p>La bo\u00eete \u00e0 th\u00e9 est divis\u00e9e en six ou huit compartiments.<\/p>\n<p>D\u00e9coup\u00e9 au laser de haute qualit\u00e9<\/p>\n<p>Le bois est la nature elle-m\u00eame : il peut pr\u00e9senter des d\u00e9colorations naturelles, des nuances\u2026 sur sa surface, ce qui lui apporte du charme et rend le produit exceptionnel.<\/p>\n<p>Chaque d\u00e9coration peut pr\u00e9senter de l\u00e9g\u00e8res diff\u00e9rences dans la structure de sa surface : il n\u2019existe pas deux pi\u00e8ces de bois identiques, ce qui constitue un v\u00e9ritable atout.<\/p>\n<ul>\n<li><span id=\"result_box\" class=\"short_text\" lang=\"en\"><span class=\"\">Cadeau exceptionnel<\/span><\/span><\/li>\n<li>Article fait main<\/li>\n<li>Nouveau style<\/li>\n<li>Nous utilisons 100 % de bois v\u00e9ritable. Le grainage peut appara\u00eetre l\u00e9g\u00e8rement diff\u00e9rent dans chaque bo\u00eete.<\/li>\n<li>Bo\u00eete de d\u00e9coupe et gravure laser<\/li>\n<li>La livraison n&rsquo;est pas incluse dans le prix<\/li>\n<\/ul>\n<p><strong>Dimensions:<\/strong><\/p>\n<p>Huit compartiments : Largeur : 35 cm \u00d7 Profondeur : 21,5 cm \u00d7 Hauteur : 8 cm<\/p>\n<p>Six compartiments : Largeur : 27 cm \u00d7 Profondeur : 21,5 cm \u00d7 Hauteur : 8 cm<\/p>\n<p><span style=\"font-size: 110%;\"><strong>\u00c9paisseur de mat\u00e9riau:<\/strong><\/span><\/p>\n<ul>\n<li>3 mm (1\/8 pouce) chacun<\/li>\n<\/ul>\n<p><strong>Couleur:<br \/>\n<\/strong><\/p>\n<ul>\n<li>Couleur bois naturel<\/li>\n<li>Mix : couleur bois naturel + couleur marron<\/li>\n<li>Couleur marron<\/li>\n<\/ul>\n<p>Besoin d&rsquo;une taille ou d&rsquo;une quantit\u00e9 diff\u00e9rente ? Contactez-nous! Tous nos projets sont personnalisables selon vos sp\u00e9cifications.  <a href=\"mailto:info@elitegraphicdesign.com\">info@elitegraphicdesign.com<\/a><\/p>\n","protected":false},"excerpt":{"rendered":"<p>Offrez un cadeau amusant et utile \u00e0 vos amis, votre famille, vos clients et plus encore&#8230;.<\/p>\n","protected":false},"featured_media":23342,"comment_status":"closed","ping_status":"closed","template":"","meta":{"_acf_changed":false},"product_brand":[],"product_cat":[1657,3841],"product_tag":[1098,1091,1663,1094,1092,1093,1095,1096],"class_list":{"0":"post-23336","1":"product","2":"type-product","3":"status-publish","4":"has-post-thumbnail","6":"product_cat-boite-a-the-en-bois","7":"product_cat-cadeau-express","8":"product_tag-bois","9":"product_tag-boite","10":"product_tag-boite-a-the-en-bois","11":"product_tag-cadeau","12":"product_tag-couper","13":"product_tag-elegante","14":"product_tag-gravure","15":"product_tag-laser-fr","17":"first","18":"instock","19":"sale","20":"taxable","21":"shipping-taxable","22":"purchasable","23":"product-type-variable"},"acf":[],"_links":{"self":[{"href":"https:\/\/elitegraphicdesign.com\/fr\/wp-json\/wp\/v2\/product\/23336","targetHints":{"allow":["GET"]}}],"collection":[{"href":"https:\/\/elitegraphicdesign.com\/fr\/wp-json\/wp\/v2\/product"}],"about":[{"href":"https:\/\/elitegraphicdesign.com\/fr\/wp-json\/wp\/v2\/types\/product"}],"replies":[{"embeddable":true,"href":"https:\/\/elitegraphicdesign.com\/fr\/wp-json\/wp\/v2\/comments?post=23336"}],"wp:featuredmedia":[{"embeddable":true,"href":"https:\/\/elitegraphicdesign.com\/fr\/wp-json\/wp\/v2\/media\/23342"}],"wp:attachment":[{"href":"https:\/\/elitegraphicdesign.com\/fr\/wp-json\/wp\/v2\/media?parent=23336"}],"wp:term":[{"taxonomy":"product_brand","embeddable":true,"href":"https:\/\/elitegraphicdesign.com\/fr\/wp-json\/wp\/v2\/product_brand?post=23336"},{"taxonomy":"product_cat","embeddable":true,"href":"https:\/\/elitegraphicdesign.com\/fr\/wp-json\/wp\/v2\/product_cat?post=23336"},{"taxonomy":"product_tag","embeddable":true,"href":"https:\/\/elitegraphicdesign.com\/fr\/wp-json\/wp\/v2\/product_tag?post=23336"}],"curies":[{"name":"wp","href":"https:\/\/api.w.org\/{rel}","templated":true}]}}