{"id":23378,"date":"2020-01-09T01:39:39","date_gmt":"2020-01-09T01:39:39","guid":{"rendered":"https:\/\/elitegraphicdesign.com\/?post_type=product&#038;p=23378"},"modified":"2025-12-21T16:22:14","modified_gmt":"2025-12-21T21:22:14","slug":"signe-en-bois-personnalise","status":"publish","type":"product","link":"https:\/\/elitegraphicdesign.com\/fr\/product\/signe-en-bois-personnalise\/","title":{"rendered":"Enseigne en Bois Personnalis\u00e9"},"content":{"rendered":"<p><strong> Panneau pr\u00e9nom en bois<\/strong><\/p>\n<p>C\u2019est le cadeau personnalis\u00e9 parfait pour vous !<br \/>\nChacun de nos panneaux en bois est d\u00e9coup\u00e9 avec une technologie laser haut de gamme, offrant une pr\u00e9cision exceptionnelle des d\u00e9tails du design !<br \/>\nNOUS PROPOSONS PLUSIEURS COULEURS ET TAILLES !<\/p>\n<p>D\u00e9coup\u00e9 au laser de haute qualit\u00e9<\/p>\n<p>Le bois est la nature elle-m\u00eame : il peut pr\u00e9senter des d\u00e9colorations naturelles, des nuances, des veines, etc., qui ajoutent du charme et rendent le produit exceptionnel.<\/p>\n<p>Chaque d\u00e9coration peut pr\u00e9senter de l\u00e9g\u00e8res diff\u00e9rences dans la structure de sa surface : il n\u2019existe pas deux pi\u00e8ces de bois identiques, ce qui constitue un v\u00e9ritable atout.<\/p>\n<ul>\n<li><span id=\"result_box\" class=\"short_text\" lang=\"en\"><span class=\"\">Cadeau exceptionnel<\/span><\/span><\/li>\n<li>Article fait main<\/li>\n<li>Nouveau style<\/li>\n<li>Nous utilisons 100 % de bois v\u00e9ritable. Le grainage peut appara\u00eetre l\u00e9g\u00e8rement diff\u00e9rent dans chaque bo\u00eete.<\/li>\n<li>Bo\u00eete de d\u00e9coupe et gravure laser<\/li>\n<li>La livraison n&rsquo;est pas incluse dans le prix<\/li>\n<li><strong><span id=\"result_box\" class=\"short_text\" lang=\"en\"><span class=\"\">Vous pouvez le peindre.<\/span><\/span><\/strong><\/li>\n<\/ul>\n<p><span style=\"font-size: 110%;\"><strong>Dimensions:<\/strong><\/span><\/p>\n<ul>\n<li><span style=\"font-size: 100%;\">Dimensions Height : 8in (20cm), 10in (25.4cm), 12in (30.5cm), 15.5in (39cm)<br \/>\n<\/span><\/li>\n<\/ul>\n<p><span style=\"font-size: 110%;\"><strong>\u00c9paisseur de mat\u00e9riau:<\/strong><\/span><\/p>\n<ul>\n<li>3 mm (1\/8 inch)<\/li>\n<li>6 mm (1\/4 inch)<\/li>\n<\/ul>\n<p><strong>Couleur de fond disponible :<\/strong><\/p>\n<p><a href=\"https:\/\/elitegraphicdesign.com\/wp-content\/uploads\/2020\/01\/Color-Wood1.jpg\"><img decoding=\"async\" class=\"wp-image-23413 alignleft\" src=\"https:\/\/elitegraphicdesign.com\/wp-content\/uploads\/2020\/01\/Color-Wood1.jpg\" alt=\"\" width=\"1049\" height=\"141\" title=\"\"><\/a><\/p>\n<p>&nbsp;<\/p>\n<p>&nbsp;<\/p>\n<p>&nbsp;<\/p>\n<p>Besoin d&rsquo;une taille ou d&rsquo;une quantit\u00e9 diff\u00e9rente ? Contactez-nous! Tous nos projets sont personnalisables selon vos sp\u00e9cifications.  <a href=\"mailto:info@elitegraphicdesign.com\">info@elitegraphicdesign.com<\/a><\/p>\n","protected":false},"excerpt":{"rendered":"<p>Offrez un cadeau amusant et utile \u00e0 vos amis, votre famille, vos clients et plus encore&#8230;.<\/p>\n","protected":false},"featured_media":23389,"comment_status":"closed","ping_status":"closed","template":"","meta":{"_acf_changed":false},"product_brand":[],"product_cat":[3841,1719],"product_tag":[1098,1094,1092,1095,1096,1720],"class_list":{"0":"post-23378","1":"product","2":"type-product","3":"status-publish","4":"has-post-thumbnail","6":"product_cat-cadeau-express","7":"product_cat-decoration-murale-en-bois","8":"product_tag-bois","9":"product_tag-cadeau","10":"product_tag-couper","11":"product_tag-gravure","12":"product_tag-laser-fr","13":"product_tag-signe","15":"first","16":"instock","17":"sale","18":"taxable","19":"shipping-taxable","20":"purchasable","21":"product-type-variable"},"acf":[],"_links":{"self":[{"href":"https:\/\/elitegraphicdesign.com\/fr\/wp-json\/wp\/v2\/product\/23378","targetHints":{"allow":["GET"]}}],"collection":[{"href":"https:\/\/elitegraphicdesign.com\/fr\/wp-json\/wp\/v2\/product"}],"about":[{"href":"https:\/\/elitegraphicdesign.com\/fr\/wp-json\/wp\/v2\/types\/product"}],"replies":[{"embeddable":true,"href":"https:\/\/elitegraphicdesign.com\/fr\/wp-json\/wp\/v2\/comments?post=23378"}],"wp:featuredmedia":[{"embeddable":true,"href":"https:\/\/elitegraphicdesign.com\/fr\/wp-json\/wp\/v2\/media\/23389"}],"wp:attachment":[{"href":"https:\/\/elitegraphicdesign.com\/fr\/wp-json\/wp\/v2\/media?parent=23378"}],"wp:term":[{"taxonomy":"product_brand","embeddable":true,"href":"https:\/\/elitegraphicdesign.com\/fr\/wp-json\/wp\/v2\/product_brand?post=23378"},{"taxonomy":"product_cat","embeddable":true,"href":"https:\/\/elitegraphicdesign.com\/fr\/wp-json\/wp\/v2\/product_cat?post=23378"},{"taxonomy":"product_tag","embeddable":true,"href":"https:\/\/elitegraphicdesign.com\/fr\/wp-json\/wp\/v2\/product_tag?post=23378"}],"curies":[{"name":"wp","href":"https:\/\/api.w.org\/{rel}","templated":true}]}}