{"id":24375,"date":"2020-01-28T03:09:33","date_gmt":"2020-01-28T03:09:33","guid":{"rendered":"https:\/\/elitegraphicdesign.com\/?post_type=product&#038;p=24375"},"modified":"2025-12-20T19:19:01","modified_gmt":"2025-12-21T00:19:01","slug":"cadre-photo-arbre","status":"publish","type":"product","link":"https:\/\/elitegraphicdesign.com\/fr\/product\/cadre-photo-arbre\/","title":{"rendered":"Cadre Photo Arbre"},"content":{"rendered":"<h1>Cadres Photo<\/h1>\n<p>Le bois, c&rsquo;est la nature elle-m\u00eame &#8211; il peut avoir sur sa surface des d\u00e9colorations, des nuances, des cordes en r\u00e9sine, etc., ce qui ajoute du charme et rend le produit extraordinaire.<\/p>\n<p>Chaque item peut diff\u00e9rer l\u00e9g\u00e8rement dans la structure de la surface, il n&rsquo;y a pas deux pi\u00e8ces de bois identiques et c&rsquo;est un avantage consid\u00e9rable.<\/p>\n<ul>\n<li>\u00a0Couper avec un laser de haute qualit\u00e9<\/li>\n<li><span id=\"result_box\" class=\"\" lang=\"fr\"><span class=\"\">Cadeau exceptionnel<\/span><\/span><span id=\"result_box\" class=\"\" lang=\"fr\"><\/span><\/li>\n<li><span id=\"result_box\" class=\"\" lang=\"fr\">Objet fait \u00e0 la main<\/span><span id=\"result_box\" class=\"\" lang=\"fr\"><\/span><\/li>\n<li><span id=\"result_box\" class=\"\" lang=\"fr\">\u00a0100% en bois. <span class=\"\">La formation de grains peut appara\u00eetre l\u00e9g\u00e8rement diff\u00e9rente.<br \/>\n<\/span><\/span><\/li>\n<li><span id=\"result_box\" class=\"\" lang=\"fr\"><span class=\"\">La livraison n&rsquo;est pas incluse dans le prix.<\/span><\/span><\/li>\n<li><span class=\"tlid-translation translation\" lang=\"fr\"><span class=\"\" title=\"\">Assemblage facile<\/span><\/span><\/li>\n<\/ul>\n<p><span style=\"font-size: 110%;\"><strong>Dimensions:<\/strong><\/span><\/p>\n<ul>\n<li>11x8in (28cmx20cm) \/<strong> Photo Format <\/strong>4x6in (10cmx15cm)<\/li>\n<\/ul>\n<p><span style=\"font-size: 110%;\"><strong><span id=\"result_box\" class=\"short_text\" lang=\"fr\"><span class=\"\">\u00c9paisseur de mat\u00e9riau<\/span><\/span>:<\/strong><\/span><\/p>\n<ul>\n<li>3 mm (1\/8 inch)<\/li>\n<\/ul>\n<p><span style=\"font-size: 110%;\"><strong><span class=\"tlid-translation translation\" lang=\"fr\"><span class=\"\" title=\"\">Couleur du bois disponible<\/span><\/span> :<\/strong><\/span><\/p>\n<p><a href=\"https:\/\/elitegraphicdesign.com\/wp-content\/uploads\/2020\/01\/Color-Wood1.jpg\"><img decoding=\"async\" class=\"wp-image-23413 aligncenter\" src=\"https:\/\/elitegraphicdesign.com\/wp-content\/uploads\/2020\/01\/Color-Wood1.jpg\" alt=\"\" width=\"1004\" height=\"115\" title=\"\" srcset=\"https:\/\/elitegraphicdesign.com\/wp-content\/uploads\/2020\/01\/Color-Wood1.jpg 1345w, https:\/\/elitegraphicdesign.com\/wp-content\/uploads\/2020\/01\/Color-Wood1-300x34.jpg 300w, https:\/\/elitegraphicdesign.com\/wp-content\/uploads\/2020\/01\/Color-Wood1-1024x117.jpg 1024w, https:\/\/elitegraphicdesign.com\/wp-content\/uploads\/2020\/01\/Color-Wood1-768x88.jpg 768w, https:\/\/elitegraphicdesign.com\/wp-content\/uploads\/2020\/01\/Color-Wood1-510x58.jpg 510w\" sizes=\"(max-width: 1004px) 100vw, 1004px\" \/><\/a><\/p>\n<p>Besoin d\u2019une taille ou d\u2019une quantit\u00e9 diff\u00e9rente? Contactez-nous! Tous nos graphiques sont personnalisables selon vos sp\u00e9cifications. <a href=\"mailto:info@elitegraphicdesign.com\">info@elitegraphicdesign.com<\/a><\/p>\n","protected":false},"excerpt":{"rendered":"<div id=\"gt-res-content\">\n<div id=\"gt-res-dir-ctr\" class=\"trans-verified-button-small\" dir=\"ltr\"><span id=\"result_box\" class=\"\" lang=\"fr\"><span class=\"\">Offrez un cadeau amusant et utile \u00e0 vos amis, \u00e0 votre famille, \u00e0 vos clients &#8230;<\/span><\/span><\/div>\n<\/div>\n","protected":false},"featured_media":23803,"comment_status":"closed","ping_status":"closed","template":"","meta":{"_acf_changed":false},"product_brand":[],"product_cat":[3841,1772],"product_tag":[1098,1091,1094,1783,1092,1095,1096,1784],"class_list":{"0":"post-24375","1":"product","2":"type-product","3":"status-publish","4":"has-post-thumbnail","6":"product_cat-cadeau-express","7":"product_cat-cadres-photos","8":"product_tag-bois","9":"product_tag-boite","10":"product_tag-cadeau","11":"product_tag-cadres","12":"product_tag-couper","13":"product_tag-gravure","14":"product_tag-laser-fr","15":"product_tag-love-fr","17":"first","18":"instock","19":"sale","20":"taxable","21":"shipping-taxable","22":"purchasable","23":"product-type-variable"},"acf":[],"_links":{"self":[{"href":"https:\/\/elitegraphicdesign.com\/fr\/wp-json\/wp\/v2\/product\/24375","targetHints":{"allow":["GET"]}}],"collection":[{"href":"https:\/\/elitegraphicdesign.com\/fr\/wp-json\/wp\/v2\/product"}],"about":[{"href":"https:\/\/elitegraphicdesign.com\/fr\/wp-json\/wp\/v2\/types\/product"}],"replies":[{"embeddable":true,"href":"https:\/\/elitegraphicdesign.com\/fr\/wp-json\/wp\/v2\/comments?post=24375"}],"wp:featuredmedia":[{"embeddable":true,"href":"https:\/\/elitegraphicdesign.com\/fr\/wp-json\/wp\/v2\/media\/23803"}],"wp:attachment":[{"href":"https:\/\/elitegraphicdesign.com\/fr\/wp-json\/wp\/v2\/media?parent=24375"}],"wp:term":[{"taxonomy":"product_brand","embeddable":true,"href":"https:\/\/elitegraphicdesign.com\/fr\/wp-json\/wp\/v2\/product_brand?post=24375"},{"taxonomy":"product_cat","embeddable":true,"href":"https:\/\/elitegraphicdesign.com\/fr\/wp-json\/wp\/v2\/product_cat?post=24375"},{"taxonomy":"product_tag","embeddable":true,"href":"https:\/\/elitegraphicdesign.com\/fr\/wp-json\/wp\/v2\/product_tag?post=24375"}],"curies":[{"name":"wp","href":"https:\/\/api.w.org\/{rel}","templated":true}]}}