{"id":24381,"date":"2020-01-28T03:24:30","date_gmt":"2020-01-28T03:24:30","guid":{"rendered":"https:\/\/elitegraphicdesign.com\/?post_type=product&#038;p=24381"},"modified":"2025-12-20T19:16:14","modified_gmt":"2025-12-21T00:16:14","slug":"cadre-photo-personnalise","status":"publish","type":"product","link":"https:\/\/elitegraphicdesign.com\/fr\/product\/cadre-photo-personnalise\/","title":{"rendered":"Cadre Photo Personnalis\u00e9"},"content":{"rendered":"<h1 data-listing-id=\"635315131\">Cadres photo<\/h1>\n<p>Le bois est la nature elle-m\u00eame : il peut pr\u00e9senter des d\u00e9colorations naturelles, des nuances, des veines de r\u00e9sine, etc., qui ajoutent du charme et rendent le produit exceptionnel.<\/p>\n<p>Chaque d\u00e9coration peut pr\u00e9senter de l\u00e9g\u00e8res diff\u00e9rences dans la structure de sa surface : il n\u2019existe pas deux pi\u00e8ces de bois identiques, ce qui constitue un v\u00e9ritable atout.<\/p>\n<ul>\n<li><span id=\"result_box\" class=\"short_text\" lang=\"en\"><span class=\"\">Cadeau exceptionnel<\/span><\/span><\/li>\n<li>Article fait main<\/li>\n<li>Nouveau style<\/li>\n<li>Nous utilisons 100 % de bois v\u00e9ritable. Le grainage peut appara\u00eetre l\u00e9g\u00e8rement diff\u00e9rent dans chaque bo\u00eete.<\/li>\n<li>Bo\u00eete de d\u00e9coupe et gravure laser<\/li>\n<li>La livraison n&rsquo;est pas incluse dans le prix<\/li>\n<li>Assemblage facile<\/li>\n<\/ul>\n<p><span style=\"font-size: 110%;\"><strong>Dimensions:<\/strong><\/span><\/p>\n<ul>\n<li>23.75&#215;15.75 (60cmx40cm)<\/li>\n<\/ul>\n<p><span style=\"font-size: 110%;\"><strong>\u00c9paisseur de mat\u00e9riau:<\/strong><\/span><\/p>\n<ul>\n<li>3 mm (1\/8 inch)  6mm (1\/4 inch)<\/li>\n<\/ul>\n<p><strong>Couleur du bois disponible :<\/strong><\/p>\n<p><a href=\"https:\/\/elitegraphicdesign.com\/wp-content\/uploads\/2020\/01\/Color-Wood1.jpg\"><img decoding=\"async\" class=\"wp-image-23413 aligncenter\" src=\"https:\/\/elitegraphicdesign.com\/wp-content\/uploads\/2020\/01\/Color-Wood1.jpg\" alt=\"\" width=\"1004\" height=\"115\" title=\"\" srcset=\"https:\/\/elitegraphicdesign.com\/wp-content\/uploads\/2020\/01\/Color-Wood1.jpg 1345w, https:\/\/elitegraphicdesign.com\/wp-content\/uploads\/2020\/01\/Color-Wood1-300x34.jpg 300w, https:\/\/elitegraphicdesign.com\/wp-content\/uploads\/2020\/01\/Color-Wood1-1024x117.jpg 1024w, https:\/\/elitegraphicdesign.com\/wp-content\/uploads\/2020\/01\/Color-Wood1-768x88.jpg 768w, https:\/\/elitegraphicdesign.com\/wp-content\/uploads\/2020\/01\/Color-Wood1-510x58.jpg 510w\" sizes=\"(max-width: 1004px) 100vw, 1004px\" \/><\/a><\/p>\n<p>Besoin d&rsquo;une taille ou d&rsquo;une quantit\u00e9 diff\u00e9rente ? Contactez-nous! Tous nos projets sont personnalisables selon vos sp\u00e9cifications.  <a href=\"mailto:info@elitegraphicdesign.com\">info@elitegraphicdesign.com<\/a><\/p>\n","protected":false},"excerpt":{"rendered":"<p>Offrez un cadeau amusant et utile \u00e0 vos amis, votre famille, vos clients et plus encore&#8230;.<\/p>\n","protected":false},"featured_media":30447,"comment_status":"closed","ping_status":"closed","template":"","meta":{"_acf_changed":false},"product_brand":[],"product_cat":[3841,1772],"product_tag":[1098,1091,1094,1783,1092,1095,1096,1784],"class_list":{"0":"post-24381","1":"product","2":"type-product","3":"status-publish","4":"has-post-thumbnail","6":"product_cat-cadeau-express","7":"product_cat-cadres-photos","8":"product_tag-bois","9":"product_tag-boite","10":"product_tag-cadeau","11":"product_tag-cadres","12":"product_tag-couper","13":"product_tag-gravure","14":"product_tag-laser-fr","15":"product_tag-love-fr","17":"first","18":"instock","19":"sale","20":"taxable","21":"shipping-taxable","22":"purchasable","23":"product-type-variable"},"acf":[],"_links":{"self":[{"href":"https:\/\/elitegraphicdesign.com\/fr\/wp-json\/wp\/v2\/product\/24381","targetHints":{"allow":["GET"]}}],"collection":[{"href":"https:\/\/elitegraphicdesign.com\/fr\/wp-json\/wp\/v2\/product"}],"about":[{"href":"https:\/\/elitegraphicdesign.com\/fr\/wp-json\/wp\/v2\/types\/product"}],"replies":[{"embeddable":true,"href":"https:\/\/elitegraphicdesign.com\/fr\/wp-json\/wp\/v2\/comments?post=24381"}],"wp:featuredmedia":[{"embeddable":true,"href":"https:\/\/elitegraphicdesign.com\/fr\/wp-json\/wp\/v2\/media\/30447"}],"wp:attachment":[{"href":"https:\/\/elitegraphicdesign.com\/fr\/wp-json\/wp\/v2\/media?parent=24381"}],"wp:term":[{"taxonomy":"product_brand","embeddable":true,"href":"https:\/\/elitegraphicdesign.com\/fr\/wp-json\/wp\/v2\/product_brand?post=24381"},{"taxonomy":"product_cat","embeddable":true,"href":"https:\/\/elitegraphicdesign.com\/fr\/wp-json\/wp\/v2\/product_cat?post=24381"},{"taxonomy":"product_tag","embeddable":true,"href":"https:\/\/elitegraphicdesign.com\/fr\/wp-json\/wp\/v2\/product_tag?post=24381"}],"curies":[{"name":"wp","href":"https:\/\/api.w.org\/{rel}","templated":true}]}}