{"id":25256,"date":"2020-03-15T17:10:23","date_gmt":"2020-03-15T17:10:23","guid":{"rendered":"https:\/\/elitegraphicdesign.com\/?post_type=product&#038;p=25256"},"modified":"2025-12-20T18:35:08","modified_gmt":"2025-12-20T23:35:08","slug":"panier-en-bois-pour-oeufs-2","status":"publish","type":"product","link":"https:\/\/elitegraphicdesign.com\/fr\/product\/panier-en-bois-pour-oeufs-2\/","title":{"rendered":"Panier d&rsquo;oeufs en bois"},"content":{"rendered":"<div id=\"tab-description\" class=\"panel entry-content active\">\n<h1>Panier d&rsquo;oeufs en bois<\/h1>\n<ul>\n<li>Bois 100%<\/li>\n<li>Fait main.<\/li>\n<li><span id=\"result_box\" class=\"\" lang=\"en\" tabindex=\"-1\"><span class=\"\">Pr\u00e9par\u00e9 avec amour.<\/span><\/span><\/li>\n<li><span id=\"result_box\" class=\"\" lang=\"en\" tabindex=\"-1\"> <span class=\"\"> Un cadeau parfait <\/span><span class=\"\">et une belle d\u00e9coration dans votre maison.<\/span> <\/span><\/li>\n<li><span id=\"result_box\" class=\"short_text\" lang=\"en\"><span class=\"\">Cadeau exceptionnel.<\/span><\/span><\/li>\n<li>Nouveau style.<\/li>\n<li>D\u00e9coupe et gravure au laser<strong>.<br \/>\n<\/strong><\/li>\n<li><span id=\"result_box\" class=\"short_text\" lang=\"en\"><span class=\"\">Vous pouvez le peindre.<\/span><\/span><span id=\"result_box\" class=\"short_text\" lang=\"en\"><\/span><\/li>\n<li>\u00c9paisseur du bois : 1\/4 po<\/li>\n<li>La couleur peut \u00eatre l\u00e9g\u00e8rement diff\u00e9rente selon la couleur du bois.<\/li>\n<li>Peut contenir jusqu\u2019\u00e0 8 \u0153ufs<\/li>\n<\/ul>\n<p><strong>Dimensions:<\/strong><\/p>\n<ul>\n<li>Dimensions: 9.5inx10.5in (24cmx26cm)<\/li>\n<\/ul>\n<p><a href=\"https:\/\/elitegraphicdesign.com\/wp-content\/uploads\/2020\/03\/Color-Wood1.jpg\"><img decoding=\"async\" class=\"wp-image-25249 aligncenter\" src=\"https:\/\/elitegraphicdesign.com\/wp-content\/uploads\/2020\/03\/Color-Wood1.jpg\" alt=\"\" width=\"156\" height=\"88\" title=\"\"><\/a><\/p>\n<p>Contactez-nous! Tous nos projets sont personnalisables selon vos sp\u00e9cifications. <a href=\"mailto:info@elitegraphicdesign.com\">info@elitegraphicdesign.com<\/a><\/p>\n<\/div>\n","protected":false},"excerpt":{"rendered":"<p>Offrez un cadeau amusant et utile \u00e0 vos amis, votre famille, vos clients et plus encore\u2026.<\/p>\n","protected":false},"featured_media":25204,"comment_status":"closed","ping_status":"closed","template":"","meta":{"_acf_changed":false},"product_brand":[],"product_cat":[1821,3841],"product_tag":[1547,1521,1554,1555,1824,1823,1159,1556],"class_list":{"0":"post-25256","1":"product","2":"type-product","3":"status-publish","4":"has-post-thumbnail","6":"product_cat-cadeau-de-paques-en-bois","7":"product_cat-cadeau-express","8":"product_tag-accueil","9":"product_tag-bois-coupe-au-laser","10":"product_tag-decoratif","11":"product_tag-design-bois-moderne","12":"product_tag-pamier","13":"product_tag-paques","14":"product_tag-support","15":"product_tag-unique-fr","17":"first","18":"instock","19":"sale","20":"taxable","21":"shipping-taxable","22":"purchasable","23":"product-type-variable"},"acf":[],"_links":{"self":[{"href":"https:\/\/elitegraphicdesign.com\/fr\/wp-json\/wp\/v2\/product\/25256","targetHints":{"allow":["GET"]}}],"collection":[{"href":"https:\/\/elitegraphicdesign.com\/fr\/wp-json\/wp\/v2\/product"}],"about":[{"href":"https:\/\/elitegraphicdesign.com\/fr\/wp-json\/wp\/v2\/types\/product"}],"replies":[{"embeddable":true,"href":"https:\/\/elitegraphicdesign.com\/fr\/wp-json\/wp\/v2\/comments?post=25256"}],"wp:featuredmedia":[{"embeddable":true,"href":"https:\/\/elitegraphicdesign.com\/fr\/wp-json\/wp\/v2\/media\/25204"}],"wp:attachment":[{"href":"https:\/\/elitegraphicdesign.com\/fr\/wp-json\/wp\/v2\/media?parent=25256"}],"wp:term":[{"taxonomy":"product_brand","embeddable":true,"href":"https:\/\/elitegraphicdesign.com\/fr\/wp-json\/wp\/v2\/product_brand?post=25256"},{"taxonomy":"product_cat","embeddable":true,"href":"https:\/\/elitegraphicdesign.com\/fr\/wp-json\/wp\/v2\/product_cat?post=25256"},{"taxonomy":"product_tag","embeddable":true,"href":"https:\/\/elitegraphicdesign.com\/fr\/wp-json\/wp\/v2\/product_tag?post=25256"}],"curies":[{"name":"wp","href":"https:\/\/api.w.org\/{rel}","templated":true}]}}