{"id":25439,"date":"2020-03-21T00:55:32","date_gmt":"2020-03-21T00:55:32","guid":{"rendered":"https:\/\/elitegraphicdesign.com\/?post_type=product&#038;p=25439"},"modified":"2025-12-15T21:32:08","modified_gmt":"2025-12-16T02:32:08","slug":"bol-en-bois","status":"publish","type":"product","link":"https:\/\/elitegraphicdesign.com\/fr\/product\/bol-en-bois\/","title":{"rendered":"Bol en Bois"},"content":{"rendered":"<div id=\"tab-description\" class=\"panel entry-content active\">\n<p><span id=\"result_box\" class=\"\" lang=\"en\" tabindex=\"-1\"><span class=\"\"><strong>Bol en bois \u00e0 plusieurs niveaux :<\/strong> <\/span><\/span><\/p>\n<p>Bol en bois \u00e0 plusieurs niveaux. Fabriqu\u00e9 en contreplaqu\u00e9 de bouleau d\u00e9coup\u00e9 au laser et fini avec un satin clair et lisse. Les couches superpos\u00e9es cr\u00e9ent de magnifiques ombres et ajoutent de la profondeur. \u00c0 utiliser comme pi\u00e8ce centrale ou objet d\u2019exposition. Faites sensation lors de votre prochain d\u00eener ! <\/p>\n<ul>\n<li><span id=\"result_box\" class=\"\" lang=\"en\" tabindex=\"-1\"><span class=\"\">Gravure amusante.<\/span><\/span><\/li>\n<li><span id=\"result_box\" class=\"\" lang=\"en\" tabindex=\"-1\"><span class=\"\"> Pr\u00e9par\u00e9 avec amour.<\/span><\/span><\/li>\n<li><span id=\"result_box\" class=\"\" lang=\"en\" tabindex=\"-1\"> <span class=\"\"> Un cadeau parfait <\/span><span class=\"\">Multifonctionnel et une belle d\u00e9coration dans votre maison.<\/span> <\/span><\/li>\n<li><span id=\"result_box\" class=\"short_text\" lang=\"en\"><span class=\"\">Cadeau exceptionnel.<\/span><\/span><\/li>\n<li>Nouveau style.<\/li>\n<li>Gravure au Laser<strong>.<br \/>\n<\/strong><\/li>\n<li><span id=\"result_box\" class=\"short_text\" lang=\"en\"><span class=\"\">Vous pouvez le peindre.<\/span><\/span><\/li>\n<li><span id=\"result_box\" class=\"short_text\" lang=\"en\"><span class=\"\">Assembly required (wood glue) .<\/span><\/span><\/li>\n<li>\u00c9paisseur du bois : 1\/4 po.<\/li>\n<\/ul>\n<p><strong>Note:<\/strong> Assurez-vous de saisir correctement votre texte de gravure, car nous le copierons et le collerons tel quel.<\/p>\n<p><strong>Dimensions:<\/strong><\/p>\n<ul>\n<li>Dimensions: 11inx11inx3in (28x28x7.5cm)<\/li>\n<\/ul>\n<p>Contactez-nous! Tous nos projets sont personnalisables selon vos sp\u00e9cifications. <a href=\"mailto:info@elitegraphicdesign.com\">info@elitegraphicdesign.com<\/a><\/p>\n<\/div>\n","protected":false},"excerpt":{"rendered":"<p>Offrez un cadeau amusant et utile \u00e0 vos amis, votre famille, vos clients et plus encore\u2026.<\/p>\n","protected":false},"featured_media":25449,"comment_status":"closed","ping_status":"closed","template":"","meta":{"_acf_changed":false},"product_brand":[],"product_cat":[1483,3841],"product_tag":[1098,1482,1162,1095,1096],"class_list":{"0":"post-25439","1":"product","2":"type-product","3":"status-publish","4":"has-post-thumbnail","6":"product_cat-bol-en-bois","7":"product_cat-cadeau-express","8":"product_tag-bois","9":"product_tag-bol","10":"product_tag-google-fr","11":"product_tag-gravure","12":"product_tag-laser-fr","14":"first","15":"instock","16":"sale","17":"taxable","18":"shipping-taxable","19":"purchasable","20":"product-type-variable"},"acf":[],"_links":{"self":[{"href":"https:\/\/elitegraphicdesign.com\/fr\/wp-json\/wp\/v2\/product\/25439","targetHints":{"allow":["GET"]}}],"collection":[{"href":"https:\/\/elitegraphicdesign.com\/fr\/wp-json\/wp\/v2\/product"}],"about":[{"href":"https:\/\/elitegraphicdesign.com\/fr\/wp-json\/wp\/v2\/types\/product"}],"replies":[{"embeddable":true,"href":"https:\/\/elitegraphicdesign.com\/fr\/wp-json\/wp\/v2\/comments?post=25439"}],"wp:featuredmedia":[{"embeddable":true,"href":"https:\/\/elitegraphicdesign.com\/fr\/wp-json\/wp\/v2\/media\/25449"}],"wp:attachment":[{"href":"https:\/\/elitegraphicdesign.com\/fr\/wp-json\/wp\/v2\/media?parent=25439"}],"wp:term":[{"taxonomy":"product_brand","embeddable":true,"href":"https:\/\/elitegraphicdesign.com\/fr\/wp-json\/wp\/v2\/product_brand?post=25439"},{"taxonomy":"product_cat","embeddable":true,"href":"https:\/\/elitegraphicdesign.com\/fr\/wp-json\/wp\/v2\/product_cat?post=25439"},{"taxonomy":"product_tag","embeddable":true,"href":"https:\/\/elitegraphicdesign.com\/fr\/wp-json\/wp\/v2\/product_tag?post=25439"}],"curies":[{"name":"wp","href":"https:\/\/api.w.org\/{rel}","templated":true}]}}