{"id":25759,"date":"2020-03-29T00:34:47","date_gmt":"2020-03-29T00:34:47","guid":{"rendered":"https:\/\/elitegraphicdesign.com\/?post_type=product&#038;p=25759"},"modified":"2025-12-14T20:26:31","modified_gmt":"2025-12-15T01:26:31","slug":"cadeau-personnalise-pour-premiere-communion-4","status":"publish","type":"product","link":"https:\/\/elitegraphicdesign.com\/fr\/product\/cadeau-personnalise-pour-premiere-communion-4\/","title":{"rendered":"Cadeau en bois personnalis\u00e9 pour fille de premi\u00e8re communion"},"content":{"rendered":"<div id=\"tab-description\" class=\"panel entry-content active\">\n<h1>Cadeau en bois personnalis\u00e9 pour fille de premi\u00e8re communion<\/h1>\n<p>Conception en bois en couches avec gravure laser. Fabriqu\u00e9 en contreplaqu\u00e9 de bouleau d\u00e9coup\u00e9 au laser et fini avec un satin clair et lisse. Les calques superpos\u00e9s cr\u00e9ent de belles ombres et ajoutent de la profondeur. Cadeau en bois d\u00e9coup\u00e9 au laser et graveur.<\/p>\n<ul>\n<li><span id=\"result_box\" class=\"\" lang=\"en\" tabindex=\"-1\"><span class=\"\">Gravure amusante.<\/span><\/span><\/li>\n<li><span id=\"result_box\" class=\"\" lang=\"en\" tabindex=\"-1\"><span class=\"\"> Pr\u00e9par\u00e9 avec amour.<\/span><\/span><\/li>\n<li><span id=\"result_box\" class=\"\" lang=\"en\" tabindex=\"-1\"> <span class=\"\">Un cadeau parfait<\/span> <span class=\"\"> Multi fonctionnel.<\/span> <\/span><\/li>\n<li><span id=\"result_box\" class=\"short_text\" lang=\"en\"><span class=\"\">Cadeau exceptionnel.<\/span><\/span><\/li>\n<li>Conception en bois en couches avec gravure laser<\/li>\n<li>Nouveau style.<\/li>\n<li><span id=\"result_box\" class=\"short_text\" lang=\"en\"><span class=\"\">Vous pouvez le peindre.<\/span><\/span><\/li>\n<li>\u00c9paisseur du bois : 1\/8 po et 1\/4 po<\/li>\n<li>Cadeau en bois d\u00e9coup\u00e9 au laser et graveur<\/li>\n<\/ul>\n<p><strong>Note:<\/strong> Assurez-vous de saisir correctement votre texte de gravure, car nous le copierons et le collerons tel quel.<\/p>\n<p><strong>Dimensions:<\/strong><\/p>\n<ul>\n<li>Dimensions: 8inx5.5inx2in (20x14x5cm)<\/li>\n<\/ul>\n<p>Contactez-nous! pour la boutique de gravure laser et d&rsquo;autocollants. Tous nos projets sont personnalisables selon vos sp\u00e9cifications. <a href=\"mailto:info@elitegraphicdesign.com\">info@elitegraphicdesign.com<\/a><\/p>\n<\/div>\n","protected":false},"excerpt":{"rendered":"<p>Offrez un cadeau amusant et utile \u00e0 vos amis, votre famille, vos clients et plus encore\u2026.<\/p>\n","protected":false},"featured_media":25708,"comment_status":"closed","ping_status":"closed","template":"","meta":{"_acf_changed":false},"product_brand":[],"product_cat":[3841,1864],"product_tag":[1098,1094,1866,3071,1162,1095],"class_list":{"0":"post-25759","1":"product","2":"type-product","3":"status-publish","4":"has-post-thumbnail","6":"product_cat-cadeau-express","7":"product_cat-premiere-communion","8":"product_tag-bois","9":"product_tag-cadeau","10":"product_tag-communion-fr","11":"product_tag-fille","12":"product_tag-google-fr","13":"product_tag-gravure","15":"first","16":"instock","17":"sale","18":"taxable","19":"shipping-taxable","20":"purchasable","21":"product-type-variable"},"acf":[],"_links":{"self":[{"href":"https:\/\/elitegraphicdesign.com\/fr\/wp-json\/wp\/v2\/product\/25759","targetHints":{"allow":["GET"]}}],"collection":[{"href":"https:\/\/elitegraphicdesign.com\/fr\/wp-json\/wp\/v2\/product"}],"about":[{"href":"https:\/\/elitegraphicdesign.com\/fr\/wp-json\/wp\/v2\/types\/product"}],"replies":[{"embeddable":true,"href":"https:\/\/elitegraphicdesign.com\/fr\/wp-json\/wp\/v2\/comments?post=25759"}],"wp:featuredmedia":[{"embeddable":true,"href":"https:\/\/elitegraphicdesign.com\/fr\/wp-json\/wp\/v2\/media\/25708"}],"wp:attachment":[{"href":"https:\/\/elitegraphicdesign.com\/fr\/wp-json\/wp\/v2\/media?parent=25759"}],"wp:term":[{"taxonomy":"product_brand","embeddable":true,"href":"https:\/\/elitegraphicdesign.com\/fr\/wp-json\/wp\/v2\/product_brand?post=25759"},{"taxonomy":"product_cat","embeddable":true,"href":"https:\/\/elitegraphicdesign.com\/fr\/wp-json\/wp\/v2\/product_cat?post=25759"},{"taxonomy":"product_tag","embeddable":true,"href":"https:\/\/elitegraphicdesign.com\/fr\/wp-json\/wp\/v2\/product_tag?post=25759"}],"curies":[{"name":"wp","href":"https:\/\/api.w.org\/{rel}","templated":true}]}}