{"id":25788,"date":"2020-03-29T20:55:17","date_gmt":"2020-03-29T20:55:17","guid":{"rendered":"https:\/\/elitegraphicdesign.com\/?post_type=product&#038;p=25788"},"modified":"2025-12-14T20:20:37","modified_gmt":"2025-12-15T01:20:37","slug":"boite-a-bible-personnalisee","status":"publish","type":"product","link":"https:\/\/elitegraphicdesign.com\/fr\/product\/boite-a-bible-personnalisee\/","title":{"rendered":"Bo\u00eete pour bible personnalis\u00e9e de premi\u00e8re communion"},"content":{"rendered":"<div id=\"tab-description\" class=\"panel entry-content active\">\n<h1>Bo\u00eete pour bible personnalis\u00e9e de premi\u00e8re communion<\/h1>\n<p>Conception en bois en couches. Fabriqu\u00e9 en contreplaqu\u00e9 de bouleau d\u00e9coup\u00e9 au laser et fini avec un satin clair et lisse. Les calques superpos\u00e9s cr\u00e9ent de belles ombres et ajoutent de la profondeur.<\/p>\n<ul>\n<li><span id=\"result_box\" class=\"\" lang=\"en\" tabindex=\"-1\"><span class=\"\">Gravure amusante.<\/span><\/span><\/li>\n<li><span id=\"result_box\" class=\"\" lang=\"en\" tabindex=\"-1\"><span class=\"\"> Pr\u00e9par\u00e9 avec amour.<\/span><\/span><\/li>\n<li><span id=\"result_box\" class=\"\" lang=\"en\" tabindex=\"-1\"> <span class=\"\">Un cadeau parfait<\/span> <span class=\"\"> Multi fonctionnel.<\/span> <\/span><\/li>\n<li><span id=\"result_box\" class=\"short_text\" lang=\"en\"><span class=\"\">Cadeau exceptionnel.<\/span><\/span><\/li>\n<li>Nouveau style.<\/li>\n<li>Gravure au Laser<strong>.<br \/>\n<\/strong><\/li>\n<li><span id=\"result_box\" class=\"short_text\" lang=\"en\"><span class=\"\">Vous pouvez le peindre.<\/span><\/span><\/li>\n<li>\u00c9paisseur du bois : 1\/4 po<\/li>\n<\/ul>\n<p><strong>Note:<\/strong> Assurez-vous de saisir correctement votre texte de gravure, car nous le copierons et le collerons tel quel.<\/p>\n<p><strong>Dimensions:<\/strong><\/p>\n<ul>\n<li>Dimensions: 6.25inx9.25inx1.25in (16cmx23.5cmx3cm)<\/li>\n<\/ul>\n<p>Contactez-nous! Tous nos projets sont personnalisables selon vos sp\u00e9cifications. <a href=\"mailto:info@elitegraphicdesign.com\">info@elitegraphicdesign.com<\/a><\/p>\n<\/div>\n","protected":false},"excerpt":{"rendered":"<p>Offrez un cadeau amusant et utile \u00e0 vos amis, votre famille, vos clients et plus encore\u2026.<\/p>\n","protected":false},"featured_media":25804,"comment_status":"closed","ping_status":"closed","template":"","meta":{"_acf_changed":false},"product_brand":[],"product_cat":[3841,1864],"product_tag":[1098,1094,1866,1919,1162,1095],"class_list":{"0":"post-25788","1":"product","2":"type-product","3":"status-publish","4":"has-post-thumbnail","6":"product_cat-cadeau-express","7":"product_cat-premiere-communion","8":"product_tag-bois","9":"product_tag-cadeau","10":"product_tag-communion-fr","11":"product_tag-garcon","12":"product_tag-google-fr","13":"product_tag-gravure","15":"first","16":"instock","17":"taxable","18":"shipping-taxable","19":"purchasable","20":"product-type-variable"},"acf":[],"_links":{"self":[{"href":"https:\/\/elitegraphicdesign.com\/fr\/wp-json\/wp\/v2\/product\/25788","targetHints":{"allow":["GET"]}}],"collection":[{"href":"https:\/\/elitegraphicdesign.com\/fr\/wp-json\/wp\/v2\/product"}],"about":[{"href":"https:\/\/elitegraphicdesign.com\/fr\/wp-json\/wp\/v2\/types\/product"}],"replies":[{"embeddable":true,"href":"https:\/\/elitegraphicdesign.com\/fr\/wp-json\/wp\/v2\/comments?post=25788"}],"wp:featuredmedia":[{"embeddable":true,"href":"https:\/\/elitegraphicdesign.com\/fr\/wp-json\/wp\/v2\/media\/25804"}],"wp:attachment":[{"href":"https:\/\/elitegraphicdesign.com\/fr\/wp-json\/wp\/v2\/media?parent=25788"}],"wp:term":[{"taxonomy":"product_brand","embeddable":true,"href":"https:\/\/elitegraphicdesign.com\/fr\/wp-json\/wp\/v2\/product_brand?post=25788"},{"taxonomy":"product_cat","embeddable":true,"href":"https:\/\/elitegraphicdesign.com\/fr\/wp-json\/wp\/v2\/product_cat?post=25788"},{"taxonomy":"product_tag","embeddable":true,"href":"https:\/\/elitegraphicdesign.com\/fr\/wp-json\/wp\/v2\/product_tag?post=25788"}],"curies":[{"name":"wp","href":"https:\/\/api.w.org\/{rel}","templated":true}]}}