{"id":27067,"date":"2020-10-05T19:24:20","date_gmt":"2020-10-05T19:24:20","guid":{"rendered":"https:\/\/elitegraphicdesign.com\/?post_type=product&#038;p=27067"},"modified":"2025-12-27T19:32:29","modified_gmt":"2025-12-28T00:32:29","slug":"first-holy-communion-etampe-a-biscuits","status":"publish","type":"product","link":"https:\/\/elitegraphicdesign.com\/fr\/product\/first-holy-communion-etampe-a-biscuits\/","title":{"rendered":"First Holy Communion- \u00c9tampe \u00e0 biscuits"},"content":{"rendered":"<div id=\"tab-description\" class=\"panel entry-content active\">\n<div id=\"wt-content-toggle-product-details-read-more\" class=\"wt-content-toggle__body wt-content-toggle__body--truncated-03 wt-content-toggle__body--truncated\" aria-hidden=\"false\">\n<h1>First Holy Communion- \u00c9tampe \u00e0 biscuits<\/h1>\n<h1><span style=\"font-size: 80%;\"><strong>Cookie stamp, cookie fondant embossing stamp for cupcake decorating, sugar cookies, clay &#8230;<\/strong><\/span><\/h1>\n<p>Sans danger pour les aliments : le PLA est un plastique biod\u00e9gradable.<\/p>\n<p>Embosseur pour fondant et cookies<\/p>\n<p>**La couleur du tampon peut varier en fonction des disponibilit\u00e9s.**<\/p>\n<p>Imprim\u00e9 avec un mat\u00e9riau PLA non toxique.<\/p>\n<p>Ne pas mettre au lave-vaisselle, laver uniquement \u00e0 la main.<\/p>\n<p>Peut pr\u00e9senter de l\u00e9g\u00e8res imperfections dues au processus d\u2019impression 3D.<\/p>\n<p>Besoin d\u2019une taille diff\u00e9rente de celles indiqu\u00e9es ? Envoyez-nous un e-mail !<\/p>\n<\/div>\n<p><strong>Dimensions:<\/strong><\/p>\n<ul>\n<li>Dimensions: 3.5inx3.5inx0.35in (9cmx9cmx0.6cm)<\/li>\n<li>Dimensions: 4.5inx4.5inx0.35in (11.5cmx11.5cmx0.6cm)<\/li>\n<\/ul>\n<p>Contactez-nous! Tous nos projets sont personnalisables selon vos sp\u00e9cifications. <a href=\"mailto:info@elitegraphicdesign.com\">info@elitegraphicdesign.com<\/a><\/p>\n<\/div>\n","protected":false},"excerpt":{"rendered":"<h1><span style=\"font-size: 75%;\"><strong>Cookie stamp, cookie fondant embossing stamp for cupcake decorating, sugar cookies, clay &#8230;<\/strong><\/span><\/h1>\n","protected":false},"featured_media":26989,"comment_status":"closed","ping_status":"closed","template":"","meta":{"_acf_changed":false},"product_brand":[],"product_cat":[2039],"product_tag":[1094,1162,2055,2059,2057,2054,2056],"class_list":{"0":"post-27067","1":"product","2":"type-product","3":"status-publish","4":"has-post-thumbnail","6":"product_cat-tampon-embossage-pour-biscuit","7":"product_tag-cadeau","8":"product_tag-google-fr","9":"product_tag-imprimante-3d","10":"product_tag-ma-premiere-communion","11":"product_tag-patisseries-biscuits","12":"product_tag-pla-fr","13":"product_tag-tampon","15":"first","16":"instock","17":"sale","18":"taxable","19":"shipping-taxable","20":"purchasable","21":"product-type-variable"},"acf":[],"_links":{"self":[{"href":"https:\/\/elitegraphicdesign.com\/fr\/wp-json\/wp\/v2\/product\/27067","targetHints":{"allow":["GET"]}}],"collection":[{"href":"https:\/\/elitegraphicdesign.com\/fr\/wp-json\/wp\/v2\/product"}],"about":[{"href":"https:\/\/elitegraphicdesign.com\/fr\/wp-json\/wp\/v2\/types\/product"}],"replies":[{"embeddable":true,"href":"https:\/\/elitegraphicdesign.com\/fr\/wp-json\/wp\/v2\/comments?post=27067"}],"wp:featuredmedia":[{"embeddable":true,"href":"https:\/\/elitegraphicdesign.com\/fr\/wp-json\/wp\/v2\/media\/26989"}],"wp:attachment":[{"href":"https:\/\/elitegraphicdesign.com\/fr\/wp-json\/wp\/v2\/media?parent=27067"}],"wp:term":[{"taxonomy":"product_brand","embeddable":true,"href":"https:\/\/elitegraphicdesign.com\/fr\/wp-json\/wp\/v2\/product_brand?post=27067"},{"taxonomy":"product_cat","embeddable":true,"href":"https:\/\/elitegraphicdesign.com\/fr\/wp-json\/wp\/v2\/product_cat?post=27067"},{"taxonomy":"product_tag","embeddable":true,"href":"https:\/\/elitegraphicdesign.com\/fr\/wp-json\/wp\/v2\/product_tag?post=27067"}],"curies":[{"name":"wp","href":"https:\/\/api.w.org\/{rel}","templated":true}]}}