{"id":27368,"date":"2020-10-06T20:58:38","date_gmt":"2020-10-06T20:58:38","guid":{"rendered":"https:\/\/elitegraphicdesign.com\/?post_type=product&#038;p=27368"},"modified":"2025-12-27T18:40:58","modified_gmt":"2025-12-27T23:40:58","slug":"fleur-etampe-a-biscuits-2","status":"publish","type":"product","link":"https:\/\/elitegraphicdesign.com\/fr\/product\/fleur-etampe-a-biscuits-2\/","title":{"rendered":"Fleur &#8211; \u00c9tampe \u00e0 biscuits"},"content":{"rendered":"<div id=\"tab-description\" class=\"panel entry-content active\">\n<div id=\"wt-content-toggle-product-details-read-more\" class=\"wt-content-toggle__body wt-content-toggle__body--truncated-03 wt-content-toggle__body--truncated\" aria-hidden=\"false\">\n<div class=\"wt-mb-xs-3\">\n<div class=\"wt-display-flex-xs\" data-legacy-materials-container=\"\">\n<h1>Fleur &#8211; \u00c9tampe \u00e0 biscuits<\/h1>\n<h1><strong><span style=\"font-size: 80%;\">Cookie stamp, cookie fondant embossing stamp for cupcake decorating, sugar cookies, clay &#8230;<\/span><\/strong><\/h1>\n<p class=\"wt-text-body-01 wt-break-word\" data-product-details-description-text-content=\"\"><span data-legacy-materials-text=\"\">Sans danger pour les aliments : le PLA est un plastique biod\u00e9gradable.<br \/>\n<\/span><\/p>\n<p class=\"wt-text-body-01 wt-break-word\" data-product-details-description-text-content=\"\">Embosseur pour fondant et cookies<\/p>\n<p>**La couleur du tampon peut varier en fonction des disponibilit\u00e9s.**<\/p>\n<p>Imprim\u00e9 avec un mat\u00e9riau PLA non toxique.<\/p>\n<p>Ne pas mettre au lave-vaisselle, laver uniquement \u00e0 la main.<\/p>\n<p>Peut pr\u00e9senter de l\u00e9g\u00e8res imperfections dues au processus d\u2019impression 3D.<\/p>\n<\/div>\n<\/div>\n<p>Besoin d\u2019une taille diff\u00e9rente de celles indiqu\u00e9es ? Envoyez-nous un e-mail !<\/p>\n<\/div>\n<p><strong>Dimensions:<\/strong><\/p>\n<ul>\n<li>Dimensions: 3.5inx3.5inx0.35in (9cmx9cmx0.6cm)<\/li>\n<li>Dimensions: 4.5inx4.5inx0.35in (11.5cmx11.5cmx0.6cm)<\/li>\n<\/ul>\n<p>Contactez-nous! Tous nos projets sont personnalisables selon vos sp\u00e9cifications. <a href=\"mailto:info@elitegraphicdesign.com\">info@elitegraphicdesign.com<\/a><\/p>\n<\/div>\n","protected":false},"excerpt":{"rendered":"<h1 class=\"wt-text-body-03 wt-line-height-tight wt-break-word wt-mb-xs-1\" data-listing-id=\"858839021\"><span style=\"font-size: 75%;\"><strong>Cookie stamp, cookie fondant embossing stamp for cupcake decorating, sugar cookies, clay &#8230;<\/strong><\/span><\/h1>\n","protected":false},"featured_media":27033,"comment_status":"closed","ping_status":"closed","template":"","meta":{"_acf_changed":false},"product_brand":[],"product_cat":[2039],"product_tag":[1094,1162,2055,2057,2054,2056],"class_list":{"0":"post-27368","1":"product","2":"type-product","3":"status-publish","4":"has-post-thumbnail","6":"product_cat-tampon-embossage-pour-biscuit","7":"product_tag-cadeau","8":"product_tag-google-fr","9":"product_tag-imprimante-3d","10":"product_tag-patisseries-biscuits","11":"product_tag-pla-fr","12":"product_tag-tampon","14":"first","15":"instock","16":"sale","17":"taxable","18":"shipping-taxable","19":"purchasable","20":"product-type-variable"},"acf":[],"_links":{"self":[{"href":"https:\/\/elitegraphicdesign.com\/fr\/wp-json\/wp\/v2\/product\/27368","targetHints":{"allow":["GET"]}}],"collection":[{"href":"https:\/\/elitegraphicdesign.com\/fr\/wp-json\/wp\/v2\/product"}],"about":[{"href":"https:\/\/elitegraphicdesign.com\/fr\/wp-json\/wp\/v2\/types\/product"}],"replies":[{"embeddable":true,"href":"https:\/\/elitegraphicdesign.com\/fr\/wp-json\/wp\/v2\/comments?post=27368"}],"wp:featuredmedia":[{"embeddable":true,"href":"https:\/\/elitegraphicdesign.com\/fr\/wp-json\/wp\/v2\/media\/27033"}],"wp:attachment":[{"href":"https:\/\/elitegraphicdesign.com\/fr\/wp-json\/wp\/v2\/media?parent=27368"}],"wp:term":[{"taxonomy":"product_brand","embeddable":true,"href":"https:\/\/elitegraphicdesign.com\/fr\/wp-json\/wp\/v2\/product_brand?post=27368"},{"taxonomy":"product_cat","embeddable":true,"href":"https:\/\/elitegraphicdesign.com\/fr\/wp-json\/wp\/v2\/product_cat?post=27368"},{"taxonomy":"product_tag","embeddable":true,"href":"https:\/\/elitegraphicdesign.com\/fr\/wp-json\/wp\/v2\/product_tag?post=27368"}],"curies":[{"name":"wp","href":"https:\/\/api.w.org\/{rel}","templated":true}]}}