{"id":27508,"date":"2020-10-09T20:23:10","date_gmt":"2020-10-09T20:23:10","guid":{"rendered":"https:\/\/elitegraphicdesign.com\/?post_type=product&#038;p=27508"},"modified":"2025-12-27T18:29:03","modified_gmt":"2025-12-27T23:29:03","slug":"pochoir-a-cafe-cedre","status":"publish","type":"product","link":"https:\/\/elitegraphicdesign.com\/fr\/product\/pochoir-a-cafe-cedre\/","title":{"rendered":"Pochoir \u00e0 caf\u00e9 &#8211; C\u00e8dre"},"content":{"rendered":"<div>\n<div data-id=\"description-text\">\n<div id=\"wt-content-toggle-product-details-read-more\" class=\"wt-content-toggle__body wt-content-toggle__body--truncated-03 wt-content-toggle__body--truncated\" aria-hidden=\"false\">\n<h1>Pochoir \u00e0 caf\u00e9 &#8211; C\u00e8dre<\/h1>\n<h1><span style=\"font-size: 80%;\"><strong>Il est id\u00e9al pour \u00eatre utilis\u00e9 comme pochoir pour la d\u00e9coration de g\u00e2teaux ainsi que comme pochoir pour le caf\u00e9 ou le latte.<\/strong><\/span><\/h1>\n<p>Fabriqu\u00e9 en bioplastique PLA, s\u00fbr pour les aliments et respectueux de l\u2019environnement.<\/p>\n<p>Fabriqu\u00e9 en plastique PLA solide, non toxique et r\u00e9utilisable.<\/p>\n<p>Laver \u00e0 la main avec du savon et de l\u2019eau ti\u00e8de pour nettoyer. Ne pas mettre au lave-vaisselle. <\/p>\n<\/div>\n<\/div>\n<\/div>\n<div id=\"tab-description\" class=\"panel entry-content active\">\n<div id=\"wt-content-toggle-product-details-read-more\" class=\"wt-content-toggle__body wt-content-toggle__body--truncated-03 wt-content-toggle__body--truncated\" aria-hidden=\"false\">\n<div class=\"wt-mb-xs-3\">\n<div class=\"wt-display-flex-xs\" data-legacy-materials-container=\"\">\n<p>* Peut pr\u00e9senter de l\u00e9g\u00e8res imperfections dues au processus d\u2019impression 3D.*<br \/>\n** Veuillez noter que la couleur du tampon peut varier selon la disponibilit\u00e9. **<\/p>\n<\/div>\n<\/div>\n<p>Vous cherchez une autre taille ou un autre design ? Contactez-nous par courriel ! <\/p>\n<p><strong>Ces pochoirs sont \u00e9galement id\u00e9aux pour la cr\u00e9ation de logos et d\u2019artisanat, tels que :<\/strong><br \/>\nBiscuits, d\u00e9coration de g\u00e2teaux, caf\u00e9, cocktails, peinture sur visage, artisanat et loisirs cr\u00e9atifs, scrapbooking et papier, d\u00e9corations de No\u00ebl, sachets cadeaux, toile de jute, panneaux en bois, peinture sur toile, tout projet DIY !<\/p>\n<\/div>\n<p><strong>Dimensions approximatives :<\/strong><\/p>\n<ul>\n<li>Diam\u00e8tre du pochoir : 3,9 pouces (10 cm)<\/li>\n<li>\u00c9paisseur du pochoir : 0,06 pouces (1,5 mm)<\/li>\n<li>Poign\u00e9e du pochoir : 0,65 pouce (1,7 cm)<\/li>\n<\/ul>\n<p><a href=\"https:\/\/elitegraphicdesign.com\/wp-content\/uploads\/2020\/10\/Vector-Design.jpg\"><img decoding=\"async\" class=\"alignnone wp-image-27502\" src=\"https:\/\/elitegraphicdesign.com\/wp-content\/uploads\/2020\/10\/Vector-Design.jpg\" alt=\"\" width=\"342\" height=\"396\" title=\"\" srcset=\"https:\/\/elitegraphicdesign.com\/wp-content\/uploads\/2020\/10\/Vector-Design.jpg 1634w, https:\/\/elitegraphicdesign.com\/wp-content\/uploads\/2020\/10\/Vector-Design-259x300.jpg 259w, https:\/\/elitegraphicdesign.com\/wp-content\/uploads\/2020\/10\/Vector-Design-883x1024.jpg 883w, https:\/\/elitegraphicdesign.com\/wp-content\/uploads\/2020\/10\/Vector-Design-768x890.jpg 768w, https:\/\/elitegraphicdesign.com\/wp-content\/uploads\/2020\/10\/Vector-Design-1325x1536.jpg 1325w, https:\/\/elitegraphicdesign.com\/wp-content\/uploads\/2020\/10\/Vector-Design-510x591.jpg 510w\" sizes=\"(max-width: 342px) 100vw, 342px\" \/><\/a><\/p>\n<p>Contactez-nous! Tous nos projets sont personnalisables selon vos sp\u00e9cifications. <a href=\"mailto:info@elitegraphicdesign.com\">info@elitegraphicdesign.com<\/a><\/p>\n<\/div>\n","protected":false},"excerpt":{"rendered":"<h1 class=\"wt-text-body-03 wt-line-height-tight wt-break-word wt-mb-xs-1\" data-listing-id=\"858839021\"><span style=\"font-size: 75%;\"><strong>Il est id\u00e9al pour \u00eatre utilis\u00e9 comme pochoir pour la d\u00e9coration de g\u00e2teaux ainsi que comme pochoir pour le caf\u00e9 ou le latte.<\/strong><\/span><\/h1>\n","protected":false},"featured_media":27428,"comment_status":"closed","ping_status":"closed","template":"","meta":{"_acf_changed":false},"product_brand":[],"product_cat":[2063],"product_tag":[1094,2067,2055,2057,2054,2068,2069],"class_list":{"0":"post-27508","1":"product","2":"type-product","3":"status-publish","4":"has-post-thumbnail","6":"product_cat-pochoir-a-cafe","7":"product_tag-cadeau","8":"product_tag-cafe","9":"product_tag-imprimante-3d","10":"product_tag-patisseries-biscuits","11":"product_tag-pla-fr","12":"product_tag-pochoir","13":"product_tag-tattoo-fr","15":"first","16":"instock","17":"sale","18":"taxable","19":"shipping-taxable","20":"purchasable","21":"product-type-variable"},"acf":[],"_links":{"self":[{"href":"https:\/\/elitegraphicdesign.com\/fr\/wp-json\/wp\/v2\/product\/27508","targetHints":{"allow":["GET"]}}],"collection":[{"href":"https:\/\/elitegraphicdesign.com\/fr\/wp-json\/wp\/v2\/product"}],"about":[{"href":"https:\/\/elitegraphicdesign.com\/fr\/wp-json\/wp\/v2\/types\/product"}],"replies":[{"embeddable":true,"href":"https:\/\/elitegraphicdesign.com\/fr\/wp-json\/wp\/v2\/comments?post=27508"}],"wp:featuredmedia":[{"embeddable":true,"href":"https:\/\/elitegraphicdesign.com\/fr\/wp-json\/wp\/v2\/media\/27428"}],"wp:attachment":[{"href":"https:\/\/elitegraphicdesign.com\/fr\/wp-json\/wp\/v2\/media?parent=27508"}],"wp:term":[{"taxonomy":"product_brand","embeddable":true,"href":"https:\/\/elitegraphicdesign.com\/fr\/wp-json\/wp\/v2\/product_brand?post=27508"},{"taxonomy":"product_cat","embeddable":true,"href":"https:\/\/elitegraphicdesign.com\/fr\/wp-json\/wp\/v2\/product_cat?post=27508"},{"taxonomy":"product_tag","embeddable":true,"href":"https:\/\/elitegraphicdesign.com\/fr\/wp-json\/wp\/v2\/product_tag?post=27508"}],"curies":[{"name":"wp","href":"https:\/\/api.w.org\/{rel}","templated":true}]}}