{"id":27864,"date":"2020-11-04T21:36:32","date_gmt":"2020-11-04T21:36:32","guid":{"rendered":"https:\/\/elitegraphicdesign.com\/?post_type=product&#038;p=27864"},"modified":"2025-12-13T15:46:38","modified_gmt":"2025-12-13T20:46:38","slug":"boite-a-vin-pour-1bouteille-et-2-verres","status":"publish","type":"product","link":"https:\/\/elitegraphicdesign.com\/fr\/product\/boite-a-vin-pour-1bouteille-et-2-verres\/","title":{"rendered":"Bo\u00eete \u00e0 Vin &#8211; pour 1Bouteille et 2 Verres"},"content":{"rendered":"<p>Choisissez des coffrets \u00e0 vin personnalisables dans une gamme de styles pour les amateurs de vin ou pour les cadeaux de mariage et d&rsquo;anniversaire. Nos caisses \u00e0 vin en bois personnalis\u00e9es comprennent des mod\u00e8les pouvant contenir des bouteilles, des verres ou des outils dans des mod\u00e8les coulissants et relevables dans une vari\u00e9t\u00e9 de finitions attrayantes. Notre processus de gravure au laser de qualit\u00e9 sup\u00e9rieure garantit que votre cadeau personnalis\u00e9 en bo\u00eete \u00e0 vin sera d\u00e9cor\u00e9 de caract\u00e8res et d&rsquo;images nets et clairs qui dureront toute une vie.<\/p>\n<p><strong><span style=\"font-size: 110%;\">Description:<\/span><\/strong><\/p>\n<ul>\n<li><span id=\"result_box\" class=\"short_text\" lang=\"en\"><span class=\"\">Cadeau exceptionnel<\/span><\/span><\/li>\n<li>Position verticale de la bouteille<\/li>\n<li>Article fait main<\/li>\n<li>Nouveau style<\/li>\n<li>Nous utilisons des caisses 100 % en bois v\u00e9ritable.<\/li>\n<li>Le grain ou la couleur peuvent appara\u00eetre l\u00e9g\u00e8rement diff\u00e9rents dans chaque bo\u00eete.<\/li>\n<li>Bo\u00eete de d\u00e9coupe et gravure laser<strong><br \/>\n<\/strong><\/li>\n<li>Bouteille de vin et verres non inclus<\/li>\n<li>La livraison n&rsquo;est pas incluse dans le prix<\/li>\n<li><span id=\"result_box\" class=\"short_text\" lang=\"en\"><span class=\"\">Assemblage facile<\/span><\/span><\/li>\n<li>Couleur du bois disponible<\/li>\n<\/ul>\n<p><a href=\"https:\/\/elitegraphicdesign.com\/wp-content\/uploads\/2020\/11\/Wood-Color-Wine.jpg\"><img decoding=\"async\" class=\"wp-image-27867 alignnone\" src=\"https:\/\/elitegraphicdesign.com\/wp-content\/uploads\/2020\/11\/Wood-Color-Wine.jpg\" alt=\"\" width=\"380\" height=\"162\" title=\"\"><\/a><\/p>\n<p><span style=\"font-size: 110%;\"><strong>Dimensions ext\u00e9rieures :<\/strong><\/span><\/p>\n<ul>\n<li>4,25 \u00d7 14,8 \u00d7 4,5 pouces (108 \u00d7 376 \u00d7 114 mm).<br \/>Convient aux bouteilles jusqu\u2019\u00e0 57 mm de diam\u00e8tre ainsi qu\u2019aux verres de 57 mm de diam\u00e8tre et 158 mm de hauteur.<\/li>\n<\/ul>\n<p><span style=\"font-size: 110%;\"><strong>\u00c9paisseur de mat\u00e9riau:<\/strong><\/span><\/p>\n<ul>\n<li>3,2 mm (1\/8 inch)<\/li>\n<\/ul>\n<p>Besoin d&rsquo;une taille ou d&rsquo;une quantit\u00e9 diff\u00e9rente ? Contactez-nous! Tous nos projets sont personnalisables selon vos sp\u00e9cifications.  <a href=\"mailto:info@elitegraphicdesign.com\">info@elitegraphicdesign.com<\/a><\/p>\n","protected":false},"excerpt":{"rendered":"<p>Offrez un cadeau amusant et utile \u00e0 vos amis, votre famille, vos clients et plus encore&#8230;.<\/p>\n","protected":false},"featured_media":27872,"comment_status":"closed","ping_status":"closed","template":"","meta":{"_acf_changed":false},"product_brand":[],"product_cat":[1089,3841],"product_tag":[1098,1091,1094,1092,1093,1095,1096,1097],"class_list":{"0":"post-27864","1":"product","2":"type-product","3":"status-publish","4":"has-post-thumbnail","6":"product_cat-boite-vin-elegante","7":"product_cat-cadeau-express","8":"product_tag-bois","9":"product_tag-boite","10":"product_tag-cadeau","11":"product_tag-couper","12":"product_tag-elegante","13":"product_tag-gravure","14":"product_tag-laser-fr","15":"product_tag-vin","17":"first","18":"instock","19":"sale","20":"taxable","21":"shipping-taxable","22":"purchasable","23":"product-type-variable"},"acf":[],"_links":{"self":[{"href":"https:\/\/elitegraphicdesign.com\/fr\/wp-json\/wp\/v2\/product\/27864","targetHints":{"allow":["GET"]}}],"collection":[{"href":"https:\/\/elitegraphicdesign.com\/fr\/wp-json\/wp\/v2\/product"}],"about":[{"href":"https:\/\/elitegraphicdesign.com\/fr\/wp-json\/wp\/v2\/types\/product"}],"replies":[{"embeddable":true,"href":"https:\/\/elitegraphicdesign.com\/fr\/wp-json\/wp\/v2\/comments?post=27864"}],"wp:featuredmedia":[{"embeddable":true,"href":"https:\/\/elitegraphicdesign.com\/fr\/wp-json\/wp\/v2\/media\/27872"}],"wp:attachment":[{"href":"https:\/\/elitegraphicdesign.com\/fr\/wp-json\/wp\/v2\/media?parent=27864"}],"wp:term":[{"taxonomy":"product_brand","embeddable":true,"href":"https:\/\/elitegraphicdesign.com\/fr\/wp-json\/wp\/v2\/product_brand?post=27864"},{"taxonomy":"product_cat","embeddable":true,"href":"https:\/\/elitegraphicdesign.com\/fr\/wp-json\/wp\/v2\/product_cat?post=27864"},{"taxonomy":"product_tag","embeddable":true,"href":"https:\/\/elitegraphicdesign.com\/fr\/wp-json\/wp\/v2\/product_tag?post=27864"}],"curies":[{"name":"wp","href":"https:\/\/api.w.org\/{rel}","templated":true}]}}