{"id":28063,"date":"2020-12-05T19:24:04","date_gmt":"2020-12-05T19:24:04","guid":{"rendered":"https:\/\/elitegraphicdesign.com\/?post_type=product&#038;p=28063"},"modified":"2025-12-14T19:28:55","modified_gmt":"2025-12-15T00:28:55","slug":"ornements-de-noel-personnalises-chats","status":"publish","type":"product","link":"https:\/\/elitegraphicdesign.com\/fr\/product\/ornements-de-noel-personnalises-chats\/","title":{"rendered":"Ornements de No\u00ebl personnalis\u00e9s Chats"},"content":{"rendered":"<h1 class=\" normal break-word mb-xs-2\" data-buy-box-listing-title=\"\" data-listing-id=\"734553980\">D\u00e9cor personnalis\u00e9 d\u2019arbre de No\u00ebl, ornement de No\u00ebl personnalis\u00e9, formes personnalis\u00e9es, ornement de vacances avec nom, d\u00e9cor de No\u00ebl en bois, d\u00e9cor de No\u00ebl<\/h1>\n<p>&#8211; En Bois 100%<\/p>\n<p>&#8211; Trou pour un cordon de suspension<\/p>\n<p>&#8211; <strong>1 Couche<\/strong> 1\/8in (3 mm) d&rsquo;\u00e9paisseur<\/p>\n<p>&#8211; D\u00e9coup\u00e9 avec un laser de haute qualit\u00e9<\/p>\n<p>&#8211; Nous proposons diff\u00e9rents mod\u00e8les de boules de sapin de No\u00ebl, d\u00e9coration de sapin de No\u00ebl, d\u00e9coration de No\u00ebl, d\u00e9coration de sapin, d\u00e9corations de sapin, d\u00e9coration \u00e0 suspendre,<\/p>\n<ul>\n<li><span id=\"result_box\" class=\"short_text\" lang=\"en\"><span class=\"\">Cadeau exceptionnel<\/span><\/span><\/li>\n<li>Article fait main<\/li>\n<li>Nouveau style<\/li>\n<li>Nous utilisons 100 % de bois v\u00e9ritable. Le grainage peut appara\u00eetre l\u00e9g\u00e8rement diff\u00e9rent dans chaque bo\u00eete.<\/li>\n<li>Bo\u00eete de d\u00e9coupe et gravure laser<\/li>\n<li>La livraison n&rsquo;est pas incluse dans le prix<\/li>\n<\/ul>\n<p><span style=\"font-size: 110%;\"><strong>Dimensions:<\/strong><\/span><\/p>\n<ul>\n<li>LACATBAL001: 3.75inx4.25in (95x107mm)<\/li>\n<li>LACATBAL002: 3.75inx4.25in (95x107mm)<\/li>\n<li>LACATBAL003 : 3.75inx3.7in (95x90mm)<\/li>\n<li>LACATBAL004 : 3.75inx3.7in (95x90mm)<\/li>\n<\/ul>\n<p><span style=\"font-size: 110%;\"><strong>\u00c9paisseur de mat\u00e9riau:<\/strong><\/span><\/p>\n<ul>\n<li>3 mm (1\/8 inch) Couche<\/li>\n<\/ul>\n<p><strong>Couleurs Disponible:<\/strong><\/p>\n<p><a href=\"https:\/\/elitegraphicdesign.com\/wp-content\/uploads\/2019\/11\/Color-Wood1.jpg\"><img decoding=\"async\" class=\"aligncenter size-full wp-image-23123\" src=\"https:\/\/elitegraphicdesign.com\/wp-content\/uploads\/2019\/11\/Color-Wood1.jpg\" alt=\"\" width=\"900\" height=\"116\" title=\"\" srcset=\"https:\/\/elitegraphicdesign.com\/wp-content\/uploads\/2019\/11\/Color-Wood1.jpg 900w, https:\/\/elitegraphicdesign.com\/wp-content\/uploads\/2019\/11\/Color-Wood1-300x39.jpg 300w, https:\/\/elitegraphicdesign.com\/wp-content\/uploads\/2019\/11\/Color-Wood1-768x99.jpg 768w, https:\/\/elitegraphicdesign.com\/wp-content\/uploads\/2019\/11\/Color-Wood1-510x66.jpg 510w\" sizes=\"(max-width: 900px) 100vw, 900px\" \/><\/a><\/p>\n<p><span style=\"font-size: 110%;\"><strong>Police de caract\u00e8re:<\/strong><\/span><\/p>\n<p><a href=\"https:\/\/elitegraphicdesign.com\/wp-content\/uploads\/2019\/12\/FONTS.jpg\"><img decoding=\"async\" class=\"aligncenter size-full wp-image-23330\" src=\"https:\/\/elitegraphicdesign.com\/wp-content\/uploads\/2019\/12\/FONTS.jpg\" alt=\"\" width=\"800\" height=\"800\" title=\"\" srcset=\"https:\/\/elitegraphicdesign.com\/wp-content\/uploads\/2019\/12\/FONTS.jpg 800w, https:\/\/elitegraphicdesign.com\/wp-content\/uploads\/2019\/12\/FONTS-300x300.jpg 300w, https:\/\/elitegraphicdesign.com\/wp-content\/uploads\/2019\/12\/FONTS-150x150.jpg 150w, https:\/\/elitegraphicdesign.com\/wp-content\/uploads\/2019\/12\/FONTS-768x768.jpg 768w, https:\/\/elitegraphicdesign.com\/wp-content\/uploads\/2019\/12\/FONTS-247x247.jpg 247w, https:\/\/elitegraphicdesign.com\/wp-content\/uploads\/2019\/12\/FONTS-510x510.jpg 510w, https:\/\/elitegraphicdesign.com\/wp-content\/uploads\/2019\/12\/FONTS-100x100.jpg 100w\" sizes=\"(max-width: 800px) 100vw, 800px\" \/><\/a><\/p>\n<p>Besoin d&rsquo;une taille ou d&rsquo;une quantit\u00e9 diff\u00e9rente ? Contactez-nous! Tous nos projets sont personnalisables selon vos sp\u00e9cifications.  <a href=\"mailto:info@elitegraphicdesign.com\">info@elitegraphicdesign.com<\/a><\/p>\n","protected":false},"excerpt":{"rendered":"<p>Offrez un cadeau amusant et utile \u00e0 vos amis, votre famille, vos clients et plus encore&#8230;.<\/p>\n","protected":false},"featured_media":28080,"comment_status":"open","ping_status":"closed","template":"","meta":{"_acf_changed":false},"product_brand":[],"product_cat":[2893,3841],"product_tag":[1098,1434,2913,2912],"class_list":{"0":"post-28063","1":"product","2":"type-product","3":"status-publish","4":"has-post-thumbnail","6":"product_cat-ornement-de-noel","7":"product_cat-cadeau-express","8":"product_tag-bois","9":"product_tag-noel","10":"product_tag-ornements","11":"product_tag-sapin","13":"first","14":"instock","15":"sale","16":"taxable","17":"shipping-taxable","18":"purchasable","19":"product-type-variable"},"acf":[],"_links":{"self":[{"href":"https:\/\/elitegraphicdesign.com\/fr\/wp-json\/wp\/v2\/product\/28063","targetHints":{"allow":["GET"]}}],"collection":[{"href":"https:\/\/elitegraphicdesign.com\/fr\/wp-json\/wp\/v2\/product"}],"about":[{"href":"https:\/\/elitegraphicdesign.com\/fr\/wp-json\/wp\/v2\/types\/product"}],"replies":[{"embeddable":true,"href":"https:\/\/elitegraphicdesign.com\/fr\/wp-json\/wp\/v2\/comments?post=28063"}],"wp:featuredmedia":[{"embeddable":true,"href":"https:\/\/elitegraphicdesign.com\/fr\/wp-json\/wp\/v2\/media\/28080"}],"wp:attachment":[{"href":"https:\/\/elitegraphicdesign.com\/fr\/wp-json\/wp\/v2\/media?parent=28063"}],"wp:term":[{"taxonomy":"product_brand","embeddable":true,"href":"https:\/\/elitegraphicdesign.com\/fr\/wp-json\/wp\/v2\/product_brand?post=28063"},{"taxonomy":"product_cat","embeddable":true,"href":"https:\/\/elitegraphicdesign.com\/fr\/wp-json\/wp\/v2\/product_cat?post=28063"},{"taxonomy":"product_tag","embeddable":true,"href":"https:\/\/elitegraphicdesign.com\/fr\/wp-json\/wp\/v2\/product_tag?post=28063"}],"curies":[{"name":"wp","href":"https:\/\/api.w.org\/{rel}","templated":true}]}}