{"id":28210,"date":"2020-12-19T22:17:54","date_gmt":"2020-12-19T22:17:54","guid":{"rendered":"https:\/\/elitegraphicdesign.com\/?post_type=product&#038;p=28210"},"modified":"2025-12-21T10:49:26","modified_gmt":"2025-12-21T15:49:26","slug":"applicateur-de-ruban","status":"publish","type":"product","link":"https:\/\/elitegraphicdesign.com\/fr\/product\/applicateur-de-ruban\/","title":{"rendered":"Applicateur de Ruban en Bois"},"content":{"rendered":"<p>Outil pratique \u00e0 axe unique qui se fixe \u00e0 l\u2019extr\u00e9mit\u00e9 de n\u2019importe quelle table, permettant \u00e0 une seule personne d\u2019appliquer facilement du ruban de transfert trop grand pour \u00eatre manipul\u00e9 sans assistant. 100% bois. Table non incluse.<\/p>\n<p><strong><span style=\"font-size: 110%;\">Description:<\/span><\/strong><\/p>\n<ul>\n<li>Nouveau style<\/li>\n<li>Nous utilisons 100 % de bois v\u00e9ritable.<\/li>\n<li>Le grain ou la couleur peuvent appara\u00eetre l\u00e9g\u00e8rement diff\u00e9rents dans chaque bo\u00eete.<\/li>\n<li>Bo\u00eete de d\u00e9coupe et gravure laser<\/li>\n<li>La livraison n&rsquo;est pas incluse dans le prix<\/li>\n<li>Couleur du bois disponible<\/li>\n<\/ul>\n<p><a href=\"https:\/\/elitegraphicdesign.com\/wp-content\/uploads\/2020\/11\/Wood-Color-Wine.jpg\"><img decoding=\"async\" class=\"wp-image-27867 alignnone\" src=\"https:\/\/elitegraphicdesign.com\/wp-content\/uploads\/2020\/11\/Wood-Color-Wine.jpg\" alt=\"\" width=\"380\" height=\"162\" title=\"\"><\/a><\/p>\n<p><span style=\"font-size: 110%;\"><strong>Dimensions ext\u00e9rieures :<\/strong><\/span><\/p>\n<ul>\n<li>19 \u00d7 9 \u00d7 9 pouces (482 \u00d7 228 \u00d7 228 mm) (pour rouleau de ruban jusqu\u2019\u00e0 18 pouces [457 mm] maximum)<\/li>\n<li>9,5 \u00d7 9 \u00d7 9 pouces (240 \u00d7 228 \u00d7 228 mm) (pour rouleau de ruban jusqu\u2019\u00e0 8 pouces [203 mm] maximum)<\/li>\n<\/ul>\n<p><span style=\"font-size: 110%;\"><strong>\u00c9paisseur de mat\u00e9riau:<\/strong><\/span><\/p>\n<ul>\n<li>6 mm (1\/4 inch)<\/li>\n<\/ul>\n<p>Besoin d&rsquo;une taille ou d&rsquo;une quantit\u00e9 diff\u00e9rente ? Contactez-nous! Tous nos projets sont personnalisables selon vos sp\u00e9cifications.  <a href=\"mailto:info@elitegraphicdesign.com\">info@elitegraphicdesign.com<\/a><\/p>\n","protected":false},"excerpt":{"rendered":"<p>Handy, single shaft tape tool clamps to the end of any table&#8230;<\/p>\n","protected":false},"featured_media":28204,"comment_status":"open","ping_status":"closed","template":"","meta":{"_acf_changed":false},"product_brand":[],"product_cat":[3841,2211],"product_tag":[2212,1098],"class_list":{"0":"post-28210","1":"product","2":"type-product","3":"status-publish","4":"has-post-thumbnail","6":"product_cat-cadeau-express","7":"product_cat-outils-en-bois","8":"product_tag-applicateur-de-ruban-en-bois","9":"product_tag-bois","11":"first","12":"instock","13":"sale","14":"taxable","15":"shipping-taxable","16":"purchasable","17":"product-type-variable"},"acf":[],"_links":{"self":[{"href":"https:\/\/elitegraphicdesign.com\/fr\/wp-json\/wp\/v2\/product\/28210","targetHints":{"allow":["GET"]}}],"collection":[{"href":"https:\/\/elitegraphicdesign.com\/fr\/wp-json\/wp\/v2\/product"}],"about":[{"href":"https:\/\/elitegraphicdesign.com\/fr\/wp-json\/wp\/v2\/types\/product"}],"replies":[{"embeddable":true,"href":"https:\/\/elitegraphicdesign.com\/fr\/wp-json\/wp\/v2\/comments?post=28210"}],"wp:featuredmedia":[{"embeddable":true,"href":"https:\/\/elitegraphicdesign.com\/fr\/wp-json\/wp\/v2\/media\/28204"}],"wp:attachment":[{"href":"https:\/\/elitegraphicdesign.com\/fr\/wp-json\/wp\/v2\/media?parent=28210"}],"wp:term":[{"taxonomy":"product_brand","embeddable":true,"href":"https:\/\/elitegraphicdesign.com\/fr\/wp-json\/wp\/v2\/product_brand?post=28210"},{"taxonomy":"product_cat","embeddable":true,"href":"https:\/\/elitegraphicdesign.com\/fr\/wp-json\/wp\/v2\/product_cat?post=28210"},{"taxonomy":"product_tag","embeddable":true,"href":"https:\/\/elitegraphicdesign.com\/fr\/wp-json\/wp\/v2\/product_tag?post=28210"}],"curies":[{"name":"wp","href":"https:\/\/api.w.org\/{rel}","templated":true}]}}