{"id":28530,"date":"2021-01-12T21:52:41","date_gmt":"2021-01-12T21:52:41","guid":{"rendered":"https:\/\/elitegraphicdesign.com\/?post_type=product&#038;p=28530"},"modified":"2025-12-27T16:40:08","modified_gmt":"2025-12-27T21:40:08","slug":"lampe-led-3d-personnalisees-en-acrylique-happy-birthday","status":"publish","type":"product","link":"https:\/\/elitegraphicdesign.com\/fr\/product\/lampe-led-3d-personnalisees-en-acrylique-happy-birthday\/","title":{"rendered":"Lampe LED 3D Personnalis\u00e9es en Acrylique &#8211; Happy Birthday"},"content":{"rendered":"<h1>Lampe LED 3D Personnalis\u00e9es en Acrylique &#8211; Happy Birthday<\/h1>\n<p><strong>Nos produits sont fabriqu\u00e9s \u00e0 partir de mat\u00e9riaux de la plus haute qualit\u00e9.<\/strong><\/p>\n<p><strong><span style=\"font-size: 110%;\">Description:<\/span><\/strong><\/p>\n<ul>\n<li>Comprend une bande LED \u00e9conome en \u00e9nergie (\u00e9conomie d&rsquo;\u00e9nergie)<\/li>\n<li>Appuyez sur le bouton pour \u00e9teindre, allumer et modifier la visibilit\u00e9 des couleurs.<\/li>\n<li><strong>RGB Multi-Couleur<br \/>\n<\/strong><\/li>\n<li>Agr\u00e9able \u00e0 avoir \u00e0 la maison ou au bureau<\/li>\n<li>Cadeau extraordinaire pour vos amoureux<\/li>\n<li>Article fait main<\/li>\n<li>Nouveau style<\/li>\n<li>D\u00e9coupe et gravure au laser<strong><br \/>\n<\/strong><\/li>\n<li>Acrylique 1\/8in<\/li>\n<li>Batterie non incluse<\/li>\n<li>Connexion USB (en option).<\/li>\n<li>T\u00e9l\u00e9commande (en option).<\/li>\n<li>Couleur tactile<\/li>\n<\/ul>\n<p><span style=\"font-size: 110%;\"><strong>Dimensions:<\/strong><\/span><\/p>\n<ul>\n<li>6in\u00d79in (152&#215;228 mm)<\/li>\n<\/ul>\n<p><span style=\"font-size: 110%;\"><strong>\u00c9paisseur de l&rsquo;acrylique :<\/strong><\/span><\/p>\n<ul>\n<li>1\/8 inch (3,2 mm)<\/li>\n<\/ul>\n<p>Besoin d&rsquo;une taille ou d&rsquo;une quantit\u00e9 diff\u00e9rente ? Contactez-nous! Tous nos projets sont personnalisables selon vos sp\u00e9cifications.  <a href=\"mailto:info@elitegraphicdesign.com\">info@elitegraphicdesign.com<\/a><\/p>\n","protected":false},"excerpt":{"rendered":"<p>Lampe de table LED 3D Illusion Night Lights en Acrylique &#8211; 3D Arts D\u00e9coup\u00e9 au laser..<\/p>\n","protected":false},"featured_media":28338,"comment_status":"open","ping_status":"closed","template":"","meta":{"_acf_changed":false},"product_brand":[],"product_cat":[3841,2233],"product_tag":[2246,1094,1092,1095,2235,1096,2236,2234],"class_list":{"0":"post-28530","1":"product","2":"type-product","3":"status-publish","4":"has-post-thumbnail","6":"product_cat-cadeau-express","7":"product_cat-lampe-led-3d","8":"product_tag-ballon","9":"product_tag-cadeau","10":"product_tag-couper","11":"product_tag-gravure","12":"product_tag-lampe","13":"product_tag-laser-fr","14":"product_tag-led-fr","15":"product_tag-lumiere","17":"first","18":"instock","19":"sale","20":"taxable","21":"shipping-taxable","22":"purchasable","23":"product-type-variable"},"acf":[],"_links":{"self":[{"href":"https:\/\/elitegraphicdesign.com\/fr\/wp-json\/wp\/v2\/product\/28530","targetHints":{"allow":["GET"]}}],"collection":[{"href":"https:\/\/elitegraphicdesign.com\/fr\/wp-json\/wp\/v2\/product"}],"about":[{"href":"https:\/\/elitegraphicdesign.com\/fr\/wp-json\/wp\/v2\/types\/product"}],"replies":[{"embeddable":true,"href":"https:\/\/elitegraphicdesign.com\/fr\/wp-json\/wp\/v2\/comments?post=28530"}],"wp:featuredmedia":[{"embeddable":true,"href":"https:\/\/elitegraphicdesign.com\/fr\/wp-json\/wp\/v2\/media\/28338"}],"wp:attachment":[{"href":"https:\/\/elitegraphicdesign.com\/fr\/wp-json\/wp\/v2\/media?parent=28530"}],"wp:term":[{"taxonomy":"product_brand","embeddable":true,"href":"https:\/\/elitegraphicdesign.com\/fr\/wp-json\/wp\/v2\/product_brand?post=28530"},{"taxonomy":"product_cat","embeddable":true,"href":"https:\/\/elitegraphicdesign.com\/fr\/wp-json\/wp\/v2\/product_cat?post=28530"},{"taxonomy":"product_tag","embeddable":true,"href":"https:\/\/elitegraphicdesign.com\/fr\/wp-json\/wp\/v2\/product_tag?post=28530"}],"curies":[{"name":"wp","href":"https:\/\/api.w.org\/{rel}","templated":true}]}}