{"id":29177,"date":"2021-02-22T01:58:19","date_gmt":"2021-02-22T01:58:19","guid":{"rendered":"https:\/\/elitegraphicdesign.com\/?post_type=product&#038;p=29177"},"modified":"2025-12-27T15:00:49","modified_gmt":"2025-12-27T20:00:49","slug":"pochoirs-pour-biscuits-et-patisseries-2","status":"publish","type":"product","link":"https:\/\/elitegraphicdesign.com\/fr\/product\/pochoirs-pour-biscuits-et-patisseries-2\/","title":{"rendered":"Pochoirs \u00e0 Biscuits et P\u00e2tisseries"},"content":{"rendered":"<div>\n<div data-id=\"description-text\">\n<div id=\"wt-content-toggle-product-details-read-more\" class=\"wt-content-toggle__body wt-content-toggle__body--truncated-03 wt-content-toggle__body--truncated\" aria-hidden=\"false\">\n<h1><span style=\"font-size: 75%;\"><strong>Pochoirs \u00e0 Biscuits et P\u00e2tisseries<\/strong><\/span><\/h1>\n<ul class=\"a-unordered-list a-vertical a-spacing-mini\">\n<li><span class=\"a-list-item\"><strong>Vari\u00e9t\u00e9 d\u2019utilisations :<\/strong> diff\u00e9rentes formes pour r\u00e9pondre \u00e0 vos besoins en d\u00e9coration de biscuits et g\u00e2teaux. Vous pouvez utiliser les pochoirs de cuisson comme jouet ou outil pour cr\u00e9er des \u0153uvres artistiques. <\/span><\/li>\n<li><span class=\"a-list-item\"> D\u00e9tails des tailles : chaque pochoir \u00e0 biscuits mesure environ\u2026 Taille : 14 x 14 cm (5,5 x 5,5 in), \u00e9paisseur approximative : \u2026 \u00c9paisseur : 0,2 mm. Veuillez v\u00e9rifier attentivement les dimensions avant l\u2019achat pour \u00e9viter tout probl\u00e8me d\u2019inad\u00e9quation. <\/span><\/li>\n<li><span class=\"a-list-item\"> <strong>Mat\u00e9riau durable : <\/strong>ces pochoirs de p\u00e2tisserie sont fabriqu\u00e9s en plastique PETG transparent, r\u00e9sistant, vous permettant de les utiliser longtemps et de r\u00e9aliser de beaux g\u00e2teaux ou autres desserts. <\/span><\/li>\n<li><span class=\"a-list-item\"> <strong>Facile \u00e0 nettoyer <\/strong>: La surface du pochoir est lisse et facile \u00e0 nettoyer. Il peut \u00eatre lav\u00e9 directement \u00e0 l\u2019eau et s\u00e8che rapidement. Vous pouvez r\u00e9utiliser ces pochoirs \u00e0 g\u00e2teaux, pour une utilisation pratique et confortable. \u00c0 la r\u00e9ception de vos pochoirs pour biscuits, veuillez les laver avec du d\u00e9tergent et les s\u00e9cher avant de les utiliser. <\/span><\/li>\n<li><span class=\"a-list-item\"> Applications vari\u00e9es : Convient \u00e0 tous types de projets DIY, id\u00e9al pour r\u00e9aliser des desserts tels que g\u00e2teaux, biscuits, cookies, fondant, chocolat, tartes, etc. C\u2019est un excellent choix pour la pulv\u00e9risation, le gla\u00e7age, la p\u00e2tisserie, et peut \u00e9galement \u00eatre utilis\u00e9 comme outil pour la peinture artistique. <\/span><\/li>\n<\/ul>\n<p>&nbsp;<\/p>\n<\/div>\n<\/div>\n<\/div>\n<div id=\"tab-description\" class=\"panel entry-content active\">\n<p>Contactez-nous! Tous nos projets sont personnalisables selon vos sp\u00e9cifications. <a href=\"mailto:info@elitegraphicdesign.com\">info@elitegraphicdesign.com<\/a><\/p>\n<\/div>\n","protected":false},"excerpt":{"rendered":"<h1 id=\"title\" class=\"a-size-large a-spacing-none\"><span id=\"productTitle\" class=\"a-size-large product-title-word-break\" style=\"font-size: 80%;\">Pochoirs pour Cookies, G\u00e2teaux et Pain d\u2019\u00c9pices \u2013 Set de Pochoirs pour Scrapbooking, D\u00e9coration DIY, Mariage, Anniversaire et F\u00eates<\/span><\/h1>\n","protected":false},"featured_media":28992,"comment_status":"closed","ping_status":"closed","template":"","meta":{"_acf_changed":false},"product_brand":[],"product_cat":[2258],"product_tag":[1094,2067,2057,2259,2068,2069],"class_list":{"0":"post-29177","1":"product","2":"type-product","3":"status-publish","4":"has-post-thumbnail","6":"product_cat-pochoirs-en-relief-a-biscuits-et-patisseries","7":"product_tag-cadeau","8":"product_tag-cafe","9":"product_tag-patisseries-biscuits","10":"product_tag-petg-fr","11":"product_tag-pochoir","12":"product_tag-tattoo-fr","14":"first","15":"instock","16":"sale","17":"taxable","18":"shipping-taxable","19":"purchasable","20":"product-type-variable"},"acf":[],"_links":{"self":[{"href":"https:\/\/elitegraphicdesign.com\/fr\/wp-json\/wp\/v2\/product\/29177","targetHints":{"allow":["GET"]}}],"collection":[{"href":"https:\/\/elitegraphicdesign.com\/fr\/wp-json\/wp\/v2\/product"}],"about":[{"href":"https:\/\/elitegraphicdesign.com\/fr\/wp-json\/wp\/v2\/types\/product"}],"replies":[{"embeddable":true,"href":"https:\/\/elitegraphicdesign.com\/fr\/wp-json\/wp\/v2\/comments?post=29177"}],"wp:featuredmedia":[{"embeddable":true,"href":"https:\/\/elitegraphicdesign.com\/fr\/wp-json\/wp\/v2\/media\/28992"}],"wp:attachment":[{"href":"https:\/\/elitegraphicdesign.com\/fr\/wp-json\/wp\/v2\/media?parent=29177"}],"wp:term":[{"taxonomy":"product_brand","embeddable":true,"href":"https:\/\/elitegraphicdesign.com\/fr\/wp-json\/wp\/v2\/product_brand?post=29177"},{"taxonomy":"product_cat","embeddable":true,"href":"https:\/\/elitegraphicdesign.com\/fr\/wp-json\/wp\/v2\/product_cat?post=29177"},{"taxonomy":"product_tag","embeddable":true,"href":"https:\/\/elitegraphicdesign.com\/fr\/wp-json\/wp\/v2\/product_tag?post=29177"}],"curies":[{"name":"wp","href":"https:\/\/api.w.org\/{rel}","templated":true}]}}