{"id":29239,"date":"2021-02-23T00:01:14","date_gmt":"2021-02-23T00:01:14","guid":{"rendered":"https:\/\/elitegraphicdesign.com\/?post_type=product&#038;p=29239"},"modified":"2025-12-27T14:40:02","modified_gmt":"2025-12-27T19:40:02","slug":"pochoirs-a-biscuits-et-patisseries-3","status":"publish","type":"product","link":"https:\/\/elitegraphicdesign.com\/fr\/product\/pochoirs-a-biscuits-et-patisseries-3\/","title":{"rendered":"Pochoirs \u00e0 Biscuits et P\u00e2tisseries"},"content":{"rendered":"<div id=\"wt-content-toggle-product-details-read-more\" class=\"wt-content-toggle__body wt-content-toggle__body--truncated-03 wt-content-toggle__body--truncated\" aria-hidden=\"false\">\n<h1><strong><span style=\"font-size: 80%;\">Pochoirs pour Biscuits et P\u00e2tisseries<\/span><\/strong><\/h1>\n<p><strong>Vari\u00e9t\u00e9 d&rsquo;utilisations :<\/strong> peuvent r\u00e9pondre \u00e0 vos besoins de d\u00e9coration de g\u00e2teaux, y compris les biscuits, les g\u00e2teaux de lune, le pain, le chocolat, le gla\u00e7age, les tartes et ainsi de suite, vous pouvez utiliser les mod\u00e8les de cuisson comme jouet ou outil pour faire de la peinture artistique.<\/p>\n<p><strong>D\u00e9tails de la taille :<\/strong> la taille de chaque pochoir est d&rsquo;environ 5.5 x 5.5 in (14 x 14 cm) l&rsquo;\u00e9paisseur est d&rsquo;environ 0,20 mm, veuillez v\u00e9rifier attentivement la taille avant d\u2019acheter en cas de inadaptation.<\/p>\n<p><strong>Mat\u00e9riau durable<\/strong> : ces gabarits de cuisson pour g\u00e2teaux sont fabriqu\u00e9s en plastique PETG,\u00a0 l\u00e9ger et durable, vous pouvez les utiliser pendant longtemps, vous aidant \u00e0 faire de beaux g\u00e2teaux ou autres desserts.<\/p>\n<p><strong>Facile \u00e0 nettoyer :<\/strong> la surface du pochoir est lisse et facile \u00e0 nettoyer, il peut \u00eatre lav\u00e9 directement avec de l&rsquo;eau et s\u00e8che rapidement. Vous pouvez utiliser les pochoirs \u00e0 g\u00e2teau \u00e0 plusieurs reprises pour une exp\u00e9rience d&rsquo;utilisation pratique. Lorsque vous recevez ces pochoirs \u00e0 biscuits, veuillez les laver avec un d\u00e9tergent et les s\u00e9cher avant de les utiliser.<br \/>\nNombreuses applications : convient pour tous les types de projets de bricolage, id\u00e9al pour faire des desserts, tels que des g\u00e2teaux, des biscuits, des fondants, du chocolat, des tartes et ainsi de suite, un excellent choix pour le pistolet \u00e0 pulv\u00e9risation, le gla\u00e7age, la p\u00e2tisserie, peut \u00e9galement \u00eatre utilis\u00e9 comme outil de peinture artistique.<\/p>\n<\/div>\n<p>&nbsp;<\/p>\n<p>Contactez-nous! Tous nos graphiques sont personnalisables selon vos sp\u00e9cifications. <a href=\"mailto:info@elitegraphicdesign.com\">info@elitegraphicdesign.com<\/a><\/p>\n","protected":false},"excerpt":{"rendered":"<h1><span style=\"font-size: 75%;\"><strong>Pochoir Pour Cookies et\u00a0 g\u00e2teaux. Scrapbooking d\u00e9cor mod\u00e8le pochoir ensemble pour bricolage artisanat mariage f\u00eate d&rsquo;anniversaire&#8230;<\/strong><\/span><\/h1>\n","protected":false},"featured_media":29024,"comment_status":"closed","ping_status":"closed","template":"","meta":{"_acf_changed":false},"product_brand":[],"product_cat":[2258],"product_tag":[1094,2067,2057,2259,2068,2069],"class_list":{"0":"post-29239","1":"product","2":"type-product","3":"status-publish","4":"has-post-thumbnail","6":"product_cat-pochoirs-en-relief-a-biscuits-et-patisseries","7":"product_tag-cadeau","8":"product_tag-cafe","9":"product_tag-patisseries-biscuits","10":"product_tag-petg-fr","11":"product_tag-pochoir","12":"product_tag-tattoo-fr","14":"first","15":"instock","16":"sale","17":"taxable","18":"shipping-taxable","19":"purchasable","20":"product-type-variable"},"acf":[],"_links":{"self":[{"href":"https:\/\/elitegraphicdesign.com\/fr\/wp-json\/wp\/v2\/product\/29239","targetHints":{"allow":["GET"]}}],"collection":[{"href":"https:\/\/elitegraphicdesign.com\/fr\/wp-json\/wp\/v2\/product"}],"about":[{"href":"https:\/\/elitegraphicdesign.com\/fr\/wp-json\/wp\/v2\/types\/product"}],"replies":[{"embeddable":true,"href":"https:\/\/elitegraphicdesign.com\/fr\/wp-json\/wp\/v2\/comments?post=29239"}],"wp:featuredmedia":[{"embeddable":true,"href":"https:\/\/elitegraphicdesign.com\/fr\/wp-json\/wp\/v2\/media\/29024"}],"wp:attachment":[{"href":"https:\/\/elitegraphicdesign.com\/fr\/wp-json\/wp\/v2\/media?parent=29239"}],"wp:term":[{"taxonomy":"product_brand","embeddable":true,"href":"https:\/\/elitegraphicdesign.com\/fr\/wp-json\/wp\/v2\/product_brand?post=29239"},{"taxonomy":"product_cat","embeddable":true,"href":"https:\/\/elitegraphicdesign.com\/fr\/wp-json\/wp\/v2\/product_cat?post=29239"},{"taxonomy":"product_tag","embeddable":true,"href":"https:\/\/elitegraphicdesign.com\/fr\/wp-json\/wp\/v2\/product_tag?post=29239"}],"curies":[{"name":"wp","href":"https:\/\/api.w.org\/{rel}","templated":true}]}}