{"id":29589,"date":"2021-03-20T18:12:18","date_gmt":"2021-03-20T18:12:18","guid":{"rendered":"https:\/\/elitegraphicdesign.com\/?post_type=product&#038;p=29589"},"modified":"2025-12-27T12:10:50","modified_gmt":"2025-12-27T17:10:50","slug":"etampe-a-biscuits-en-3d-lapin-paques-2","status":"publish","type":"product","link":"https:\/\/elitegraphicdesign.com\/fr\/product\/etampe-a-biscuits-en-3d-lapin-paques-2\/","title":{"rendered":"\u00c9tampe \u00e0 biscuits en 3D &#8211; Lapin P\u00e2ques"},"content":{"rendered":"<div id=\"tab-description\" class=\"panel entry-content active\">\n<div id=\"wt-content-toggle-product-details-read-more\" class=\"wt-content-toggle__body wt-content-toggle__body--truncated-03 wt-content-toggle__body--truncated\" aria-hidden=\"false\">\n<div class=\"wt-mb-xs-3\">\n<div class=\"wt-display-flex-xs\" data-legacy-materials-container=\"\">\n<h1><span style=\"font-size: 80%;\">Tampon 3D \u00e0 motif pour biscuits \u2013 Fleur de lys, embosseur pour fondant, d\u00e9coration de cupcakes, biscuits au sucre, argile\u2026<\/span><\/h1>\n<p class=\"wt-text-body-01 wt-break-word\" data-product-details-description-text-content=\"\"><span data-legacy-materials-text=\"\">Sans danger pour les aliments : le PLA est un plastique biod\u00e9gradable.<br \/>\n<\/span><\/p>\n<p class=\"wt-text-body-01 wt-break-word\" data-product-details-description-text-content=\"\">Embosseur pour fondant et cookies<\/p>\n<p>**La couleur du tampon peut varier en fonction des disponibilit\u00e9s.**<\/p>\n<p>Imprim\u00e9 avec un mat\u00e9riau PLA non toxique.<\/p>\n<p>Ne pas mettre au lave-vaisselle, laver uniquement \u00e0 la main.<\/p>\n<p>Peut pr\u00e9senter de l\u00e9g\u00e8res imperfections dues au processus d\u2019impression 3D.<\/p>\n<\/div>\n<\/div>\n<p>Besoin d\u2019une taille diff\u00e9rente de celles indiqu\u00e9es ? Envoyez-nous un e-mail !<\/p>\n<\/div>\n<p><strong>Dimensions:<\/strong><\/p>\n<ul>\n<li>Dimensions: 3.5inx3.5inx0.15in (90mmx90mmx4mm)<\/li>\n<\/ul>\n<p>Contactez-nous! Tous nos projets sont personnalisables selon vos sp\u00e9cifications. <a href=\"mailto:info@elitegraphicdesign.com\">info@elitegraphicdesign.com<\/a><\/p>\n<\/div>\n","protected":false},"excerpt":{"rendered":"<p class=\"wt-text-body-03 wt-line-height-tight wt-break-word wt-mb-xs-1\" data-listing-id=\"858839021\"><span style=\"font-size: 75%;\">Cookie stamp, cookie fondant embossing stamp for cupcake decorating, sugar cookies, clay &#8230;<\/span><\/p>\n","protected":false},"featured_media":29530,"comment_status":"closed","ping_status":"closed","template":"","meta":{"_acf_changed":false},"product_brand":[],"product_cat":[2039],"product_tag":[1094,2055,2057,2054,2056],"class_list":{"0":"post-29589","1":"product","2":"type-product","3":"status-publish","4":"has-post-thumbnail","6":"product_cat-tampon-embossage-pour-biscuit","7":"product_tag-cadeau","8":"product_tag-imprimante-3d","9":"product_tag-patisseries-biscuits","10":"product_tag-pla-fr","11":"product_tag-tampon","13":"first","14":"instock","15":"sale","16":"taxable","17":"shipping-taxable","18":"purchasable","19":"product-type-variable"},"acf":[],"_links":{"self":[{"href":"https:\/\/elitegraphicdesign.com\/fr\/wp-json\/wp\/v2\/product\/29589","targetHints":{"allow":["GET"]}}],"collection":[{"href":"https:\/\/elitegraphicdesign.com\/fr\/wp-json\/wp\/v2\/product"}],"about":[{"href":"https:\/\/elitegraphicdesign.com\/fr\/wp-json\/wp\/v2\/types\/product"}],"replies":[{"embeddable":true,"href":"https:\/\/elitegraphicdesign.com\/fr\/wp-json\/wp\/v2\/comments?post=29589"}],"wp:featuredmedia":[{"embeddable":true,"href":"https:\/\/elitegraphicdesign.com\/fr\/wp-json\/wp\/v2\/media\/29530"}],"wp:attachment":[{"href":"https:\/\/elitegraphicdesign.com\/fr\/wp-json\/wp\/v2\/media?parent=29589"}],"wp:term":[{"taxonomy":"product_brand","embeddable":true,"href":"https:\/\/elitegraphicdesign.com\/fr\/wp-json\/wp\/v2\/product_brand?post=29589"},{"taxonomy":"product_cat","embeddable":true,"href":"https:\/\/elitegraphicdesign.com\/fr\/wp-json\/wp\/v2\/product_cat?post=29589"},{"taxonomy":"product_tag","embeddable":true,"href":"https:\/\/elitegraphicdesign.com\/fr\/wp-json\/wp\/v2\/product_tag?post=29589"}],"curies":[{"name":"wp","href":"https:\/\/api.w.org\/{rel}","templated":true}]}}