{"id":30324,"date":"2021-05-06T19:52:34","date_gmt":"2021-05-06T19:52:34","guid":{"rendered":"https:\/\/elitegraphicdesign.com\/?post_type=product&#038;p=30324"},"modified":"2025-12-27T08:51:24","modified_gmt":"2025-12-27T13:51:24","slug":"embosseur-de-biscuits-3d-en-acrylique-animal-2","status":"publish","type":"product","link":"https:\/\/elitegraphicdesign.com\/fr\/product\/embosseur-de-biscuits-3d-en-acrylique-animal-2\/","title":{"rendered":"Embosseur de Biscuits 3D en Acrylique &#8211; Animal"},"content":{"rendered":"<h1 class=\"wt-content-toggle__body wt-content-toggle__body--truncated-03 wt-content-toggle__body--truncated\" aria-hidden=\"false\"><strong><span style=\"font-size: 80%;\" data-mce-style=\"font-size: 80%;\">Embosseur \u00e0 biscuits en acrylique, pour la d\u00e9coration de cupcakes, biscuits au sucre, argile ..<\/span>.<\/strong><\/h1>\n<ul>\n<li><span style=\"font-size: 100%;\" data-mce-style=\"font-size: 100%;\">Que vous soyez un boulanger \u00e0 domicile ou un professionnel, notre gamme d&#8217;embosseuses \u00e0 biscuits est facile \u00e0 utiliser et donne une finition fabuleuse et uniforme.<\/span><\/li>\n<li><span style=\"font-size: 100%;\" data-mce-style=\"font-size: 100%;\">Ce n&rsquo;est pas un tampon &#8211; c&rsquo;est une embosseuse. Vous obtiendrez un aspect 3D en relief sur votre cookie.<\/span><\/li>\n<li><span style=\"font-size: 100%;\" data-mce-style=\"font-size: 100%;\">Les lettres seront sur\u00e9lev\u00e9es et semblent donc \u00eatre plac\u00e9es au-dessus de votre cookie.<\/span><\/li>\n<li><span style=\"font-size: 100%;\" data-mce-style=\"font-size: 100%;\">Acrylique 1\/8 \u00a0\u00bb<\/span><\/li>\n<li><span style=\"font-size: 100%;\" data-mce-style=\"font-size: 100%;\">PAS au lave-vaisselle, veuillez uniquement le laver \u00e0 la main.<\/span><\/li>\n<li>Besoin d&rsquo;une taille autre que celles list\u00e9es? Envoyez-nous un e-mail!<\/li>\n<\/ul>\n<p><strong>Dimensions 1:<\/strong><\/p>\n<ul>\n<li><strong>Dimensions de l&rsquo;acrylique<\/strong>: 3.25inx3.25inx0.125in (82.5mmx82.5mmx3mm)<\/li>\n<li><strong>Taille de l&rsquo;image grav\u00e9<\/strong>: + &#8211; 2,25 in (selon la proportion)<\/li>\n<\/ul>\n<p><strong>Dimensions 2:<\/strong><\/p>\n<ul>\n<li><strong>Dimensions de l&rsquo;acrylique<\/strong>: 5inx5inx0.125in (127mmx127mmx3mm)<\/li>\n<li><strong>Taille de l&rsquo;image grav\u00e9<\/strong>: + &#8211; 3.5in (selon la proportion)<\/li>\n<\/ul>\n<p>Contactez-nous! Tous nos graphiques sont personnalisables selon vos sp\u00e9cifications. <a href=\"mailto:info@elitegraphicdesign.com\" data-mce-href=\"mailto:info@elitegraphicdesign.com\">info@elitegraphicdesign.com<\/a><br data-mce-bogus=\"1\"><\/p>\n","protected":false},"excerpt":{"rendered":"<h1><span style=\"font-size: 75%;\" data-mce-style=\"font-size: 75%;\"><strong>\u00c9tampe \u00e0 biscuit, \u00c9tampe de fondant de biscuit pour la d\u00e9coration de cupcake, biscuits de sucre, argile et savon&#8230;<\/strong><\/span><\/h1>\n","protected":false},"featured_media":29810,"comment_status":"closed","ping_status":"closed","template":"","meta":{"_acf_changed":false},"product_brand":[],"product_cat":[2292],"product_tag":[2277,2393,1094,2278,2394,2387,2057],"class_list":{"0":"post-30324","1":"product","2":"type-product","3":"status-publish","4":"has-post-thumbnail","6":"product_cat-animal-fr","7":"product_tag-acrylic-fr","8":"product_tag-bebe","9":"product_tag-cadeau","10":"product_tag-embosseur","11":"product_tag-enfant","12":"product_tag-nature-fr","13":"product_tag-patisseries-biscuits","15":"first","16":"instock","17":"sale","18":"taxable","19":"shipping-taxable","20":"purchasable","21":"product-type-variable"},"acf":[],"_links":{"self":[{"href":"https:\/\/elitegraphicdesign.com\/fr\/wp-json\/wp\/v2\/product\/30324","targetHints":{"allow":["GET"]}}],"collection":[{"href":"https:\/\/elitegraphicdesign.com\/fr\/wp-json\/wp\/v2\/product"}],"about":[{"href":"https:\/\/elitegraphicdesign.com\/fr\/wp-json\/wp\/v2\/types\/product"}],"replies":[{"embeddable":true,"href":"https:\/\/elitegraphicdesign.com\/fr\/wp-json\/wp\/v2\/comments?post=30324"}],"wp:featuredmedia":[{"embeddable":true,"href":"https:\/\/elitegraphicdesign.com\/fr\/wp-json\/wp\/v2\/media\/29810"}],"wp:attachment":[{"href":"https:\/\/elitegraphicdesign.com\/fr\/wp-json\/wp\/v2\/media?parent=30324"}],"wp:term":[{"taxonomy":"product_brand","embeddable":true,"href":"https:\/\/elitegraphicdesign.com\/fr\/wp-json\/wp\/v2\/product_brand?post=30324"},{"taxonomy":"product_cat","embeddable":true,"href":"https:\/\/elitegraphicdesign.com\/fr\/wp-json\/wp\/v2\/product_cat?post=30324"},{"taxonomy":"product_tag","embeddable":true,"href":"https:\/\/elitegraphicdesign.com\/fr\/wp-json\/wp\/v2\/product_tag?post=30324"}],"curies":[{"name":"wp","href":"https:\/\/api.w.org\/{rel}","templated":true}]}}