{"id":30983,"date":"2022-05-07T23:41:26","date_gmt":"2022-05-07T23:41:26","guid":{"rendered":"https:\/\/elitegraphicdesign.com\/?post_type=product&#038;p=30983"},"modified":"2025-12-26T20:31:03","modified_gmt":"2025-12-27T01:31:03","slug":"4-feuilles-de-vinyle-pour-transfert-thermique-avec-motif-galaxy-iii","status":"publish","type":"product","link":"https:\/\/elitegraphicdesign.com\/fr\/product\/4-feuilles-de-vinyle-pour-transfert-thermique-avec-motif-galaxy-iii\/","title":{"rendered":"4 feuilles de vinyle pour transfert thermique avec motif Galaxie III"},"content":{"rendered":"<ul>\n<li>Vinyle thermocollant de haute qualit\u00e9 12 po \u00d7 9 po avec diff\u00e9rents motifs.<\/li>\n<li>Convient \u00e0 la plupart des tissus courants, y compris les tissus athl\u00e9tiques en maille. \u00c9galement adapt\u00e9 aux tissus en coton, polyester et m\u00e9langes coton\/polyester. <\/li>\n<li>Personnalisez des t-shirts, chandails \u00e0 capuchon, sweats, casquettes et autres v\u00eatements.<\/li>\n<li>Mat\u00e9riau facile et pr\u00eat \u00e0 d\u00e9couper, con\u00e7u pour la d\u00e9coration personnalis\u00e9e de v\u00eatements.<\/li>\n<li>Ce vinyle est \u00e9pais, offre une excellente stabilit\u00e9 dimensionnelle et poss\u00e8de de tr\u00e8s bonnes caract\u00e9ristiques pour la d\u00e9coupe.<\/li>\n<li>Un excellent choix de cadeau pour les anniversaires, No\u00ebl ou les occasions sp\u00e9ciales, pour votre famille ou la personne que vous aimez. Il n\u2019est jamais trop t\u00f4t pour commencer \u00e0 cr\u00e9er de magnifiques cadeaux personnalis\u00e9s que vos proches adoreront et ch\u00e9riront. <\/li>\n<li>S\u2019int\u00e8gre parfaitement aux machines Silhouette, Cameo et Cricut.<\/li>\n<li>Le paquet comprend un guide d\u2019instructions.<\/li>\n<li>Facile \u00e0 d\u00e9couper et \u00e0 \u00e9cheniller, couleur durable.<\/li>\n<\/ul>\n<p><strong>Caract\u00e9ristiques :<\/strong><\/p>\n<ul>\n<li>Cr\u00e9ez votre propre design.<\/li>\n<li>D\u00e9coupez avec le c\u00f4t\u00e9 brillant vers le BAS et le verso mat du vinyle vers le haut.<\/li>\n<li>Retirez l\u2019exc\u00e9dent de vinyle, en laissant votre design sur la feuille de support.<\/li>\n<li>Pressez \u00e0 chaud \u00e0 (300\u00b0F \u00e0 350\u00b0F) (160\u00b0C \u00e0 180\u00b0C) pendant 10 \u00e0 15 secondes, puis retirez \u00e0 froid.<br \/>Si vous utilisez un fer \u00e0 repasser domestique, appuyez avec une pression ferme. <\/li>\n<li>Retirez la feuille de support \u00e0 froid. Si certaines parties du design se soul\u00e8vent apr\u00e8s l\u2019application, r\u00e9p\u00e9tez l\u2019\u00e9tape 4.<\/li>\n<li>Attendez 24 heures avant le premier lavage.<\/li>\n<li><strong>Ne pas d\u00e9couper en mode miroir.<\/strong><\/li>\n<li>Utilisez une feuille de T\u00e9flon pour de meilleurs r\u00e9sultats. Une feuille de protection antiadh\u00e9sive (\u00e9galement appel\u00e9e feuille de T\u00e9flon) peut \u00eatre r\u00e9utilis\u00e9e plusieurs fois. <\/li>\n<li>Mode : Lavage standard.<\/li>\n<li>Laver \u00e0 l\u2019envers.<\/li>\n<li>Peut \u00eatre repass\u00e9 \u00e0 la maison \u00e0 l\u2019envers.<\/li>\n<li>Ne pas utiliser d\u2019eau de Javel.<\/li>\n<\/ul>\n<p><strong> <a href=\"https:\/\/elitegraphicdesign.com\/wp-content\/uploads\/2022\/04\/Instruction-Guide-Heat-Transfer-ANG.jpg\"><img decoding=\"async\" class=\"aligncenter size-full wp-image-30514\" src=\"https:\/\/elitegraphicdesign.com\/wp-content\/uploads\/2022\/04\/Instruction-Guide-Heat-Transfer-ANG.jpg\" alt=\"\" width=\"625\" height=\"325\" title=\"\" srcset=\"https:\/\/elitegraphicdesign.com\/wp-content\/uploads\/2022\/04\/Instruction-Guide-Heat-Transfer-ANG.jpg 625w, https:\/\/elitegraphicdesign.com\/wp-content\/uploads\/2022\/04\/Instruction-Guide-Heat-Transfer-ANG-300x156.jpg 300w, https:\/\/elitegraphicdesign.com\/wp-content\/uploads\/2022\/04\/Instruction-Guide-Heat-Transfer-ANG-510x265.jpg 510w\" sizes=\"(max-width: 625px) 100vw, 625px\" \/><\/a><\/strong><\/p>\n<p>Contactez-nous! Tous nos projets sont personnalisables selon vos sp\u00e9cifications. <a href=\"mailto:info@elitegraphicdesign.com\">info@elitegraphicdesign.com<\/a><\/p>\n","protected":false},"excerpt":{"rendered":"<p>4 feuilles de vinyle thermocollant (12 \u00d7 9 po) avec diff\u00e9rents motifs, pr\u00eates \u00e0 l\u2019emploi.<\/p>\n","protected":false},"featured_media":30926,"comment_status":"closed","ping_status":"closed","template":"","meta":{"_acf_changed":false},"product_brand":[],"product_cat":[2520],"product_tag":[2513,2517,2512,2516,2515,2514,2511],"class_list":{"0":"post-30983","1":"product","2":"type-product","3":"status-publish","4":"has-post-thumbnail","6":"product_cat-motif-galaxie","7":"product_tag-fer-a-repasser","8":"product_tag-presse-a-chaud","9":"product_tag-raclette","10":"product_tag-t-shirt-fr","11":"product_tag-tiflon-fr","12":"product_tag-vinyle-de-transfert","13":"product_tag-vinyle-de-transfert-a-chaleur","15":"first","16":"instock","17":"sale","18":"taxable","19":"shipping-taxable","20":"purchasable","21":"product-type-variable","22":"has-default-attributes"},"acf":[],"_links":{"self":[{"href":"https:\/\/elitegraphicdesign.com\/fr\/wp-json\/wp\/v2\/product\/30983","targetHints":{"allow":["GET"]}}],"collection":[{"href":"https:\/\/elitegraphicdesign.com\/fr\/wp-json\/wp\/v2\/product"}],"about":[{"href":"https:\/\/elitegraphicdesign.com\/fr\/wp-json\/wp\/v2\/types\/product"}],"replies":[{"embeddable":true,"href":"https:\/\/elitegraphicdesign.com\/fr\/wp-json\/wp\/v2\/comments?post=30983"}],"wp:featuredmedia":[{"embeddable":true,"href":"https:\/\/elitegraphicdesign.com\/fr\/wp-json\/wp\/v2\/media\/30926"}],"wp:attachment":[{"href":"https:\/\/elitegraphicdesign.com\/fr\/wp-json\/wp\/v2\/media?parent=30983"}],"wp:term":[{"taxonomy":"product_brand","embeddable":true,"href":"https:\/\/elitegraphicdesign.com\/fr\/wp-json\/wp\/v2\/product_brand?post=30983"},{"taxonomy":"product_cat","embeddable":true,"href":"https:\/\/elitegraphicdesign.com\/fr\/wp-json\/wp\/v2\/product_cat?post=30983"},{"taxonomy":"product_tag","embeddable":true,"href":"https:\/\/elitegraphicdesign.com\/fr\/wp-json\/wp\/v2\/product_tag?post=30983"}],"curies":[{"name":"wp","href":"https:\/\/api.w.org\/{rel}","templated":true}]}}