{"id":31325,"date":"2022-06-14T00:12:22","date_gmt":"2022-06-14T00:12:22","guid":{"rendered":"https:\/\/elitegraphicdesign.com\/?post_type=product&#038;p=31325"},"modified":"2025-12-26T20:27:57","modified_gmt":"2025-12-27T01:27:57","slug":"plaquettes-de-nom-carrees-personnalisees","status":"publish","type":"product","link":"https:\/\/elitegraphicdesign.com\/fr\/product\/plaquettes-de-nom-carrees-personnalisees\/","title":{"rendered":"Plaquettes de nom carr\u00e9es personnalis\u00e9es"},"content":{"rendered":"<p>\u00c9tiquettes nominatives en couleur pour faire une excellente premi\u00e8re impression. Abordables et de haute qualit\u00e9, ces \u00e9tiquettes sont un excellent investissement pour toutes les occasions.<\/p>\n<ul>\n<li>Imprim\u00e9es en couleur sur un plastique blanc durable de 1,6 mm d\u2019\u00e9paisseur.<\/li>\n<li>Disponibles en plusieurs formes.<\/li>\n<li>Dos \u00e0 \u00e9pingle de s\u00fbret\u00e9 traditionnelle ou dos magn\u00e9tique.<\/li>\n<li>Instructions de nettoyage :<br \/>Laver uniquement avec un d\u00e9tergent doux et de l\u2019eau ti\u00e8de lorsque n\u00e9cessaire. Non recommand\u00e9 avec des produits chimiques agressifs ou des nettoyants \u00e0 base d\u2019ammoniaque. <\/li>\n<li>Avec coins carr\u00e9s ou arrondis.<\/li>\n<\/ul>\n<p><strong>\u00c9tiquette nominative magn\u00e9tique ou \u00e0 \u00e9pingle \u2013 Logo personnalis\u00e9 en plastique<\/strong><\/p>\n<p>Personnalisez cette \u00e9tiquette nominative magn\u00e9tique avec le logo de votre entreprise, le nom de l\u2019employ\u00e9, le poste ou tout autre texte personnalis\u00e9. Elle est en plastique et disponible avec un fermoir magn\u00e9tique (ne pas utiliser avec un stimulateur cardiaque) ou avec une \u00e9pingle de s\u00fbret\u00e9. Vous pouvez personnaliser la couleur de fond. Les \u00e9tiquettes rectangulaires peuvent avoir des coins arrondis ou carr\u00e9s, et elles sont \u00e9galement disponibles dans d\u2019autres formes.    <\/p>\n<p><a href=\"https:\/\/elitegraphicdesign.com\/wp-content\/uploads\/2022\/06\/Tag-Size-Square.jpg\"><img decoding=\"async\" class=\"aligncenter size-full wp-image-31302\" src=\"https:\/\/elitegraphicdesign.com\/wp-content\/uploads\/2022\/06\/Tag-Size-Square.jpg\" alt=\"\" width=\"210\" height=\"204\" title=\"\"><\/a><a href=\"https:\/\/elitegraphicdesign.com\/wp-content\/uploads\/2022\/06\/Tag-Size-Magnetic-Pin.jpg\"><img decoding=\"async\" class=\"aligncenter wp-image-31292\" src=\"https:\/\/elitegraphicdesign.com\/wp-content\/uploads\/2022\/06\/Tag-Size-Magnetic-Pin.jpg\" alt=\"\" width=\"194\" height=\"200\" title=\"\" srcset=\"https:\/\/elitegraphicdesign.com\/wp-content\/uploads\/2022\/06\/Tag-Size-Magnetic-Pin.jpg 404w, https:\/\/elitegraphicdesign.com\/wp-content\/uploads\/2022\/06\/Tag-Size-Magnetic-Pin-291x300.jpg 291w\" sizes=\"(max-width: 194px) 100vw, 194px\" \/><\/a><\/p>\n<p>Contactez-nous! Tous nos projets sont personnalisables selon vos sp\u00e9cifications. <a href=\"mailto:info@elitegraphicdesign.com\">info@elitegraphicdesign.com<\/a><\/p>\n","protected":false},"excerpt":{"rendered":"<p>\u00c9tiquettes nominatives en couleur pour faire une excellente premi\u00e8re impression.<\/p>\n","protected":false},"featured_media":31345,"comment_status":"closed","ping_status":"closed","template":"","meta":{"_acf_changed":false},"product_brand":[],"product_cat":[2551],"product_tag":[2546],"class_list":{"0":"post-31325","1":"product","2":"type-product","3":"status-publish","4":"has-post-thumbnail","6":"product_cat-plaquettes-personnalisees","7":"product_tag-plaquette-de-nom","9":"first","10":"instock","11":"sale","12":"taxable","13":"shipping-taxable","14":"purchasable","15":"product-type-variable"},"acf":[],"_links":{"self":[{"href":"https:\/\/elitegraphicdesign.com\/fr\/wp-json\/wp\/v2\/product\/31325","targetHints":{"allow":["GET"]}}],"collection":[{"href":"https:\/\/elitegraphicdesign.com\/fr\/wp-json\/wp\/v2\/product"}],"about":[{"href":"https:\/\/elitegraphicdesign.com\/fr\/wp-json\/wp\/v2\/types\/product"}],"replies":[{"embeddable":true,"href":"https:\/\/elitegraphicdesign.com\/fr\/wp-json\/wp\/v2\/comments?post=31325"}],"wp:featuredmedia":[{"embeddable":true,"href":"https:\/\/elitegraphicdesign.com\/fr\/wp-json\/wp\/v2\/media\/31345"}],"wp:attachment":[{"href":"https:\/\/elitegraphicdesign.com\/fr\/wp-json\/wp\/v2\/media?parent=31325"}],"wp:term":[{"taxonomy":"product_brand","embeddable":true,"href":"https:\/\/elitegraphicdesign.com\/fr\/wp-json\/wp\/v2\/product_brand?post=31325"},{"taxonomy":"product_cat","embeddable":true,"href":"https:\/\/elitegraphicdesign.com\/fr\/wp-json\/wp\/v2\/product_cat?post=31325"},{"taxonomy":"product_tag","embeddable":true,"href":"https:\/\/elitegraphicdesign.com\/fr\/wp-json\/wp\/v2\/product_tag?post=31325"}],"curies":[{"name":"wp","href":"https:\/\/api.w.org\/{rel}","templated":true}]}}