{"id":31993,"date":"2022-07-16T17:14:19","date_gmt":"2022-07-16T17:14:19","guid":{"rendered":"https:\/\/elitegraphicdesign.com\/?post_type=product&#038;p=31993"},"modified":"2025-12-26T19:35:52","modified_gmt":"2025-12-27T00:35:52","slug":"embosseur-de-biscuits-3d-en-acrylique-infini","status":"publish","type":"product","link":"https:\/\/elitegraphicdesign.com\/fr\/product\/embosseur-de-biscuits-3d-en-acrylique-infini\/","title":{"rendered":"Embosseur de Biscuits 3D en Acrylique &#8211; Infini"},"content":{"rendered":"<div id=\"tab-description\" class=\"panel entry-content active\">\n<div id=\"wt-content-toggle-product-details-read-more\" class=\"wt-content-toggle__body wt-content-toggle__body--truncated-03 wt-content-toggle__body--truncated\" aria-hidden=\"false\">\n<div class=\"wt-mb-xs-3\">\n<div class=\"wt-display-flex-xs\" data-legacy-materials-container=\"\">\n<h1><span style=\"font-size: 85%;\">Tampon en acrylique pour biscuits \u2013 Id\u00e9al pour d\u00e9corer cupcakes, biscuits, p\u00e2te \u00e0 sucre, argile\u2026<\/span><\/h1>\n<\/div>\n<ul>\n<li>Que vous soyez un p\u00e2tissier amateur ou professionnel, notre gamme de tampons pour biscuits est facile \u00e0 utiliser et offre un r\u00e9sultat uniforme et magnifique.<\/li>\n<li>Il ne s\u2019agit pas d\u2019un tampon, mais d\u2019un embosseur. Il donnera un effet en relief 3D \u00e0 vos biscuits. <\/li>\n<li>Les lettres seront en relief, donnant l\u2019impression qu\u2019elles reposent sur le dessus de votre biscuit.<\/li>\n<li class=\"wt-display-flex-xs\">Acrylique 1\/8 po<\/li>\n<li class=\"wt-display-flex-xs\">Ne pas mettre au lave-vaisselle, laver uniquement \u00e0 la main.<\/li>\n<li>Besoin d\u2019une taille diff\u00e9rente de celles indiqu\u00e9es ? Envoyez-nous un e-mail !<\/li>\n<\/ul>\n<\/div>\n<\/div>\n<p><strong>Dimensions 1:<br \/>\n<\/strong><\/p>\n<ul>\n<li>Dimensions de l\u2019acrylique : 3,25 \u00d7 3,25 \u00d7 0,125 po (82,5 \u00d7 82,5 \u00d7 3 mm)<\/li>\n<li>Taille de l\u2019image grav\u00e9e : \u00b1 2,25 po (selon les proportions)<\/li>\n<\/ul>\n<p><strong>Dimensions 2:<\/strong><\/p>\n<ul>\n<li>Dimensions de l\u2019acrylique : 5 \u00d7 5 \u00d7 0,125 po (127 \u00d7 127 \u00d7 3 mm)<\/li>\n<li>Taille de l\u2019image grav\u00e9e : \u00b1 3,5 po (selon les proportions)<\/li>\n<\/ul>\n<p>Contactez-nous! Tous nos projets sont personnalisables selon vos sp\u00e9cifications. <a href=\"mailto:info@elitegraphicdesign.com\">info@elitegraphicdesign.com<\/a><\/p>\n<\/div>\n","protected":false},"excerpt":{"rendered":"<p>Embosseur pour biscuits en acrylique \u2013 Id\u00e9al pour d\u00e9corer cupcakes, biscuits, p\u00e2te \u00e0 sucre, argile\u2026<\/p>\n","protected":false},"featured_media":31976,"comment_status":"closed","ping_status":"closed","template":"","meta":{"_acf_changed":false},"product_brand":[],"product_cat":[2580],"product_tag":[2277,1094,2578,2278,2584,2057],"class_list":{"0":"post-31993","1":"product","2":"type-product","3":"status-publish","4":"has-post-thumbnail","6":"product_cat-crypto-fr","7":"product_tag-acrylic-fr","8":"product_tag-cadeau","9":"product_tag-crypto-fr","10":"product_tag-embosseur","11":"product_tag-infini","12":"product_tag-patisseries-biscuits","14":"first","15":"instock","16":"sale","17":"taxable","18":"shipping-taxable","19":"purchasable","20":"product-type-variable"},"acf":[],"_links":{"self":[{"href":"https:\/\/elitegraphicdesign.com\/fr\/wp-json\/wp\/v2\/product\/31993","targetHints":{"allow":["GET"]}}],"collection":[{"href":"https:\/\/elitegraphicdesign.com\/fr\/wp-json\/wp\/v2\/product"}],"about":[{"href":"https:\/\/elitegraphicdesign.com\/fr\/wp-json\/wp\/v2\/types\/product"}],"replies":[{"embeddable":true,"href":"https:\/\/elitegraphicdesign.com\/fr\/wp-json\/wp\/v2\/comments?post=31993"}],"wp:featuredmedia":[{"embeddable":true,"href":"https:\/\/elitegraphicdesign.com\/fr\/wp-json\/wp\/v2\/media\/31976"}],"wp:attachment":[{"href":"https:\/\/elitegraphicdesign.com\/fr\/wp-json\/wp\/v2\/media?parent=31993"}],"wp:term":[{"taxonomy":"product_brand","embeddable":true,"href":"https:\/\/elitegraphicdesign.com\/fr\/wp-json\/wp\/v2\/product_brand?post=31993"},{"taxonomy":"product_cat","embeddable":true,"href":"https:\/\/elitegraphicdesign.com\/fr\/wp-json\/wp\/v2\/product_cat?post=31993"},{"taxonomy":"product_tag","embeddable":true,"href":"https:\/\/elitegraphicdesign.com\/fr\/wp-json\/wp\/v2\/product_tag?post=31993"}],"curies":[{"name":"wp","href":"https:\/\/api.w.org\/{rel}","templated":true}]}}