{"id":32007,"date":"2022-07-17T18:13:19","date_gmt":"2022-07-17T18:13:19","guid":{"rendered":"https:\/\/elitegraphicdesign.com\/?post_type=product&#038;p=32007"},"modified":"2025-12-26T19:19:29","modified_gmt":"2025-12-27T00:19:29","slug":"decoupeur-de-biscuit-2-en-1","status":"publish","type":"product","link":"https:\/\/elitegraphicdesign.com\/fr\/product\/decoupeur-de-biscuit-2-en-1\/","title":{"rendered":"D\u00e9coupeur de Biscuit 2 en 1"},"content":{"rendered":"<div id=\"tab-description\" class=\"panel entry-content active\">\n<div id=\"wt-content-toggle-product-details-read-more\" class=\"wt-content-toggle__body wt-content-toggle__body--truncated-03 wt-content-toggle__body--truncated\" aria-hidden=\"false\">\n<div class=\"wt-mb-xs-3\">\n<div class=\"wt-display-flex-xs\" data-legacy-materials-container=\"\">\n<h1>D\u00e9coupeur de Biscuit 2 en 1<\/h1>\n<h1><strong><span style=\"font-size: 80%;\">Emporte-pi\u00e8ce et tampon \u00e0 embosser pour fondant \u2013 Id\u00e9al pour d\u00e9corer cupcakes, biscuits, p\u00e2te \u00e0 sucre, argile\u2026<\/span><\/strong><\/h1>\n<p class=\"wt-text-body-01 wt-break-word\" data-product-details-description-text-content=\"\"><span data-legacy-materials-text=\"\"><strong>Sans danger pour les aliments : le PLA est un plastique biod\u00e9gradable.<\/strong><br \/>\n<\/span><\/p>\n<p class=\"wt-text-body-01 wt-break-word\" data-product-details-description-text-content=\"\">Tampon\/embosseur\/\u00e9mporte-pi\u00e8ce pour fondant et biscuits<\/p>\n<p>Veuillez noter que la couleur du plastique peut varier selon les disponibilit\u00e9s.<\/p>\n<p>Imprim\u00e9 en 3D avec du PLA non toxique.<\/p>\n<p>Ne pas mettre au lave-vaisselle, laver uniquement \u00e0 la main.<\/p>\n<p><strong>Peut pr\u00e9senter de l\u00e9g\u00e8res imperfections dues au processus d\u2019impression 3D.<\/strong><\/p>\n<\/div>\n<\/div>\n<p>Besoin d\u2019une taille diff\u00e9rente de celles indiqu\u00e9es ? Envoyez-nous un e-mail !<\/p>\n<\/div>\n<p><strong>Dimensions:<\/strong><\/p>\n<ul>\n<li>Dimensions: 2.5inx2.5inx1.25in (6.3cmx6.3cmx3.8cm)<\/li>\n<li>Dimensions: 3.5inx3.5inx1.25in (9cmx9cmx3.8cm)<\/li>\n<\/ul>\n<p>Contactez-nous! Tous nos projets sont personnalisables selon vos sp\u00e9cifications. <a href=\"mailto:info@elitegraphicdesign.com\">info@elitegraphicdesign.com<\/a><\/p>\n<\/div>\n","protected":false},"excerpt":{"rendered":"<h1 class=\"wt-text-body-03 wt-line-height-tight wt-break-word wt-mb-xs-1\" data-listing-id=\"858839021\"><span style=\"font-size: 75%;\"><strong>Cookie stamp, cookie fondant embossing stamp for cupcake decorating, sugar cookies, clay &#8230;<\/strong><\/span><\/h1>\n","protected":false},"featured_media":32015,"comment_status":"closed","ping_status":"closed","template":"","meta":{"_acf_changed":false},"product_brand":[],"product_cat":[2592,2275,2039,2258],"product_tag":[1094,2591,2055,1434,2057,2054],"class_list":{"0":"post-32007","1":"product","2":"type-product","3":"status-publish","4":"has-post-thumbnail","6":"product_cat-coupe-biscuits-dimpression-3d","7":"product_cat-embosseur-de-biscuits-3d-en-acryliques","8":"product_cat-tampon-embossage-pour-biscuit","9":"product_cat-pochoirs-en-relief-a-biscuits-et-patisseries","10":"product_tag-cadeau","11":"product_tag-decoupeur","12":"product_tag-imprimante-3d","13":"product_tag-noel","14":"product_tag-patisseries-biscuits","15":"product_tag-pla-fr","17":"first","18":"instock","19":"sale","20":"taxable","21":"shipping-taxable","22":"purchasable","23":"product-type-variable"},"acf":[],"_links":{"self":[{"href":"https:\/\/elitegraphicdesign.com\/fr\/wp-json\/wp\/v2\/product\/32007","targetHints":{"allow":["GET"]}}],"collection":[{"href":"https:\/\/elitegraphicdesign.com\/fr\/wp-json\/wp\/v2\/product"}],"about":[{"href":"https:\/\/elitegraphicdesign.com\/fr\/wp-json\/wp\/v2\/types\/product"}],"replies":[{"embeddable":true,"href":"https:\/\/elitegraphicdesign.com\/fr\/wp-json\/wp\/v2\/comments?post=32007"}],"wp:featuredmedia":[{"embeddable":true,"href":"https:\/\/elitegraphicdesign.com\/fr\/wp-json\/wp\/v2\/media\/32015"}],"wp:attachment":[{"href":"https:\/\/elitegraphicdesign.com\/fr\/wp-json\/wp\/v2\/media?parent=32007"}],"wp:term":[{"taxonomy":"product_brand","embeddable":true,"href":"https:\/\/elitegraphicdesign.com\/fr\/wp-json\/wp\/v2\/product_brand?post=32007"},{"taxonomy":"product_cat","embeddable":true,"href":"https:\/\/elitegraphicdesign.com\/fr\/wp-json\/wp\/v2\/product_cat?post=32007"},{"taxonomy":"product_tag","embeddable":true,"href":"https:\/\/elitegraphicdesign.com\/fr\/wp-json\/wp\/v2\/product_tag?post=32007"}],"curies":[{"name":"wp","href":"https:\/\/api.w.org\/{rel}","templated":true}]}}