{"id":32301,"date":"2022-08-06T22:16:07","date_gmt":"2022-08-06T22:16:07","guid":{"rendered":"https:\/\/elitegraphicdesign.com\/?post_type=product&#038;p=32301"},"modified":"2025-12-26T18:22:14","modified_gmt":"2025-12-26T23:22:14","slug":"pochoirs-a-gateau-plumes-elegantes","status":"publish","type":"product","link":"https:\/\/elitegraphicdesign.com\/fr\/product\/pochoirs-a-gateau-plumes-elegantes\/","title":{"rendered":"Pochoirs \u00e0 G\u00e2teau Plumes \u00c9l\u00e9gantes"},"content":{"rendered":"<h1>Pochoirs \u00e0 G\u00e2teau Plumes \u00c9l\u00e9gantes<\/h1>\n<div>\n<div data-id=\"description-text\">\n<div id=\"wt-content-toggle-product-details-read-more\" class=\"wt-content-toggle__body wt-content-toggle__body--truncated-03 wt-content-toggle__body--truncated\" aria-hidden=\"false\">\n<ul class=\"a-unordered-list a-vertical a-spacing-mini\">\n<li><strong>Vari\u00e9t\u00e9 d\u2019utilisations :<\/strong><br \/>Les diff\u00e9rentes formes r\u00e9pondent \u00e0 vos besoins en d\u00e9coration de g\u00e2teaux. Vous pouvez \u00e9galement utiliser les gabarits de p\u00e2tisserie comme jouets ou comme outils pour cr\u00e9er des \u0153uvres artistiques et des dessins. <\/li>\n<li><strong>Mat\u00e9riau durable :<\/strong><br \/>Ces gabarits de p\u00e2tisserie pour g\u00e2teaux sont fabriqu\u00e9s en plastique PETG transparent et r\u00e9sistant, vous permettant de les utiliser pendant longtemps. Ils vous aident \u00e0 r\u00e9aliser de beaux g\u00e2teaux ou autres desserts. L\u2019\u00e9paisseur est d\u2019environ 0,2 mm. Veuillez v\u00e9rifier attentivement les dimensions avant l\u2019achat afin d\u2019\u00e9viter toute incompatibilit\u00e9.  <\/li>\n<li><strong>Facile \u00e0 nettoyer :<\/strong><br \/>La surface du pochoir est lisse et facile \u00e0 nettoyer. Il peut \u00eatre lav\u00e9 directement \u00e0 l\u2019eau et s\u00e8che rapidement, ce qui permet une utilisation r\u00e9p\u00e9t\u00e9e et pratique. \u00c0 la r\u00e9ception de ces pochoirs pour p\u00e2tisserie, veuillez les laver avec du d\u00e9tergent et les s\u00e9cher avant la premi\u00e8re utilisation.<\/li>\n<li><strong>Applications vari\u00e9es :<\/strong><br \/>Convient \u00e0 tous types de projets DIY. Id\u00e9al pour la r\u00e9alisation de desserts tels que g\u00e2teaux, biscuits, cookies, fondant, chocolat, tartes, et bien plus encore. Excellent choix pour l\u2019utilisation avec un pistolet pulv\u00e9risateur, le gla\u00e7age et la p\u00e2tisserie. Peut \u00e9galement \u00eatre utilis\u00e9 comme outil pour des projets de peinture artistique.<\/li>\n<li><strong>Dimensions disponibles :<\/strong>\n<ul class=\"a-unordered-list a-vertical a-spacing-mini\">\n<li>5&Prime;x5&Prime; (12.7cmx12.7cm)<\/li>\n<li>5&Prime;x9&Prime; (12.7cmx23cm)<\/li>\n<li>9&Prime;x10.25&Prime; (23cmx26cm)<\/li>\n<\/ul>\n<\/li>\n<\/ul>\n<\/div>\n<\/div>\n<\/div>\n<div id=\"tab-description\" class=\"panel entry-content active\">\n<p>Contactez-nous! Tous nos projets sont personnalisables selon vos sp\u00e9cifications. <a href=\"mailto:info@elitegraphicdesign.com\">info@elitegraphicdesign.com<\/a><\/p>\n<\/div>\n","protected":false},"excerpt":{"rendered":"<h1 id=\"title\" class=\"a-size-large a-spacing-none\"><span id=\"productTitle\" class=\"a-size-large product-title-word-break\" style=\"font-size: 80%;\">Pochoirs de d\u00e9coration pour g\u00e2teaux \u2013 Mod\u00e8les cr\u00e9atifs pour mariages, anniversaires et f\u00eates<\/span><\/h1>\n","protected":false},"featured_media":32673,"comment_status":"closed","ping_status":"closed","template":"","meta":{"_acf_changed":false},"product_brand":[],"product_cat":[2594],"product_tag":[2599,2259,2068],"class_list":{"0":"post-32301","1":"product","2":"type-product","3":"status-publish","4":"has-post-thumbnail","6":"product_cat-pochoir-a-gateau","7":"product_tag-gateau","8":"product_tag-petg-fr","9":"product_tag-pochoir","11":"first","12":"instock","13":"sale","14":"taxable","15":"shipping-taxable","16":"purchasable","17":"product-type-variable"},"acf":[],"_links":{"self":[{"href":"https:\/\/elitegraphicdesign.com\/fr\/wp-json\/wp\/v2\/product\/32301","targetHints":{"allow":["GET"]}}],"collection":[{"href":"https:\/\/elitegraphicdesign.com\/fr\/wp-json\/wp\/v2\/product"}],"about":[{"href":"https:\/\/elitegraphicdesign.com\/fr\/wp-json\/wp\/v2\/types\/product"}],"replies":[{"embeddable":true,"href":"https:\/\/elitegraphicdesign.com\/fr\/wp-json\/wp\/v2\/comments?post=32301"}],"wp:featuredmedia":[{"embeddable":true,"href":"https:\/\/elitegraphicdesign.com\/fr\/wp-json\/wp\/v2\/media\/32673"}],"wp:attachment":[{"href":"https:\/\/elitegraphicdesign.com\/fr\/wp-json\/wp\/v2\/media?parent=32301"}],"wp:term":[{"taxonomy":"product_brand","embeddable":true,"href":"https:\/\/elitegraphicdesign.com\/fr\/wp-json\/wp\/v2\/product_brand?post=32301"},{"taxonomy":"product_cat","embeddable":true,"href":"https:\/\/elitegraphicdesign.com\/fr\/wp-json\/wp\/v2\/product_cat?post=32301"},{"taxonomy":"product_tag","embeddable":true,"href":"https:\/\/elitegraphicdesign.com\/fr\/wp-json\/wp\/v2\/product_tag?post=32301"}],"curies":[{"name":"wp","href":"https:\/\/api.w.org\/{rel}","templated":true}]}}