{"id":32997,"date":"2022-10-06T20:35:11","date_gmt":"2022-10-06T20:35:11","guid":{"rendered":"https:\/\/elitegraphicdesign.com\/?post_type=product&#038;p=32997"},"modified":"2025-12-26T17:20:16","modified_gmt":"2025-12-26T22:20:16","slug":"pochoirs-a-gateau-motif-treffles","status":"publish","type":"product","link":"https:\/\/elitegraphicdesign.com\/fr\/product\/pochoirs-a-gateau-motif-treffles\/","title":{"rendered":"Pochoirs \u00e0 G\u00e2teau &#8211; Motif Treffles"},"content":{"rendered":"<div id=\"wt-content-toggle-product-details-read-more\" class=\"wt-content-toggle__body wt-content-toggle__body--truncated-03 wt-content-toggle__body--truncated\" aria-hidden=\"false\"><span style=\"display: inline-block; width: 0px; overflow: hidden; line-height: 0;\" data-mce-type=\"bookmark\" class=\"mce_SELRES_start\">\ufeff<\/span><\/p>\n<ul>\n<li><strong>Vari\u00e9t\u00e9 d&rsquo;utilisations :<\/strong> peuvent r\u00e9pondre \u00e0 vos besoins de d\u00e9coration de g\u00e2teaux, y compris les biscuits, les g\u00e2teaux, le pain, le chocolat, le gla\u00e7age, les tartes et ainsi de suite, vous pouvez utiliser les mod\u00e8les de cuisson comme jouet ou outil pour faire de la peinture artistique.<\/li>\n<li><strong>Mat\u00e9riau durable<\/strong> : ces gabarits de cuisson pour g\u00e2teaux sont fabriqu\u00e9s en plastique PETG,\u00a0 l\u00e9ger et durable, vous pouvez les utiliser pendant longtemps, vous aidant \u00e0 faire de beaux g\u00e2teaux ou autres desserts. L&rsquo;\u00e9paisseur est d&rsquo;environ 0,20 mm.<\/li>\n<li><strong>Facile \u00e0 nettoyer :<\/strong> la surface du pochoir est lisse et facile \u00e0 nettoyer, il peut \u00eatre lav\u00e9 directement avec de l&rsquo;eau et s\u00e8che rapidement. Vous pouvez utiliser les pochoirs \u00e0 g\u00e2teau \u00e0 plusieurs reprises pour une exp\u00e9rience d&rsquo;utilisation pratique. Lorsque vous recevez ces pochoirs, veuillez les laver avec un d\u00e9tergent et les s\u00e9cher avant de les utiliser.<\/li>\n<li><strong>Nombreuses applications :<\/strong> convient pour tous les types de projets de bricolage, id\u00e9al pour faire des desserts, tels que des g\u00e2teaux, des biscuits, des fondants, du chocolat, des tartes et ainsi de suite, un excellent choix pour le pistolet \u00e0 pulv\u00e9risation, le gla\u00e7age, la p\u00e2tisserie, peut \u00e9galement \u00eatre utilis\u00e9 comme outil de peinture artistique.<\/li>\n<li><strong>Dimension Available:<\/strong>\n<ul class=\"a-unordered-list a-vertical a-spacing-mini\">\n<li>5\u00a0\u00bbx5\u00a0\u00bb (12.7cmx12.7cm)<\/li>\n<li>5\u00a0\u00bbx9\u00a0\u00bb (12.7cmx23cm)<\/li>\n<li>9\u00a0\u00bbx10.25\u00a0\u00bb (23cmx26cm)<\/li>\n<\/ul>\n<\/li>\n<\/ul>\n<\/div>\n<p>Contactez-nous! Tous nos graphiques sont personnalisables selon vos sp\u00e9cifications. <a href=\"mailto:info@elitegraphicdesign.com\">info@elitegraphicdesign.com<\/a><\/p>\n","protected":false},"excerpt":{"rendered":"<h1><span style=\"font-size: 75%;\"><strong>Pochoirs G\u00e2teaux D\u00e9cor Mod\u00e8le Artisanat Mariage F\u00eate d&rsquo;anniversaire&#8230;<\/strong><\/span><\/h1>\n","protected":false},"featured_media":32812,"comment_status":"closed","ping_status":"closed","template":"","meta":{"_acf_changed":false},"product_brand":[],"product_cat":[2594],"product_tag":[2599,2259,2068],"class_list":{"0":"post-32997","1":"product","2":"type-product","3":"status-publish","4":"has-post-thumbnail","6":"product_cat-pochoir-a-gateau","7":"product_tag-gateau","8":"product_tag-petg-fr","9":"product_tag-pochoir","11":"first","12":"instock","13":"sale","14":"taxable","15":"shipping-taxable","16":"purchasable","17":"product-type-variable"},"acf":[],"_links":{"self":[{"href":"https:\/\/elitegraphicdesign.com\/fr\/wp-json\/wp\/v2\/product\/32997","targetHints":{"allow":["GET"]}}],"collection":[{"href":"https:\/\/elitegraphicdesign.com\/fr\/wp-json\/wp\/v2\/product"}],"about":[{"href":"https:\/\/elitegraphicdesign.com\/fr\/wp-json\/wp\/v2\/types\/product"}],"replies":[{"embeddable":true,"href":"https:\/\/elitegraphicdesign.com\/fr\/wp-json\/wp\/v2\/comments?post=32997"}],"wp:featuredmedia":[{"embeddable":true,"href":"https:\/\/elitegraphicdesign.com\/fr\/wp-json\/wp\/v2\/media\/32812"}],"wp:attachment":[{"href":"https:\/\/elitegraphicdesign.com\/fr\/wp-json\/wp\/v2\/media?parent=32997"}],"wp:term":[{"taxonomy":"product_brand","embeddable":true,"href":"https:\/\/elitegraphicdesign.com\/fr\/wp-json\/wp\/v2\/product_brand?post=32997"},{"taxonomy":"product_cat","embeddable":true,"href":"https:\/\/elitegraphicdesign.com\/fr\/wp-json\/wp\/v2\/product_cat?post=32997"},{"taxonomy":"product_tag","embeddable":true,"href":"https:\/\/elitegraphicdesign.com\/fr\/wp-json\/wp\/v2\/product_tag?post=32997"}],"curies":[{"name":"wp","href":"https:\/\/api.w.org\/{rel}","templated":true}]}}