{"id":33513,"date":"2023-07-18T20:33:59","date_gmt":"2023-07-19T00:33:59","guid":{"rendered":"https:\/\/elitegraphicdesign.com\/?post_type=product&#038;p=33513"},"modified":"2025-12-14T16:04:13","modified_gmt":"2025-12-14T21:04:13","slug":"boite-a-mouchoirs-en-bois-3","status":"publish","type":"product","link":"https:\/\/elitegraphicdesign.com\/fr\/product\/boite-a-mouchoirs-en-bois-3\/","title":{"rendered":"Bo\u00eete \u00e0 mouchoirs en bois"},"content":{"rendered":"<div id=\"tab-description\" class=\"panel entry-content active\">\n<h1>Bo\u00eete \u00e0 mouchoirs en bois<\/h1>\n<ul>\n<li><span id=\"result_box\" class=\"\" lang=\"en\" tabindex=\"-1\"><span class=\"\">Pr\u00e9par\u00e9 avec amour.<\/span><\/span><\/li>\n<li><span id=\"result_box\" class=\"\" lang=\"en\" tabindex=\"-1\"> <span class=\"\"> Un cadeau parfait <\/span><span class=\"\">Multifonctionnel et une belle d\u00e9coration.<\/span> <\/span><\/li>\n<li><span id=\"result_box\" class=\"short_text\" lang=\"en\"><span class=\"\">Cadeau exceptionnel.<\/span><\/span><\/li>\n<li>Nouveau style.<\/li>\n<li>100% Bois<\/li>\n<li>D\u00e9coupe et gravure au laser<strong>.<br \/>\n<\/strong><\/li>\n<li>Bois 1\/8\u00a0\u00bb (3mm) et 1\/4 (5mm).<\/li>\n<li>Le grain ou la couleur peuvent appara\u00eetre l\u00e9g\u00e8rement diff\u00e9rents dans chaque jeu.<\/li>\n<li>Vous pouvez le peindre.<\/li>\n<\/ul>\n<p><strong>Dimensions:<\/strong><\/p>\n<ul>\n<li>Dimensions: 10.5\u00a0\u00bb\u00d75\u00a0\u00bb\u00d73.50\u00a0\u00bb (26.70cm\u00d712.7cm\u00d78.9cm)<\/li>\n<\/ul>\n<p><strong>Couleur du bois disponible :<\/strong><\/p>\n<p><a href=\"https:\/\/elitegraphicdesign.com\/wp-content\/uploads\/2019\/11\/Color-Wood1.jpg\"><img decoding=\"async\" class=\"aligncenter size-full wp-image-23123\" src=\"https:\/\/elitegraphicdesign.com\/wp-content\/uploads\/2019\/11\/Color-Wood1.jpg\" alt=\"\" width=\"900\" height=\"116\" title=\"\" srcset=\"https:\/\/elitegraphicdesign.com\/wp-content\/uploads\/2019\/11\/Color-Wood1.jpg 900w, https:\/\/elitegraphicdesign.com\/wp-content\/uploads\/2019\/11\/Color-Wood1-300x39.jpg 300w, https:\/\/elitegraphicdesign.com\/wp-content\/uploads\/2019\/11\/Color-Wood1-768x99.jpg 768w, https:\/\/elitegraphicdesign.com\/wp-content\/uploads\/2019\/11\/Color-Wood1-510x66.jpg 510w\" sizes=\"(max-width: 900px) 100vw, 900px\" \/><\/a><\/p>\n<p>Contactez-nous! Tous nos projets sont personnalisables selon vos sp\u00e9cifications. <a href=\"mailto:info@elitegraphicdesign.com\">info@elitegraphicdesign.com<\/a><\/p>\n<\/div>\n","protected":false},"excerpt":{"rendered":"<p>Offrez un cadeau amusant et utile \u00e0 vos amis, votre famille, vos clients et plus encore\u2026.<\/p>\n","protected":false},"featured_media":33402,"comment_status":"open","ping_status":"closed","template":"","meta":{"_acf_changed":false},"product_brand":[],"product_cat":[2668,3841],"product_tag":[1098,1092,1095,2670],"class_list":{"0":"post-33513","1":"product","2":"type-product","3":"status-publish","4":"has-post-thumbnail","6":"product_cat-boite-mouchoirs-en-bois","7":"product_cat-cadeau-express","8":"product_tag-bois","9":"product_tag-couper","10":"product_tag-gravure","11":"product_tag-mouchoirs","13":"first","14":"instock","15":"sale","16":"taxable","17":"shipping-taxable","18":"purchasable","19":"product-type-variable"},"acf":[],"_links":{"self":[{"href":"https:\/\/elitegraphicdesign.com\/fr\/wp-json\/wp\/v2\/product\/33513","targetHints":{"allow":["GET"]}}],"collection":[{"href":"https:\/\/elitegraphicdesign.com\/fr\/wp-json\/wp\/v2\/product"}],"about":[{"href":"https:\/\/elitegraphicdesign.com\/fr\/wp-json\/wp\/v2\/types\/product"}],"replies":[{"embeddable":true,"href":"https:\/\/elitegraphicdesign.com\/fr\/wp-json\/wp\/v2\/comments?post=33513"}],"wp:featuredmedia":[{"embeddable":true,"href":"https:\/\/elitegraphicdesign.com\/fr\/wp-json\/wp\/v2\/media\/33402"}],"wp:attachment":[{"href":"https:\/\/elitegraphicdesign.com\/fr\/wp-json\/wp\/v2\/media?parent=33513"}],"wp:term":[{"taxonomy":"product_brand","embeddable":true,"href":"https:\/\/elitegraphicdesign.com\/fr\/wp-json\/wp\/v2\/product_brand?post=33513"},{"taxonomy":"product_cat","embeddable":true,"href":"https:\/\/elitegraphicdesign.com\/fr\/wp-json\/wp\/v2\/product_cat?post=33513"},{"taxonomy":"product_tag","embeddable":true,"href":"https:\/\/elitegraphicdesign.com\/fr\/wp-json\/wp\/v2\/product_tag?post=33513"}],"curies":[{"name":"wp","href":"https:\/\/api.w.org\/{rel}","templated":true}]}}