{"id":34233,"date":"2023-12-26T18:03:58","date_gmt":"2023-12-26T23:03:58","guid":{"rendered":"https:\/\/elitegraphicdesign.com\/?post_type=product&#038;p=34233"},"modified":"2025-12-14T15:32:40","modified_gmt":"2025-12-14T20:32:40","slug":"ornements-personnalises-en-bois-et-en-acrylique-copy","status":"publish","type":"product","link":"https:\/\/elitegraphicdesign.com\/fr\/product\/ornements-personnalises-en-bois-et-en-acrylique-copy\/","title":{"rendered":"Ornements personnalis\u00e9s en bois et en acrylique avec images"},"content":{"rendered":"<h1 class=\" normal break-word mb-xs-2\" data-buy-box-listing-title=\"\" data-listing-id=\"734553980\">D\u00e9cor personnalis\u00e9 d\u2019arbre de No\u00ebl, ornement de No\u00ebl personnalis\u00e9, formes personnalis\u00e9es, ornement de vacances avec nom, d\u00e9cor de No\u00ebl en bois, d\u00e9cor de No\u00ebl<\/h1>\n<p>&#8211; Trou pour un cordon de suspension<\/p>\n<p>&#8211; <strong>Plusieurs couches : couche de bois et protection d&rsquo;image en acrylique transparent.<br \/>\n<\/strong><\/p>\n<p>&#8211; D\u00e9coup\u00e9 avec un laser de haute qualit\u00e9<\/p>\n<p>&#8211; Nous proposons diff\u00e9rents mod\u00e8les de boules de sapin de No\u00ebl, d\u00e9coration de sapin de No\u00ebl, d\u00e9coration de No\u00ebl, d\u00e9coration de sapin, d\u00e9corations de sapin, d\u00e9coration \u00e0 suspendre,<\/p>\n<ul>\n<li><span id=\"result_box\" class=\"short_text\" lang=\"en\"><span class=\"\">Cadeau exceptionnel<\/span><\/span><\/li>\n<li>Article fait main<\/li>\n<li>Nouveau style<\/li>\n<li>Nous utilisons 100 % de bois v\u00e9ritable. Le grainage peut appara\u00eetre l\u00e9g\u00e8rement diff\u00e9rent dans chaque bo\u00eete.<\/li>\n<li>Bo\u00eete de d\u00e9coupe et gravure laser<\/li>\n<li>La livraison n&rsquo;est pas incluse dans le prix<\/li>\n<\/ul>\n<p><span style=\"font-size: 110%;\"><strong>Dimensions:<\/strong><\/span><\/p>\n<ul>\n<li><span style=\"font-size: 100%;\">Dimensions : <\/span>4.25&#215;5.00in<\/li>\n<\/ul>\n<p><span style=\"font-size: 110%;\"><strong>\u00c9paisseur de l&rsquo;ornement :<\/strong><\/span><\/p>\n<ul>\n<li>0.5in (1.27cm)<\/li>\n<\/ul>\n<p><span style=\"font-size: 110%;\"><strong>Police de caract\u00e8re:<\/strong><\/span><\/p>\n<p><a href=\"https:\/\/elitegraphicdesign.com\/wp-content\/uploads\/2019\/12\/FONTS.jpg\"><img decoding=\"async\" class=\"aligncenter size-full wp-image-23330\" src=\"https:\/\/elitegraphicdesign.com\/wp-content\/uploads\/2019\/12\/FONTS.jpg\" alt=\"\" width=\"800\" height=\"800\" title=\"\" srcset=\"https:\/\/elitegraphicdesign.com\/wp-content\/uploads\/2019\/12\/FONTS.jpg 800w, https:\/\/elitegraphicdesign.com\/wp-content\/uploads\/2019\/12\/FONTS-300x300.jpg 300w, https:\/\/elitegraphicdesign.com\/wp-content\/uploads\/2019\/12\/FONTS-150x150.jpg 150w, https:\/\/elitegraphicdesign.com\/wp-content\/uploads\/2019\/12\/FONTS-768x768.jpg 768w, https:\/\/elitegraphicdesign.com\/wp-content\/uploads\/2019\/12\/FONTS-247x247.jpg 247w, https:\/\/elitegraphicdesign.com\/wp-content\/uploads\/2019\/12\/FONTS-510x510.jpg 510w, https:\/\/elitegraphicdesign.com\/wp-content\/uploads\/2019\/12\/FONTS-100x100.jpg 100w\" sizes=\"(max-width: 800px) 100vw, 800px\" \/><\/a><\/p>\n<p>Besoin d&rsquo;une taille ou d&rsquo;une quantit\u00e9 diff\u00e9rente ? Contactez-nous! Tous nos projets sont personnalisables selon vos sp\u00e9cifications.  <a href=\"mailto:info@elitegraphicdesign.com\">info@elitegraphicdesign.com<\/a><\/p>\n","protected":false},"excerpt":{"rendered":"<p>Offrez un cadeau amusant et utile \u00e0 vos amis, votre famille, vos clients et plus encore&#8230;.<\/p>\n","protected":false},"featured_media":34199,"comment_status":"closed","ping_status":"closed","template":"","meta":{"_acf_changed":false},"product_brand":[],"product_cat":[2932,3841],"product_tag":[1098,1434,2913,2912],"class_list":{"0":"post-34233","1":"product","2":"type-product","3":"status-publish","4":"has-post-thumbnail","6":"product_cat-ornement-noel-personnalise","7":"product_cat-cadeau-express","8":"product_tag-bois","9":"product_tag-noel","10":"product_tag-ornements","11":"product_tag-sapin","13":"first","14":"instock","15":"sale","16":"taxable","17":"shipping-taxable","18":"purchasable","19":"product-type-variable"},"acf":[],"_links":{"self":[{"href":"https:\/\/elitegraphicdesign.com\/fr\/wp-json\/wp\/v2\/product\/34233","targetHints":{"allow":["GET"]}}],"collection":[{"href":"https:\/\/elitegraphicdesign.com\/fr\/wp-json\/wp\/v2\/product"}],"about":[{"href":"https:\/\/elitegraphicdesign.com\/fr\/wp-json\/wp\/v2\/types\/product"}],"replies":[{"embeddable":true,"href":"https:\/\/elitegraphicdesign.com\/fr\/wp-json\/wp\/v2\/comments?post=34233"}],"wp:featuredmedia":[{"embeddable":true,"href":"https:\/\/elitegraphicdesign.com\/fr\/wp-json\/wp\/v2\/media\/34199"}],"wp:attachment":[{"href":"https:\/\/elitegraphicdesign.com\/fr\/wp-json\/wp\/v2\/media?parent=34233"}],"wp:term":[{"taxonomy":"product_brand","embeddable":true,"href":"https:\/\/elitegraphicdesign.com\/fr\/wp-json\/wp\/v2\/product_brand?post=34233"},{"taxonomy":"product_cat","embeddable":true,"href":"https:\/\/elitegraphicdesign.com\/fr\/wp-json\/wp\/v2\/product_cat?post=34233"},{"taxonomy":"product_tag","embeddable":true,"href":"https:\/\/elitegraphicdesign.com\/fr\/wp-json\/wp\/v2\/product_tag?post=34233"}],"curies":[{"name":"wp","href":"https:\/\/api.w.org\/{rel}","templated":true}]}}