{"id":34277,"date":"2024-01-03T21:26:56","date_gmt":"2024-01-04T02:26:56","guid":{"rendered":"https:\/\/elitegraphicdesign.com\/?post_type=product&#038;p=34277"},"modified":"2025-12-25T19:34:14","modified_gmt":"2025-12-26T00:34:14","slug":"kit-de-peinture-au-diamant-sur-toile-personnalise","status":"publish","type":"product","link":"https:\/\/elitegraphicdesign.com\/fr\/product\/kit-de-peinture-au-diamant-sur-toile-personnalise\/","title":{"rendered":"Kit de Peinture au Diamant sur Toile Personnalis\u00e9"},"content":{"rendered":"<h1>Kit de Peinture au Diamant sur Toile Personnalis\u00e9<\/h1>\n<div class=\"MhgNwc\">\n<div class=\"Va3FIb EE3Upf lVm3ye TElO2c OSrXXb\" role=\"listitem\"><strong>Toile de Haute Qualit\u00e9 : excellente technologie d&rsquo;impression et mat\u00e9riaux haut de gamme.<\/strong><\/div>\n<\/div>\n<p>Le cadeau de bricolage parfait pour les remises de dipl\u00f4mes, les anniversaires et tout le reste.<\/p>\n<p>Chaque kit de peinture diamant personnalis\u00e9 est fabriqu\u00e9 \u00e0 la main et soigneusement optimis\u00e9 pour garantir un photor\u00e9alisme.<\/p>\n<p>T\u00e9l\u00e9chargez des photos de votre famille, de vos b\u00e9b\u00e9s \u00e0 fourrure, de vos pochettes d&rsquo;album et affiches de films pr\u00e9f\u00e9r\u00e9es, de vos \u0153uvres d&rsquo;art pr\u00e9f\u00e9r\u00e9es et bien plus encore ! Transformez vos souvenirs en Diamond Art.<\/p>\n<p>Notre \u00e9quipe de designers experts recadre et corrige soigneusement les couleurs de votre photo pour garantir que votre toile Diamond Painting soit parfaite.<\/p>\n<p>Nous nous effor\u00e7ons de nous assurer que votre peinture diamant ressemble EXACTEMENT \u00e0 la photo. Commandez une taille plus grande (+ 60 cm) pour de meilleurs r\u00e9sultats.<\/p>\n<p>Le kit comprend tout ce dont vous avez besoin pour cr\u00e9er votre peinture diamant, y compris 1 toile adh\u00e9sive, 1 jeu de diamants et outils haut de gamme.<\/p>\n<p>*Cadre non inclus*<\/p>\n<p><span style=\"color: #282828;\"><strong>COMMENT \u00c7A FONCTIONNE:<\/strong><\/span><\/p>\n<p><a href=\"https:\/\/elitegraphicdesign.com\/wp-content\/uploads\/2024\/01\/How-Diamand-Painting.jpg\"><img decoding=\"async\" class=\"wp-image-34281 alignleft\" src=\"https:\/\/elitegraphicdesign.com\/wp-content\/uploads\/2024\/01\/How-Diamand-Painting.jpg\" alt=\"\" width=\"664\" height=\"664\" title=\"\" srcset=\"https:\/\/elitegraphicdesign.com\/wp-content\/uploads\/2024\/01\/How-Diamand-Painting.jpg 1600w, https:\/\/elitegraphicdesign.com\/wp-content\/uploads\/2024\/01\/How-Diamand-Painting-300x300.jpg 300w, https:\/\/elitegraphicdesign.com\/wp-content\/uploads\/2024\/01\/How-Diamand-Painting-1024x1024.jpg 1024w, https:\/\/elitegraphicdesign.com\/wp-content\/uploads\/2024\/01\/How-Diamand-Painting-150x150.jpg 150w, https:\/\/elitegraphicdesign.com\/wp-content\/uploads\/2024\/01\/How-Diamand-Painting-768x768.jpg 768w, https:\/\/elitegraphicdesign.com\/wp-content\/uploads\/2024\/01\/How-Diamand-Painting-1536x1536.jpg 1536w, https:\/\/elitegraphicdesign.com\/wp-content\/uploads\/2024\/01\/How-Diamand-Painting-247x247.jpg 247w, https:\/\/elitegraphicdesign.com\/wp-content\/uploads\/2024\/01\/How-Diamand-Painting-510x510.jpg 510w, https:\/\/elitegraphicdesign.com\/wp-content\/uploads\/2024\/01\/How-Diamand-Painting-100x100.jpg 100w\" sizes=\"(max-width: 664px) 100vw, 664px\" \/><\/a><\/p>\n<p>&nbsp;<\/p>\n<p>&nbsp;<\/p>\n<p>&nbsp;<\/p>\n<p>&nbsp;<\/p>\n<p>&nbsp;<\/p>\n<p>&nbsp;<\/p>\n<p>&nbsp;<\/p>\n<p>&nbsp;<\/p>\n<p>&nbsp;<\/p>\n<p>&nbsp;<\/p>\n<p>&nbsp;<\/p>\n<p>&nbsp;<\/p>\n<p>&nbsp;<\/p>\n<p>&nbsp;<\/p>\n<p>&nbsp;<\/p>\n<p>&nbsp;<\/p>\n<p>&nbsp;<\/p>\n<p>&nbsp;<\/p>\n<p>&nbsp;<\/p>\n<p>Besoin d&rsquo;une taille ou d&rsquo;une quantit\u00e9 diff\u00e9rente ? Contactez-nous! Tous nos projets sont personnalisables selon vos sp\u00e9cifications.  <a href=\"mailto:info@elitegraphicdesign.com\">info@elitegraphicdesign.com<\/a><\/p>\n","protected":false},"excerpt":{"rendered":"<p>Le cadeau bricol\u00e9 parfait pour les remises de dipl\u00f4mes, les anniversaires et tout ce qui se trouve entre les deux&#8230;<\/p>\n<p><span style=\"font-size: 85%;\">T\u00e9l\u00e9chargez votre image ou envoyez-la par courrier \u00e9lectronique : <a href=\"mailto:info@elitegraphicdesign.com\">info@elitegraphicdesign.com.<\/a><\/span><\/p>\n","protected":false},"featured_media":34288,"comment_status":"closed","ping_status":"closed","template":"","meta":{"_acf_changed":false},"product_brand":[],"product_cat":[3013,3841],"product_tag":[2987,2988,484],"class_list":{"0":"post-34277","1":"product","2":"type-product","3":"status-publish","4":"has-post-thumbnail","6":"product_cat-kit-de-peinture-au-diamant-sur-toile-personnalise","7":"product_cat-cadeau-express","8":"product_tag-5d-fr","9":"product_tag-diamant","10":"product_tag-toile","12":"first","13":"instock","14":"sale","15":"taxable","16":"shipping-taxable","17":"purchasable","18":"product-type-variable"},"acf":[],"_links":{"self":[{"href":"https:\/\/elitegraphicdesign.com\/fr\/wp-json\/wp\/v2\/product\/34277","targetHints":{"allow":["GET"]}}],"collection":[{"href":"https:\/\/elitegraphicdesign.com\/fr\/wp-json\/wp\/v2\/product"}],"about":[{"href":"https:\/\/elitegraphicdesign.com\/fr\/wp-json\/wp\/v2\/types\/product"}],"replies":[{"embeddable":true,"href":"https:\/\/elitegraphicdesign.com\/fr\/wp-json\/wp\/v2\/comments?post=34277"}],"wp:featuredmedia":[{"embeddable":true,"href":"https:\/\/elitegraphicdesign.com\/fr\/wp-json\/wp\/v2\/media\/34288"}],"wp:attachment":[{"href":"https:\/\/elitegraphicdesign.com\/fr\/wp-json\/wp\/v2\/media?parent=34277"}],"wp:term":[{"taxonomy":"product_brand","embeddable":true,"href":"https:\/\/elitegraphicdesign.com\/fr\/wp-json\/wp\/v2\/product_brand?post=34277"},{"taxonomy":"product_cat","embeddable":true,"href":"https:\/\/elitegraphicdesign.com\/fr\/wp-json\/wp\/v2\/product_cat?post=34277"},{"taxonomy":"product_tag","embeddable":true,"href":"https:\/\/elitegraphicdesign.com\/fr\/wp-json\/wp\/v2\/product_tag?post=34277"}],"curies":[{"name":"wp","href":"https:\/\/api.w.org\/{rel}","templated":true}]}}