{"id":34294,"date":"2024-01-07T10:48:47","date_gmt":"2024-01-07T15:48:47","guid":{"rendered":"https:\/\/elitegraphicdesign.com\/?post_type=product&#038;p=34294"},"modified":"2026-01-02T15:59:50","modified_gmt":"2026-01-02T20:59:50","slug":"creche-de-noel-en-bois-copy-2","status":"publish","type":"product","link":"https:\/\/elitegraphicdesign.com\/fr\/product\/creche-de-noel-en-bois-copy-2\/","title":{"rendered":"Cr\u00e8che de No\u00ebl en bois"},"content":{"rendered":"<div id=\"tab-description\" class=\"panel entry-content active\">\n<p>C\u00e9l\u00e9brez le miracle de No\u00ebl avec cette cr\u00e8che unique d\u00e9coup\u00e9e au laser, avec de nombreuses couches de bois d\u00e9coup\u00e9es au laser et d&rsquo;acrylique. Autonome pour d\u00e9corer votre maison pour les vacances ou toute l&rsquo;ann\u00e9e.<\/p>\n<ul>\n<li><span id=\"result_box\" class=\"\" lang=\"en\" tabindex=\"-1\"><span class=\"\">Pr\u00e9par\u00e9 avec amour.<\/span><\/span><\/li>\n<li><span id=\"result_box\" class=\"\" lang=\"en\" tabindex=\"-1\"> <span class=\"\"> Un cadeau parfait <\/span><span class=\"\">Multifonctionnel et une belle d\u00e9coration dans votre maison.<\/span> <\/span><\/li>\n<li>Nouveau style.<\/li>\n<li>D\u00e9coupe et gravure au laser<strong>.<br \/>\n<\/strong><\/li>\n<li><span id=\"result_box\" class=\"short_text\" lang=\"en\"><span class=\"\">Vous pouvez le peindre.<\/span><\/span><\/li>\n<li>\u00c9paisseur du bois : 5 mm.<\/li>\n<li>Disponible en couleur Bois ou 2 couleurs<\/li>\n<\/ul>\n<p><strong>Dimensions:<\/strong><\/p>\n<ul>\n<li>Dimensions: W 12.5in x H 10in x P 3.75in (31.75cm x 25.5cm x 9.5cm)<\/li>\n<\/ul>\n<p>Contactez-nous! Tous nos projets sont personnalisables selon vos sp\u00e9cifications. <a href=\"mailto:info@elitegraphicdesign.com\">info@elitegraphicdesign.com<\/a><\/p>\n<\/div>\n","protected":false},"excerpt":{"rendered":"<p>Offrez un cadeau amusant et utile \u00e0 vos amis, votre famille, vos clients et plus encore\u2026.<\/p>\n","protected":false},"featured_media":34304,"comment_status":"open","ping_status":"closed","template":"","meta":{"_acf_changed":false},"product_brand":[],"product_cat":[3841,3865,1751],"product_tag":[1098,1494,1162,1095,1096,1434],"class_list":{"0":"post-34294","1":"product","2":"type-product","3":"status-publish","4":"has-post-thumbnail","6":"product_cat-cadeau-express","7":"product_cat-creations-spirituelles-en-bois","8":"product_cat-creche-de-noel","9":"product_tag-bois","10":"product_tag-creche","11":"product_tag-google-fr","12":"product_tag-gravure","13":"product_tag-laser-fr","14":"product_tag-noel","16":"first","17":"instock","18":"sale","19":"taxable","20":"shipping-taxable","21":"purchasable","22":"product-type-variable"},"acf":[],"_links":{"self":[{"href":"https:\/\/elitegraphicdesign.com\/fr\/wp-json\/wp\/v2\/product\/34294","targetHints":{"allow":["GET"]}}],"collection":[{"href":"https:\/\/elitegraphicdesign.com\/fr\/wp-json\/wp\/v2\/product"}],"about":[{"href":"https:\/\/elitegraphicdesign.com\/fr\/wp-json\/wp\/v2\/types\/product"}],"replies":[{"embeddable":true,"href":"https:\/\/elitegraphicdesign.com\/fr\/wp-json\/wp\/v2\/comments?post=34294"}],"wp:featuredmedia":[{"embeddable":true,"href":"https:\/\/elitegraphicdesign.com\/fr\/wp-json\/wp\/v2\/media\/34304"}],"wp:attachment":[{"href":"https:\/\/elitegraphicdesign.com\/fr\/wp-json\/wp\/v2\/media?parent=34294"}],"wp:term":[{"taxonomy":"product_brand","embeddable":true,"href":"https:\/\/elitegraphicdesign.com\/fr\/wp-json\/wp\/v2\/product_brand?post=34294"},{"taxonomy":"product_cat","embeddable":true,"href":"https:\/\/elitegraphicdesign.com\/fr\/wp-json\/wp\/v2\/product_cat?post=34294"},{"taxonomy":"product_tag","embeddable":true,"href":"https:\/\/elitegraphicdesign.com\/fr\/wp-json\/wp\/v2\/product_tag?post=34294"}],"curies":[{"name":"wp","href":"https:\/\/api.w.org\/{rel}","templated":true}]}}