{"id":34355,"date":"2024-01-07T17:18:48","date_gmt":"2024-01-07T22:18:48","guid":{"rendered":"https:\/\/elitegraphicdesign.com\/?post_type=product&#038;p=34355"},"modified":"2026-01-02T16:01:27","modified_gmt":"2026-01-02T21:01:27","slug":"creche-de-noel-en-bois-copy-3","status":"publish","type":"product","link":"https:\/\/elitegraphicdesign.com\/fr\/product\/creche-de-noel-en-bois-copy-3\/","title":{"rendered":"Cr\u00e8che de No\u00ebl en bois"},"content":{"rendered":"<div id=\"tab-description\" class=\"panel entry-content active\">\n<h1>Cr\u00e8che de No\u00ebl en bois<\/h1>\n<p>C\u00e9l\u00e9brez le miracle de No\u00ebl avec cette cr\u00e8che unique d\u00e9coup\u00e9e au laser, avec cinq couches de bois d\u00e9coup\u00e9es au laser. Autonome pour d\u00e9corer votre maison pour les vacances ou toute l&rsquo;ann\u00e9e.<\/p>\n<ul>\n<li><span id=\"result_box\" class=\"\" lang=\"en\" tabindex=\"-1\"><span class=\"\">Pr\u00e9par\u00e9 avec amour.<\/span><\/span><\/li>\n<li><span id=\"result_box\" class=\"\" lang=\"en\" tabindex=\"-1\"> <span class=\"\"> Un cadeau parfait <\/span><span class=\"\">Multifonctionnel et une belle d\u00e9coration dans votre maison.<\/span> <\/span><\/li>\n<li>Nouveau style.<\/li>\n<li>D\u00e9coupe et gravure au laser<strong>.<br \/>\n<\/strong><\/li>\n<li><span id=\"result_box\" class=\"short_text\" lang=\"en\"><span class=\"\">Vous pouvez le peindre.<\/span><\/span><\/li>\n<li>\u00c9paisseur du bois : 2,50 mm et 5 mm. (1\/8in &amp; 1\/4in)<\/li>\n<li>Acrylique transparent : 6 mm (1\/4 po)<\/li>\n<li>Disponible en couleur Bois ou 2 couleurs<\/li>\n<li>Syst\u00e8me d&rsquo;\u00e9clairage LED RVB avec t\u00e9l\u00e9commande <strong>(option)<\/strong><\/li>\n<\/ul>\n<p><strong>Dimensions:<\/strong><\/p>\n<ul>\n<li>Dimensions: W 12.5in x H 8in x P 4.25in (31.75cm x 20.50cm x 11cm)<\/li>\n<\/ul>\n<p>Contactez-nous! Tous nos projets sont personnalisables selon vos sp\u00e9cifications. <a href=\"mailto:info@elitegraphicdesign.com\">info@elitegraphicdesign.com<\/a><\/p>\n<\/div>\n","protected":false},"excerpt":{"rendered":"<p>Offrez un cadeau amusant et utile \u00e0 vos amis, votre famille, vos clients et plus encore\u2026.<\/p>\n","protected":false},"featured_media":34360,"comment_status":"open","ping_status":"closed","template":"","meta":{"_acf_changed":false},"product_brand":[],"product_cat":[3841,3865,1751],"product_tag":[1098,1494,1095,1096,1434],"class_list":{"0":"post-34355","1":"product","2":"type-product","3":"status-publish","4":"has-post-thumbnail","6":"product_cat-cadeau-express","7":"product_cat-creations-spirituelles-en-bois","8":"product_cat-creche-de-noel","9":"product_tag-bois","10":"product_tag-creche","11":"product_tag-gravure","12":"product_tag-laser-fr","13":"product_tag-noel","15":"first","16":"instock","17":"sale","18":"taxable","19":"shipping-taxable","20":"purchasable","21":"product-type-variable"},"acf":[],"_links":{"self":[{"href":"https:\/\/elitegraphicdesign.com\/fr\/wp-json\/wp\/v2\/product\/34355","targetHints":{"allow":["GET"]}}],"collection":[{"href":"https:\/\/elitegraphicdesign.com\/fr\/wp-json\/wp\/v2\/product"}],"about":[{"href":"https:\/\/elitegraphicdesign.com\/fr\/wp-json\/wp\/v2\/types\/product"}],"replies":[{"embeddable":true,"href":"https:\/\/elitegraphicdesign.com\/fr\/wp-json\/wp\/v2\/comments?post=34355"}],"wp:featuredmedia":[{"embeddable":true,"href":"https:\/\/elitegraphicdesign.com\/fr\/wp-json\/wp\/v2\/media\/34360"}],"wp:attachment":[{"href":"https:\/\/elitegraphicdesign.com\/fr\/wp-json\/wp\/v2\/media?parent=34355"}],"wp:term":[{"taxonomy":"product_brand","embeddable":true,"href":"https:\/\/elitegraphicdesign.com\/fr\/wp-json\/wp\/v2\/product_brand?post=34355"},{"taxonomy":"product_cat","embeddable":true,"href":"https:\/\/elitegraphicdesign.com\/fr\/wp-json\/wp\/v2\/product_cat?post=34355"},{"taxonomy":"product_tag","embeddable":true,"href":"https:\/\/elitegraphicdesign.com\/fr\/wp-json\/wp\/v2\/product_tag?post=34355"}],"curies":[{"name":"wp","href":"https:\/\/api.w.org\/{rel}","templated":true}]}}