{"id":34645,"date":"2024-01-11T20:29:50","date_gmt":"2024-01-12T01:29:50","guid":{"rendered":"https:\/\/elitegraphicdesign.com\/?post_type=product&#038;p=34645"},"modified":"2025-12-25T19:23:16","modified_gmt":"2025-12-26T00:23:16","slug":"peinture-au-diamant-sur-toile-vierge-marie-copy","status":"publish","type":"product","link":"https:\/\/elitegraphicdesign.com\/fr\/product\/peinture-au-diamant-sur-toile-vierge-marie-copy\/","title":{"rendered":"Kit de peinture diamant sur toile &#8211; Sainte Rafqa"},"content":{"rendered":"<h2><strong>Transformez votre photo pr\u00e9f\u00e9r\u00e9e en Peinture au Diamant!<\/strong><\/h2>\n<div class=\"MhgNwc\">\n<div class=\"Va3FIb EE3Upf lVm3ye TElO2c OSrXXb\" role=\"listitem\"><strong>Toile de Haute Qualit\u00e9 : excellente technologie d&rsquo;impression et mat\u00e9riaux haut de gamme.<\/strong><\/div>\n<\/div>\n<p>Le cadeau de bricolage parfait pour les remises de dipl\u00f4mes, les anniversaires et tout le reste.<\/p>\n<p>Chaque kit de peinture diamant personnalis\u00e9 est fabriqu\u00e9 \u00e0 la main et soigneusement optimis\u00e9 pour garantir un photor\u00e9alisme.<\/p>\n<p>T\u00e9l\u00e9chargez des photos de votre famille, de vos b\u00e9b\u00e9s \u00e0 fourrure, de vos pochettes d&rsquo;album et affiches de films pr\u00e9f\u00e9r\u00e9es, de vos \u0153uvres d&rsquo;art pr\u00e9f\u00e9r\u00e9es et bien plus encore ! Transformez vos souvenirs en Diamond Art.<\/p>\n<p>Nous nous effor\u00e7ons de nous assurer que votre peinture diamant ressemble EXACTEMENT \u00e0 la photo. Commandez une taille plus grande (+ 60 cm) pour de meilleurs r\u00e9sultats.<\/p>\n<p>Le kit comprend tout ce dont vous avez besoin pour cr\u00e9er votre peinture diamant, y compris 1 toile adh\u00e9sive, 1 jeu de diamants et outils haut de gamme.<\/p>\n<p>*Cadre non inclus*<\/p>\n<p><strong>Taille de la toile :<\/strong><br \/>\n11.8 \u00ab\u00a0x15.75&Prime; (30cmx40cm)<br \/>\n15.75\u00a0\u00bbx21&Prime; (40cmx53.3cm)<br \/>\n19.75\u00a0\u00bbx26.25&Prime; (50cmx66.60cm)<\/p>\n<p><em>Remarque : Peut avoir une l\u00e9g\u00e8re variation de taille selon les photos.<\/em><\/p>\n<figure id=\"attachment_34613\" aria-describedby=\"caption-attachment-34613\" style=\"width: 551px\" class=\"wp-caption alignnone\"><a href=\"https:\/\/elitegraphicdesign.com\/wp-content\/uploads\/2024\/01\/Size-Picture-e1753989040816.jpg\"><img decoding=\"async\" class=\"wp-image-34612 \" src=\"https:\/\/elitegraphicdesign.com\/wp-content\/uploads\/2024\/01\/Size-Picture-e1753989040816.jpg\" alt=\"La peinture au diamant est un nouveau passe-temps artisanal qui est un m\u00e9lange entre la peinture en chiffres et le point de croix.\" width=\"551\" height=\"323\" title=\"\" srcset=\"https:\/\/elitegraphicdesign.com\/wp-content\/uploads\/2024\/01\/Size-Picture-e1753989040816.jpg 912w, https:\/\/elitegraphicdesign.com\/wp-content\/uploads\/2024\/01\/Size-Picture-e1753989040816-300x176.jpg 300w, https:\/\/elitegraphicdesign.com\/wp-content\/uploads\/2024\/01\/Size-Picture-e1753989040816-768x451.jpg 768w, https:\/\/elitegraphicdesign.com\/wp-content\/uploads\/2024\/01\/Size-Picture-e1753989040816-510x299.jpg 510w\" sizes=\"(max-width: 551px) 100vw, 551px\" \/><\/a><figcaption id=\"caption-attachment-34613\" class=\"wp-caption-text\">La peinture au diamant est un nouveau passe-temps artisanal qui est un m\u00e9lange entre la peinture en chiffres et le point de croix.<\/figcaption><\/figure>\n<p><span style=\"color: #282828;\"><strong>COMMENT \u00c7A FONCTIONNE:<\/strong><\/span><\/p>\n<p><a href=\"https:\/\/elitegraphicdesign.com\/wp-content\/uploads\/2024\/01\/How-Diamand-Painting.jpg\"><img decoding=\"async\" class=\"wp-image-34281 alignleft\" src=\"https:\/\/elitegraphicdesign.com\/wp-content\/uploads\/2024\/01\/How-Diamand-Painting.jpg\" alt=\"\" width=\"664\" height=\"664\" title=\"\" srcset=\"https:\/\/elitegraphicdesign.com\/wp-content\/uploads\/2024\/01\/How-Diamand-Painting.jpg 1600w, https:\/\/elitegraphicdesign.com\/wp-content\/uploads\/2024\/01\/How-Diamand-Painting-300x300.jpg 300w, https:\/\/elitegraphicdesign.com\/wp-content\/uploads\/2024\/01\/How-Diamand-Painting-1024x1024.jpg 1024w, https:\/\/elitegraphicdesign.com\/wp-content\/uploads\/2024\/01\/How-Diamand-Painting-150x150.jpg 150w, https:\/\/elitegraphicdesign.com\/wp-content\/uploads\/2024\/01\/How-Diamand-Painting-768x768.jpg 768w, https:\/\/elitegraphicdesign.com\/wp-content\/uploads\/2024\/01\/How-Diamand-Painting-1536x1536.jpg 1536w, https:\/\/elitegraphicdesign.com\/wp-content\/uploads\/2024\/01\/How-Diamand-Painting-247x247.jpg 247w, https:\/\/elitegraphicdesign.com\/wp-content\/uploads\/2024\/01\/How-Diamand-Painting-510x510.jpg 510w, https:\/\/elitegraphicdesign.com\/wp-content\/uploads\/2024\/01\/How-Diamand-Painting-100x100.jpg 100w\" sizes=\"(max-width: 664px) 100vw, 664px\" \/><\/a><\/p>\n<p>&nbsp;<\/p>\n<p>&nbsp;<\/p>\n<p>&nbsp;<\/p>\n<p>&nbsp;<\/p>\n<p>&nbsp;<\/p>\n<p>&nbsp;<\/p>\n<p>&nbsp;<\/p>\n<p>&nbsp;<\/p>\n<p>&nbsp;<\/p>\n<p>&nbsp;<\/p>\n<p>&nbsp;<\/p>\n<p>&nbsp;<\/p>\n<p>&nbsp;<\/p>\n<p>&nbsp;<\/p>\n<p>&nbsp;<\/p>\n<p>&nbsp;<\/p>\n<p>&nbsp;<\/p>\n<p>&nbsp;<\/p>\n<p>Besoin d&rsquo;une taille ou d&rsquo;une quantit\u00e9 diff\u00e9rente ? Contactez-nous! Tous nos projets sont personnalisables selon vos sp\u00e9cifications.  <a href=\"mailto:info@elitegraphicdesign.com\">info@elitegraphicdesign.com<\/a><\/p>\n","protected":false},"excerpt":{"rendered":"<p>Le cadeau de bricolage parfait pour les remises de dipl\u00f4mes, les anniversaires, les anniversaires et tout le reste&#8230;<\/p>\n","protected":false},"featured_media":34522,"comment_status":"closed","ping_status":"closed","template":"","meta":{"_acf_changed":false},"product_brand":[],"product_cat":[3015,3841],"product_tag":[2987,2988,484],"class_list":{"0":"post-34645","1":"product","2":"type-product","3":"status-publish","4":"has-post-thumbnail","6":"product_cat-peinture-au-diamant","7":"product_cat-cadeau-express","8":"product_tag-5d-fr","9":"product_tag-diamant","10":"product_tag-toile","12":"first","13":"instock","14":"sale","15":"taxable","16":"shipping-taxable","17":"purchasable","18":"product-type-variable"},"acf":[],"_links":{"self":[{"href":"https:\/\/elitegraphicdesign.com\/fr\/wp-json\/wp\/v2\/product\/34645","targetHints":{"allow":["GET"]}}],"collection":[{"href":"https:\/\/elitegraphicdesign.com\/fr\/wp-json\/wp\/v2\/product"}],"about":[{"href":"https:\/\/elitegraphicdesign.com\/fr\/wp-json\/wp\/v2\/types\/product"}],"replies":[{"embeddable":true,"href":"https:\/\/elitegraphicdesign.com\/fr\/wp-json\/wp\/v2\/comments?post=34645"}],"wp:featuredmedia":[{"embeddable":true,"href":"https:\/\/elitegraphicdesign.com\/fr\/wp-json\/wp\/v2\/media\/34522"}],"wp:attachment":[{"href":"https:\/\/elitegraphicdesign.com\/fr\/wp-json\/wp\/v2\/media?parent=34645"}],"wp:term":[{"taxonomy":"product_brand","embeddable":true,"href":"https:\/\/elitegraphicdesign.com\/fr\/wp-json\/wp\/v2\/product_brand?post=34645"},{"taxonomy":"product_cat","embeddable":true,"href":"https:\/\/elitegraphicdesign.com\/fr\/wp-json\/wp\/v2\/product_cat?post=34645"},{"taxonomy":"product_tag","embeddable":true,"href":"https:\/\/elitegraphicdesign.com\/fr\/wp-json\/wp\/v2\/product_tag?post=34645"}],"curies":[{"name":"wp","href":"https:\/\/api.w.org\/{rel}","templated":true}]}}