{"id":34860,"date":"2024-04-04T17:06:09","date_gmt":"2024-04-04T21:06:09","guid":{"rendered":"https:\/\/elitegraphicdesign.com\/?post_type=product&#038;p=34860"},"modified":"2025-12-25T19:03:31","modified_gmt":"2025-12-26T00:03:31","slug":"autocollants-en-vinyle-impermeables-collant-cadenas-coeur","status":"publish","type":"product","link":"https:\/\/elitegraphicdesign.com\/fr\/product\/autocollants-en-vinyle-impermeables-collant-cadenas-coeur\/","title":{"rendered":"Autocollants en vinyle imperm\u00e9ables \u2013 Collant cadenas coeur"},"content":{"rendered":"<p>Que dire de l\u2019une des plus belles villes que j\u2019ai visit\u00e9e en Italie, V\u00e9rone. Cette beaut\u00e9 avec ses maisons color\u00e9es a su marquer mon esprit. C\u2019\u00e9tait la premi\u00e8re ville d\u2019Italie que j\u2019ai visit\u00e9 apr\u00e8s mon arriv\u00e9 \u00e0 Milan. Je me suis tellement amus\u00e9 (vous pouvez voir ma vid\u00e9o sur ma cha\u00eene Youtube pour les int\u00e9ress\u00e9s). La meilleure partie et quand j\u2019ai voulu cacher mon cadenas des amours derri\u00e8re un tuyau afin de le garder en s\u00e9curit\u00e9 avant mon retour pour ensuite le r\u00e9cup\u00e9rer. \u00c9videmment, je l\u2019ai accidentellement bloqu\u00e9 ce qui m\u2019emp\u00eachera de l\u2019ouvrir \u00e0 tout jamais. On dirait bien qu\u2019une partie de moi restera en Italie pour toujours.<\/p>\n<p>&nbsp;<\/p>\n<p><strong>Taille des autocollants :<\/strong><br \/>\n3 \u00ab\u00a0x3.25\u00a0\u00bb (7.6cmx8.25cm)<\/p>\n","protected":false},"excerpt":{"rendered":"<p>Autocollants en vinyle imperm\u00e9ables \u2013 Collant cadenas coeur<\/p>\n","protected":false},"featured_media":34864,"comment_status":"closed","ping_status":"closed","template":"","meta":{"_acf_changed":false},"product_brand":[],"product_cat":[3034],"product_tag":[3035],"class_list":{"0":"post-34860","1":"product","2":"type-product","3":"status-publish","4":"has-post-thumbnail","6":"product_cat-autocollants-creation-diana","7":"product_tag-autocollants-creation-diana","9":"first","10":"instock","11":"sale","12":"taxable","13":"shipping-taxable","14":"purchasable","15":"product-type-variable"},"acf":[],"_links":{"self":[{"href":"https:\/\/elitegraphicdesign.com\/fr\/wp-json\/wp\/v2\/product\/34860","targetHints":{"allow":["GET"]}}],"collection":[{"href":"https:\/\/elitegraphicdesign.com\/fr\/wp-json\/wp\/v2\/product"}],"about":[{"href":"https:\/\/elitegraphicdesign.com\/fr\/wp-json\/wp\/v2\/types\/product"}],"replies":[{"embeddable":true,"href":"https:\/\/elitegraphicdesign.com\/fr\/wp-json\/wp\/v2\/comments?post=34860"}],"wp:featuredmedia":[{"embeddable":true,"href":"https:\/\/elitegraphicdesign.com\/fr\/wp-json\/wp\/v2\/media\/34864"}],"wp:attachment":[{"href":"https:\/\/elitegraphicdesign.com\/fr\/wp-json\/wp\/v2\/media?parent=34860"}],"wp:term":[{"taxonomy":"product_brand","embeddable":true,"href":"https:\/\/elitegraphicdesign.com\/fr\/wp-json\/wp\/v2\/product_brand?post=34860"},{"taxonomy":"product_cat","embeddable":true,"href":"https:\/\/elitegraphicdesign.com\/fr\/wp-json\/wp\/v2\/product_cat?post=34860"},{"taxonomy":"product_tag","embeddable":true,"href":"https:\/\/elitegraphicdesign.com\/fr\/wp-json\/wp\/v2\/product_tag?post=34860"}],"curies":[{"name":"wp","href":"https:\/\/api.w.org\/{rel}","templated":true}]}}