{"id":34873,"date":"2024-04-04T17:35:50","date_gmt":"2024-04-04T21:35:50","guid":{"rendered":"https:\/\/elitegraphicdesign.com\/?post_type=product&#038;p=34873"},"modified":"2025-12-25T18:58:40","modified_gmt":"2025-12-25T23:58:40","slug":"autocollants-en-vinyle-impermeables-cle-vintage","status":"publish","type":"product","link":"https:\/\/elitegraphicdesign.com\/fr\/product\/autocollants-en-vinyle-impermeables-cle-vintage\/","title":{"rendered":"Autocollants en vinyle imperm\u00e9ables &#8211; Cl\u00e9 vintage"},"content":{"rendered":"<p>Apportez de la couleur et du style \u00e0 vos affaires avec ces autocollants amusants et durables.<br \/>Parfaits pour ordinateurs portables, bouteilles d\u2019eau, carnets et bien plus encore<br \/>\nR\u00e9sistants \u00e0 l\u2019eau, aux rayures et \u00e0 l\u2019usure quotidienne<br \/>\nCouleurs vives et design gourmand inspir\u00e9 des desserts pour un look joyeux<br \/>\nId\u00e9als pour personnaliser vos affaires avec style et amusement<br \/>\nDimensions des autocollants :<br \/>\n2,25 \u00d7 3,50 po (5,7 \u00d7 8,9 cm)<\/p>\n","protected":false},"excerpt":{"rendered":"<p>Autocollants en vinyle imperm\u00e9ables &#8211; Cl\u00e9 vintage<\/p>\n","protected":false},"featured_media":34881,"comment_status":"closed","ping_status":"closed","template":"","meta":{"_acf_changed":false},"product_brand":[],"product_cat":[3034,3841],"product_tag":[3035],"class_list":{"0":"post-34873","1":"product","2":"type-product","3":"status-publish","4":"has-post-thumbnail","6":"product_cat-autocollants-creation-diana","7":"product_cat-cadeau-express","8":"product_tag-autocollants-creation-diana","10":"first","11":"instock","12":"sale","13":"taxable","14":"shipping-taxable","15":"purchasable","16":"product-type-variable"},"acf":[],"_links":{"self":[{"href":"https:\/\/elitegraphicdesign.com\/fr\/wp-json\/wp\/v2\/product\/34873","targetHints":{"allow":["GET"]}}],"collection":[{"href":"https:\/\/elitegraphicdesign.com\/fr\/wp-json\/wp\/v2\/product"}],"about":[{"href":"https:\/\/elitegraphicdesign.com\/fr\/wp-json\/wp\/v2\/types\/product"}],"replies":[{"embeddable":true,"href":"https:\/\/elitegraphicdesign.com\/fr\/wp-json\/wp\/v2\/comments?post=34873"}],"wp:featuredmedia":[{"embeddable":true,"href":"https:\/\/elitegraphicdesign.com\/fr\/wp-json\/wp\/v2\/media\/34881"}],"wp:attachment":[{"href":"https:\/\/elitegraphicdesign.com\/fr\/wp-json\/wp\/v2\/media?parent=34873"}],"wp:term":[{"taxonomy":"product_brand","embeddable":true,"href":"https:\/\/elitegraphicdesign.com\/fr\/wp-json\/wp\/v2\/product_brand?post=34873"},{"taxonomy":"product_cat","embeddable":true,"href":"https:\/\/elitegraphicdesign.com\/fr\/wp-json\/wp\/v2\/product_cat?post=34873"},{"taxonomy":"product_tag","embeddable":true,"href":"https:\/\/elitegraphicdesign.com\/fr\/wp-json\/wp\/v2\/product_tag?post=34873"}],"curies":[{"name":"wp","href":"https:\/\/api.w.org\/{rel}","templated":true}]}}