{"id":34951,"date":"2024-04-11T21:13:51","date_gmt":"2024-04-12T01:13:51","guid":{"rendered":"https:\/\/elitegraphicdesign.com\/?post_type=product&#038;p=34951"},"modified":"2025-12-25T17:27:18","modified_gmt":"2025-12-25T22:27:18","slug":"gobelet-20oz-infirmiere","status":"publish","type":"product","link":"https:\/\/elitegraphicdesign.com\/fr\/product\/gobelet-20oz-infirmiere\/","title":{"rendered":"Gobelet 20oz &#8211; Infirmi\u00e8re"},"content":{"rendered":"<p>Je d\u00e9die cette tasse stainless steel \u00e0 nos h\u00e9ros du quotidien, nos infirmi\u00e8res. Vous m\u00e9ritez un bon caf\u00e9 chaud durant vos longues heures de travail. Cette gourde peu contenir autant des produits chauds que froids. Maintenant, vous aurai la classe en salle d\u2019urgence. Merci pour tout ce que vous faites !<\/p>\n","protected":false},"excerpt":{"rendered":"<p>Cette tasse en acier inoxydable \u00e0 nos h\u00e9ros du quotidien, nos infirmi\u00e8res.<\/p>\n","protected":false},"featured_media":34942,"comment_status":"closed","ping_status":"closed","template":"","meta":{"_acf_changed":false},"product_brand":[],"product_cat":[3054,3841],"product_tag":[3058],"class_list":{"0":"post-34951","1":"product","2":"type-product","3":"status-publish","4":"has-post-thumbnail","6":"product_cat-gobelet-20oz","7":"product_cat-cadeau-express","8":"product_tag-creations-diana-gobelet-20oz","10":"first","11":"instock","12":"sale","13":"taxable","14":"shipping-taxable","15":"purchasable","16":"product-type-variable"},"acf":[],"_links":{"self":[{"href":"https:\/\/elitegraphicdesign.com\/fr\/wp-json\/wp\/v2\/product\/34951","targetHints":{"allow":["GET"]}}],"collection":[{"href":"https:\/\/elitegraphicdesign.com\/fr\/wp-json\/wp\/v2\/product"}],"about":[{"href":"https:\/\/elitegraphicdesign.com\/fr\/wp-json\/wp\/v2\/types\/product"}],"replies":[{"embeddable":true,"href":"https:\/\/elitegraphicdesign.com\/fr\/wp-json\/wp\/v2\/comments?post=34951"}],"wp:featuredmedia":[{"embeddable":true,"href":"https:\/\/elitegraphicdesign.com\/fr\/wp-json\/wp\/v2\/media\/34942"}],"wp:attachment":[{"href":"https:\/\/elitegraphicdesign.com\/fr\/wp-json\/wp\/v2\/media?parent=34951"}],"wp:term":[{"taxonomy":"product_brand","embeddable":true,"href":"https:\/\/elitegraphicdesign.com\/fr\/wp-json\/wp\/v2\/product_brand?post=34951"},{"taxonomy":"product_cat","embeddable":true,"href":"https:\/\/elitegraphicdesign.com\/fr\/wp-json\/wp\/v2\/product_cat?post=34951"},{"taxonomy":"product_tag","embeddable":true,"href":"https:\/\/elitegraphicdesign.com\/fr\/wp-json\/wp\/v2\/product_tag?post=34951"}],"curies":[{"name":"wp","href":"https:\/\/api.w.org\/{rel}","templated":true}]}}