{"id":34963,"date":"2024-04-19T20:47:54","date_gmt":"2024-04-20T00:47:54","guid":{"rendered":"https:\/\/elitegraphicdesign.com\/?post_type=product&#038;p=34963"},"modified":"2025-12-25T17:24:33","modified_gmt":"2025-12-25T22:24:33","slug":"bundle-ensemble-de-8-autocollants-de-la-collection-italia","status":"publish","type":"product","link":"https:\/\/elitegraphicdesign.com\/fr\/product\/bundle-ensemble-de-8-autocollants-de-la-collection-italia\/","title":{"rendered":"Bundle ensemble de 8 autocollants de la collection ITALIA"},"content":{"rendered":"<p>Bundle ensemble des autocollants de la collection ITALIA<\/p>\n<p>Tu ne sais pas quoi prendre ? Je te conseille alors de choisir ce bundle pour seulement 32$. Tu recevras ainsi un exemplaire de chacune de mes cr\u00e9ations \u00e0 mettre sur ton ordinateur, ton t\u00e9l\u00e9phone, ta bouteille d\u2019eau, ton bureau et plus encore.<\/p>\n","protected":false},"excerpt":{"rendered":"<p>Bundle ensemble de 8 autocollants de la collection ITALIA<\/p>\n","protected":false},"featured_media":34966,"comment_status":"closed","ping_status":"closed","template":"","meta":{"_acf_changed":false},"product_brand":[],"product_cat":[3034,3841],"product_tag":[3035],"class_list":{"0":"post-34963","1":"product","2":"type-product","3":"status-publish","4":"has-post-thumbnail","6":"product_cat-autocollants-creation-diana","7":"product_cat-cadeau-express","8":"product_tag-autocollants-creation-diana","10":"first","11":"instock","12":"sale","13":"taxable","14":"shipping-taxable","15":"purchasable","16":"product-type-variable"},"acf":[],"_links":{"self":[{"href":"https:\/\/elitegraphicdesign.com\/fr\/wp-json\/wp\/v2\/product\/34963","targetHints":{"allow":["GET"]}}],"collection":[{"href":"https:\/\/elitegraphicdesign.com\/fr\/wp-json\/wp\/v2\/product"}],"about":[{"href":"https:\/\/elitegraphicdesign.com\/fr\/wp-json\/wp\/v2\/types\/product"}],"replies":[{"embeddable":true,"href":"https:\/\/elitegraphicdesign.com\/fr\/wp-json\/wp\/v2\/comments?post=34963"}],"wp:featuredmedia":[{"embeddable":true,"href":"https:\/\/elitegraphicdesign.com\/fr\/wp-json\/wp\/v2\/media\/34966"}],"wp:attachment":[{"href":"https:\/\/elitegraphicdesign.com\/fr\/wp-json\/wp\/v2\/media?parent=34963"}],"wp:term":[{"taxonomy":"product_brand","embeddable":true,"href":"https:\/\/elitegraphicdesign.com\/fr\/wp-json\/wp\/v2\/product_brand?post=34963"},{"taxonomy":"product_cat","embeddable":true,"href":"https:\/\/elitegraphicdesign.com\/fr\/wp-json\/wp\/v2\/product_cat?post=34963"},{"taxonomy":"product_tag","embeddable":true,"href":"https:\/\/elitegraphicdesign.com\/fr\/wp-json\/wp\/v2\/product_tag?post=34963"}],"curies":[{"name":"wp","href":"https:\/\/api.w.org\/{rel}","templated":true}]}}