{"id":35022,"date":"2024-04-23T21:51:40","date_gmt":"2024-04-24T01:51:40","guid":{"rendered":"https:\/\/elitegraphicdesign.com\/?post_type=product&#038;p=35022"},"modified":"2025-12-25T17:19:24","modified_gmt":"2025-12-25T22:19:24","slug":"sac-fleur-de-lyse-neon-ciao-bella","status":"publish","type":"product","link":"https:\/\/elitegraphicdesign.com\/fr\/product\/sac-fleur-de-lyse-neon-ciao-bella\/","title":{"rendered":"Sac fleur de lyse n\u00e9on Ciao Bella"},"content":{"rendered":"<p>Lib\u00e9rez votre f\u00e9minit\u00e9 avec ce sac des plus color\u00e9s. Ce design est l\u2019un de mes pr\u00e9f\u00e9r\u00e9 avec son accent n\u00e9on et toutes ses couleurs. Profiter maintenant de cet article, car sa quantit\u00e9 sera limit\u00e9e. Tu peux m\u00eame partager nos informations avec le code QR de trouvant sur l\u2019arri\u00e8re du sac. Merci pour ton investissement.<\/p>\n","protected":false},"excerpt":{"rendered":"<p>Sac fleur de lyse n\u00e9on Ciao Bella<\/p>\n","protected":false},"featured_media":35011,"comment_status":"closed","ping_status":"closed","template":"","meta":{"_acf_changed":false},"product_brand":[],"product_cat":[3063,3841],"product_tag":[3068],"class_list":{"0":"post-35022","1":"product","2":"type-product","3":"status-publish","4":"has-post-thumbnail","6":"product_cat-sacs","7":"product_cat-cadeau-express","8":"product_tag-sacs-diana-creation","10":"first","11":"instock","12":"sale","13":"taxable","14":"shipping-taxable","15":"purchasable","16":"product-type-variable"},"acf":[],"_links":{"self":[{"href":"https:\/\/elitegraphicdesign.com\/fr\/wp-json\/wp\/v2\/product\/35022","targetHints":{"allow":["GET"]}}],"collection":[{"href":"https:\/\/elitegraphicdesign.com\/fr\/wp-json\/wp\/v2\/product"}],"about":[{"href":"https:\/\/elitegraphicdesign.com\/fr\/wp-json\/wp\/v2\/types\/product"}],"replies":[{"embeddable":true,"href":"https:\/\/elitegraphicdesign.com\/fr\/wp-json\/wp\/v2\/comments?post=35022"}],"wp:featuredmedia":[{"embeddable":true,"href":"https:\/\/elitegraphicdesign.com\/fr\/wp-json\/wp\/v2\/media\/35011"}],"wp:attachment":[{"href":"https:\/\/elitegraphicdesign.com\/fr\/wp-json\/wp\/v2\/media?parent=35022"}],"wp:term":[{"taxonomy":"product_brand","embeddable":true,"href":"https:\/\/elitegraphicdesign.com\/fr\/wp-json\/wp\/v2\/product_brand?post=35022"},{"taxonomy":"product_cat","embeddable":true,"href":"https:\/\/elitegraphicdesign.com\/fr\/wp-json\/wp\/v2\/product_cat?post=35022"},{"taxonomy":"product_tag","embeddable":true,"href":"https:\/\/elitegraphicdesign.com\/fr\/wp-json\/wp\/v2\/product_tag?post=35022"}],"curies":[{"name":"wp","href":"https:\/\/api.w.org\/{rel}","templated":true}]}}