{"id":35080,"date":"2024-05-06T15:14:15","date_gmt":"2024-05-06T19:14:15","guid":{"rendered":"https:\/\/elitegraphicdesign.com\/?post_type=product&#038;p=35080"},"modified":"2025-12-13T15:17:50","modified_gmt":"2025-12-13T20:17:50","slug":"plateau-a-vin-compact-personnalise","status":"publish","type":"product","link":"https:\/\/elitegraphicdesign.com\/fr\/product\/plateau-a-vin-compact-personnalise\/","title":{"rendered":"Plateau \u00e0 vin compact personnalis\u00e9"},"content":{"rendered":"<div id=\"tab-description\" class=\"panel entry-content active\">\n<h1>Plateau \u00e0 vin compact personnalis\u00e9<\/h1>\n<ul>\n<li>Grav\u00e9 avec n&rsquo;importe quelle initiale, nom, logo et texte<\/li>\n<li>High quality Wood<\/li>\n<li>Peut contenir une bouteille de vin et 4 verres \u00e0 vin<\/li>\n<li>Fabriqu\u00e9 au Qu\u00e9bec<\/li>\n<li>Lavage \u00e0 la main recommand\u00e9<\/li>\n<li><span id=\"result_box\" class=\"\" lang=\"en\" tabindex=\"-1\"><span class=\"\">Pr\u00e9par\u00e9 avec amour.<\/span><\/span><\/li>\n<li><span id=\"result_box\" class=\"\" lang=\"en\" tabindex=\"-1\"> <span class=\"\"> Un cadeau parfait <\/span><span class=\"\">Multifonctionnel et une belle d\u00e9coration.<\/span> <\/span><\/li>\n<li><span id=\"result_box\" class=\"short_text\" lang=\"en\"><span class=\"\">Cadeau exceptionnel.<\/span><\/span><\/li>\n<li>Nouveau style.<\/li>\n<li>D\u00e9coupe et gravure au laser<strong>.<br \/>\n<\/strong><\/li>\n<li>Bois 1\/4\u00a0\u00bb (5mm) et (3mm)<\/li>\n<li>Lunettes non incluses.<\/li>\n<li>Bouteille non incluse.<\/li>\n<li>Le grainage peut appara\u00eetre l\u00e9g\u00e8rement diff\u00e9rent dans chaque article.<\/li>\n<\/ul>\n<div>Notre plateau \u00e0 vin personnalis\u00e9 est le compagnon id\u00e9al pour toute occasion.<\/div>\n<p><strong>Dimensions:<\/strong><\/p>\n<ul>\n<li>Dimensions : 9,8\u00a0\u00bb \u00d7 9,8\u00a0\u00bb x 7,5&Prime; (24,90 cm \u00d7 24,90 cm x 19 cm)<\/li>\n<\/ul>\n<p>Contactez-nous! Tous nos projets sont personnalisables selon vos sp\u00e9cifications. <a href=\"mailto:info@elitegraphicdesign.com\">info@elitegraphicdesign.com<\/a><\/p>\n<\/div>\n","protected":false},"excerpt":{"rendered":"<p>Offrez un cadeau amusant et utile \u00e0 vos amis, votre famille, vos clients et plus encore\u2026.<\/p>\n","protected":false},"featured_media":35087,"comment_status":"open","ping_status":"closed","template":"","meta":{"_acf_changed":false},"product_brand":[],"product_cat":[3079,3841],"product_tag":[1098,1092,1095,3083,1097],"class_list":{"0":"post-35080","1":"product","2":"type-product","3":"status-publish","4":"has-post-thumbnail","6":"product_cat-plateaux-alimentaire","7":"product_cat-cadeau-express","8":"product_tag-bois","9":"product_tag-couper","10":"product_tag-gravure","11":"product_tag-plateau","12":"product_tag-vin","14":"first","15":"instock","16":"sale","17":"taxable","18":"shipping-taxable","19":"purchasable","20":"product-type-variable"},"acf":[],"_links":{"self":[{"href":"https:\/\/elitegraphicdesign.com\/fr\/wp-json\/wp\/v2\/product\/35080","targetHints":{"allow":["GET"]}}],"collection":[{"href":"https:\/\/elitegraphicdesign.com\/fr\/wp-json\/wp\/v2\/product"}],"about":[{"href":"https:\/\/elitegraphicdesign.com\/fr\/wp-json\/wp\/v2\/types\/product"}],"replies":[{"embeddable":true,"href":"https:\/\/elitegraphicdesign.com\/fr\/wp-json\/wp\/v2\/comments?post=35080"}],"wp:featuredmedia":[{"embeddable":true,"href":"https:\/\/elitegraphicdesign.com\/fr\/wp-json\/wp\/v2\/media\/35087"}],"wp:attachment":[{"href":"https:\/\/elitegraphicdesign.com\/fr\/wp-json\/wp\/v2\/media?parent=35080"}],"wp:term":[{"taxonomy":"product_brand","embeddable":true,"href":"https:\/\/elitegraphicdesign.com\/fr\/wp-json\/wp\/v2\/product_brand?post=35080"},{"taxonomy":"product_cat","embeddable":true,"href":"https:\/\/elitegraphicdesign.com\/fr\/wp-json\/wp\/v2\/product_cat?post=35080"},{"taxonomy":"product_tag","embeddable":true,"href":"https:\/\/elitegraphicdesign.com\/fr\/wp-json\/wp\/v2\/product_tag?post=35080"}],"curies":[{"name":"wp","href":"https:\/\/api.w.org\/{rel}","templated":true}]}}