{"id":35165,"date":"2024-05-15T13:49:47","date_gmt":"2024-05-15T17:49:47","guid":{"rendered":"https:\/\/elitegraphicdesign.com\/?post_type=product&#038;p=35165"},"modified":"2025-12-14T15:07:18","modified_gmt":"2025-12-14T20:07:18","slug":"assiette-a-collation-carree-personnalisee","status":"publish","type":"product","link":"https:\/\/elitegraphicdesign.com\/fr\/product\/assiette-a-collation-carree-personnalisee\/","title":{"rendered":"Plat \u00e0 collation carr\u00e9e personnalis\u00e9e."},"content":{"rendered":"<div id=\"tab-description\" class=\"panel entry-content active\">\n<h1>Plat \u00e0 collation carr\u00e9e personnalis\u00e9e.<\/h1>\n<ul>\n<li>Grav\u00e9 avec n&rsquo;importe quelle initiale, nom, logo et texte<\/li>\n<li>High quality Wood<\/li>\n<li>Fabriqu\u00e9 au Qu\u00e9bec<\/li>\n<li>Lavage \u00e0 la main recommand\u00e9<\/li>\n<li><span id=\"result_box\" class=\"\" lang=\"en\" tabindex=\"-1\"><span class=\"\">Pr\u00e9par\u00e9 avec amour.<\/span><\/span><\/li>\n<li><span id=\"result_box\" class=\"\" lang=\"en\" tabindex=\"-1\"> <span class=\"\"> Un cadeau parfait <\/span><span class=\"\">Multifonctionnel et une belle d\u00e9coration.<\/span> <\/span><\/li>\n<li><span id=\"result_box\" class=\"short_text\" lang=\"en\"><span class=\"\">Cadeau exceptionnel.<\/span><\/span><\/li>\n<li>Nouveau style.<\/li>\n<li>D\u00e9coupe et gravure au laser<strong>.<br \/>\n<\/strong><\/li>\n<li>Bois 1\/4\u00a0\u00bb (5mm) et (3mm)<\/li>\n<li>1 plaque incluse<\/li>\n<li>Le grainage peut appara\u00eetre l\u00e9g\u00e8rement diff\u00e9rent dans chaque article.<\/li>\n<\/ul>\n<p>Notre plateau personnalis\u00e9 est le compagnon id\u00e9al pour toute occasion.<\/p>\n<p><strong>Dimensions:<\/strong><\/p>\n<ul>\n<li>Dimensions: 11.5\u00a0\u00bb\u00d711.5\u00a0\u00bbx0.75&Prime; (29cm\u00d729cmx1.9cm)<\/li>\n<\/ul>\n<p>Contactez-nous! Tous nos projets sont personnalisables selon vos sp\u00e9cifications. <a href=\"mailto:info@elitegraphicdesign.com\">info@elitegraphicdesign.com<\/a><\/p>\n<\/div>\n","protected":false},"excerpt":{"rendered":"<h1>Plat \u00e0 collation carr\u00e9e personnalis\u00e9e.<\/h1>\n","protected":false},"featured_media":35171,"comment_status":"open","ping_status":"closed","template":"","meta":{"_acf_changed":false},"product_brand":[],"product_cat":[3079,3841],"product_tag":[1098,3085,3083],"class_list":{"0":"post-35165","1":"product","2":"type-product","3":"status-publish","4":"has-post-thumbnail","6":"product_cat-plateaux-alimentaire","7":"product_cat-cadeau-express","8":"product_tag-bois","9":"product_tag-miel","10":"product_tag-plateau","12":"first","13":"instock","14":"sale","15":"taxable","16":"shipping-taxable","17":"purchasable","18":"product-type-variable"},"acf":[],"_links":{"self":[{"href":"https:\/\/elitegraphicdesign.com\/fr\/wp-json\/wp\/v2\/product\/35165","targetHints":{"allow":["GET"]}}],"collection":[{"href":"https:\/\/elitegraphicdesign.com\/fr\/wp-json\/wp\/v2\/product"}],"about":[{"href":"https:\/\/elitegraphicdesign.com\/fr\/wp-json\/wp\/v2\/types\/product"}],"replies":[{"embeddable":true,"href":"https:\/\/elitegraphicdesign.com\/fr\/wp-json\/wp\/v2\/comments?post=35165"}],"wp:featuredmedia":[{"embeddable":true,"href":"https:\/\/elitegraphicdesign.com\/fr\/wp-json\/wp\/v2\/media\/35171"}],"wp:attachment":[{"href":"https:\/\/elitegraphicdesign.com\/fr\/wp-json\/wp\/v2\/media?parent=35165"}],"wp:term":[{"taxonomy":"product_brand","embeddable":true,"href":"https:\/\/elitegraphicdesign.com\/fr\/wp-json\/wp\/v2\/product_brand?post=35165"},{"taxonomy":"product_cat","embeddable":true,"href":"https:\/\/elitegraphicdesign.com\/fr\/wp-json\/wp\/v2\/product_cat?post=35165"},{"taxonomy":"product_tag","embeddable":true,"href":"https:\/\/elitegraphicdesign.com\/fr\/wp-json\/wp\/v2\/product_tag?post=35165"}],"curies":[{"name":"wp","href":"https:\/\/api.w.org\/{rel}","templated":true}]}}