{"id":36639,"date":"2024-07-02T21:40:36","date_gmt":"2024-07-03T01:40:36","guid":{"rendered":"https:\/\/elitegraphicdesign.com\/?post_type=product&#038;p=36639"},"modified":"2025-12-14T13:56:24","modified_gmt":"2025-12-14T18:56:24","slug":"sacs-a-main-en-bois-dia-iii","status":"publish","type":"product","link":"https:\/\/elitegraphicdesign.com\/fr\/product\/sacs-a-main-en-bois-dia-iii\/","title":{"rendered":"Sacs \u00e0 main en bois &#8211; DIA III"},"content":{"rendered":"<div id=\"tab-description\" class=\"panel entry-content active\">\n<h1><strong>Sacs \u00e0 main en bois &#8211; DIA III<br \/>\n<\/strong><\/h1>\n<ul>\n<li>100% bois.<\/li>\n<li>Fait main.<\/li>\n<li><span id=\"result_box\" class=\"\" lang=\"en\" tabindex=\"-1\"><span class=\"\">Pr\u00e9par\u00e9 avec amour.<\/span><\/span><\/li>\n<li><span id=\"result_box\" class=\"short_text\" lang=\"en\"><span class=\"\">Cadeau exceptionnel.<\/span><\/span><\/li>\n<li>Nouveau style.<\/li>\n<li>D\u00e9coupe et gravure au laser<strong>.<br \/>\n<\/strong><\/li>\n<li><span id=\"result_box\" class=\"short_text\" lang=\"en\"><span class=\"\">Vous pouvez le peindre.<\/span><\/span><span id=\"result_box\" class=\"short_text\" lang=\"en\"><\/span><\/li>\n<li>\u00c9paisseur du bois : 1\/4 po<\/li>\n<li>Velours noir \u00e0 l&rsquo;int\u00e9rieur<\/li>\n<li>La couleur peut \u00eatre l\u00e9g\u00e8rement diff\u00e9rente selon la couleur du bois.<\/li>\n<\/ul>\n<p><strong>Couleur disponible (option) : <\/strong><\/p>\n<p><a href=\"https:\/\/elitegraphicdesign.com\/wp-content\/uploads\/2019\/11\/Color-Wood1.jpg\"><img decoding=\"async\" class=\" wp-image-23123\" src=\"https:\/\/elitegraphicdesign.com\/wp-content\/uploads\/2019\/11\/Color-Wood1.jpg\" alt=\"Bois d\u00e9coup\u00e9 et grav\u00e9 au laser couleur\" width=\"421\" height=\"87\" title=\"\"><\/a><\/p>\n<p><strong>Dimensions:<\/strong><\/p>\n<ul>\n<li>Dimensions: 7.5inx6inx2.25in (19cmx15.2cmx5.7cm)<\/li>\n<\/ul>\n<p>Contactez-nous! Tous nos projets sont personnalisables selon vos sp\u00e9cifications. <a href=\"mailto:info@elitegraphicdesign.com\">info@elitegraphicdesign.com<\/a><\/p>\n<\/div>\n","protected":false},"excerpt":{"rendered":"<p>Offrez un cadeau amusant et utile \u00e0 vos amis, votre famille, vos clients et plus encore\u2026.<\/p>\n","protected":false},"featured_media":36645,"comment_status":"closed","ping_status":"closed","template":"","meta":{"_acf_changed":false},"product_brand":[],"product_cat":[3212,3841],"product_tag":[1521,3218,3217],"class_list":{"0":"post-36639","1":"product","2":"type-product","3":"status-publish","4":"has-post-thumbnail","6":"product_cat-sacs-a-main-en-bois","7":"product_cat-cadeau-express","8":"product_tag-bois-coupe-au-laser","9":"product_tag-mode","10":"product_tag-sacs-a-main","12":"first","13":"instock","14":"sale","15":"taxable","16":"shipping-taxable","17":"purchasable","18":"product-type-variable"},"acf":[],"_links":{"self":[{"href":"https:\/\/elitegraphicdesign.com\/fr\/wp-json\/wp\/v2\/product\/36639","targetHints":{"allow":["GET"]}}],"collection":[{"href":"https:\/\/elitegraphicdesign.com\/fr\/wp-json\/wp\/v2\/product"}],"about":[{"href":"https:\/\/elitegraphicdesign.com\/fr\/wp-json\/wp\/v2\/types\/product"}],"replies":[{"embeddable":true,"href":"https:\/\/elitegraphicdesign.com\/fr\/wp-json\/wp\/v2\/comments?post=36639"}],"wp:featuredmedia":[{"embeddable":true,"href":"https:\/\/elitegraphicdesign.com\/fr\/wp-json\/wp\/v2\/media\/36645"}],"wp:attachment":[{"href":"https:\/\/elitegraphicdesign.com\/fr\/wp-json\/wp\/v2\/media?parent=36639"}],"wp:term":[{"taxonomy":"product_brand","embeddable":true,"href":"https:\/\/elitegraphicdesign.com\/fr\/wp-json\/wp\/v2\/product_brand?post=36639"},{"taxonomy":"product_cat","embeddable":true,"href":"https:\/\/elitegraphicdesign.com\/fr\/wp-json\/wp\/v2\/product_cat?post=36639"},{"taxonomy":"product_tag","embeddable":true,"href":"https:\/\/elitegraphicdesign.com\/fr\/wp-json\/wp\/v2\/product_tag?post=36639"}],"curies":[{"name":"wp","href":"https:\/\/api.w.org\/{rel}","templated":true}]}}