{"id":38197,"date":"2024-08-03T20:15:43","date_gmt":"2024-08-04T00:15:43","guid":{"rendered":"https:\/\/elitegraphicdesign.com\/?post_type=product&#038;p=38197"},"modified":"2025-12-13T19:20:13","modified_gmt":"2025-12-14T00:20:13","slug":"4-sous-verres-en-bois-avec-1-support-gratuit-9","status":"publish","type":"product","link":"https:\/\/elitegraphicdesign.com\/fr\/product\/4-sous-verres-en-bois-avec-1-support-gratuit-9\/","title":{"rendered":"4 Sous-Verres en Bois avec 1 Support Gratuit"},"content":{"rendered":"<div id=\"tab-description\" class=\"panel entry-content active\">\n<p>Fabriqu\u00e9 en contreplaqu\u00e9 de bouleau d\u00e9coup\u00e9 au laser et fini avec un satin clair et lisse. Le Sous-Verre mesure 3,5&Prime; de diam\u00e8tre. <span class=\"\" lang=\"en\" tabindex=\"-1\"><span class=\"\">.<\/span><\/span><\/p>\n<ul>\n<li>100% Bois<\/li>\n<li>Pr\u00e9par\u00e9 avec amour.<\/li>\n<li>Un cadeau parfait Multifonctionnel et une belle d\u00e9coration dans votre maison.<i class=\"otgs-ico-refresh js-otgs-popover-tooltip tippy-active\" tabindex=\"0\" data-original-title=\"Update French translation\" aria-describedby=\"tippy-2\"><\/i><\/li>\n<li>Cadeau exceptionnel.<\/li>\n<li>Nouveau style.<\/li>\n<li>Gravure et d\u00e9coupe au Laser<strong>.<\/strong><\/li>\n<li>Vous pouvez le peindre.<\/li>\n<li>\u00c9paisseur du bois : 1\/4 po.<\/li>\n<li>1 ou 2 couleurs<\/li>\n<li><strong>1 Support de dessous de verre gratuit avec votre commande.<\/strong><\/li>\n<li>La couleur peut \u00eatre l\u00e9g\u00e8rement diff\u00e9rente selon la couleur du bois.<\/li>\n<\/ul>\n<p><strong>Dimensions:<\/strong><\/p>\n<ul>\n<li>Dimensions : 3,5 pouces de diam\u00e8tre (89 mm)<\/li>\n<\/ul>\n<p><a href=\"https:\/\/elitegraphicdesign.com\/wp-content\/uploads\/2019\/11\/Color-Wood2.jpg\"><img decoding=\"async\" class=\"size-full wp-image-27762\" src=\"https:\/\/elitegraphicdesign.com\/wp-content\/uploads\/2019\/11\/Color-Wood2.jpg\" alt=\"Cadeaux en Bois d\u00e9coup\u00e9s au laser\" width=\"445\" height=\"154\" title=\"\" srcset=\"https:\/\/elitegraphicdesign.com\/wp-content\/uploads\/2019\/11\/Color-Wood2.jpg 445w, https:\/\/elitegraphicdesign.com\/wp-content\/uploads\/2019\/11\/Color-Wood2-300x104.jpg 300w\" sizes=\"(max-width: 445px) 100vw, 445px\" \/><\/a><\/p>\n<p>Contactez-nous! Tous nos projets sont personnalisables selon vos sp\u00e9cifications. <a href=\"mailto:info@elitegraphicdesign.com\">info@elitegraphicdesign.com<\/a><\/p>\n<\/div>\n","protected":false},"excerpt":{"rendered":"<p>Offrez un cadeau amusant et utile \u00e0 vos amis, votre famille, vos clients et plus encore\u2026.<\/p>\n","protected":false},"featured_media":38026,"comment_status":"closed","ping_status":"closed","template":"","meta":{"_acf_changed":false},"product_brand":[],"product_cat":[3841,1517],"product_tag":[1521,1519,1522,1523],"class_list":{"0":"post-38197","1":"product","2":"type-product","3":"status-publish","4":"has-post-thumbnail","6":"product_cat-cadeau-express","7":"product_cat-sous-verres-en-bois","8":"product_tag-bois-coupe-au-laser","9":"product_tag-ensemble-de-sous-verres-geometriques","10":"product_tag-sous-verre-modernes","11":"product_tag-sous-verre-uniques","13":"first","14":"instock","15":"sale","16":"taxable","17":"shipping-taxable","18":"purchasable","19":"product-type-variable"},"acf":[],"_links":{"self":[{"href":"https:\/\/elitegraphicdesign.com\/fr\/wp-json\/wp\/v2\/product\/38197","targetHints":{"allow":["GET"]}}],"collection":[{"href":"https:\/\/elitegraphicdesign.com\/fr\/wp-json\/wp\/v2\/product"}],"about":[{"href":"https:\/\/elitegraphicdesign.com\/fr\/wp-json\/wp\/v2\/types\/product"}],"replies":[{"embeddable":true,"href":"https:\/\/elitegraphicdesign.com\/fr\/wp-json\/wp\/v2\/comments?post=38197"}],"wp:featuredmedia":[{"embeddable":true,"href":"https:\/\/elitegraphicdesign.com\/fr\/wp-json\/wp\/v2\/media\/38026"}],"wp:attachment":[{"href":"https:\/\/elitegraphicdesign.com\/fr\/wp-json\/wp\/v2\/media?parent=38197"}],"wp:term":[{"taxonomy":"product_brand","embeddable":true,"href":"https:\/\/elitegraphicdesign.com\/fr\/wp-json\/wp\/v2\/product_brand?post=38197"},{"taxonomy":"product_cat","embeddable":true,"href":"https:\/\/elitegraphicdesign.com\/fr\/wp-json\/wp\/v2\/product_cat?post=38197"},{"taxonomy":"product_tag","embeddable":true,"href":"https:\/\/elitegraphicdesign.com\/fr\/wp-json\/wp\/v2\/product_tag?post=38197"}],"curies":[{"name":"wp","href":"https:\/\/api.w.org\/{rel}","templated":true}]}}