{"id":38388,"date":"2024-08-04T21:07:28","date_gmt":"2024-08-05T01:07:28","guid":{"rendered":"https:\/\/elitegraphicdesign.com\/?post_type=product&#038;p=38388"},"modified":"2025-12-13T18:43:12","modified_gmt":"2025-12-13T23:43:12","slug":"cadre-photo-remise-de-diplome-personnalises","status":"publish","type":"product","link":"https:\/\/elitegraphicdesign.com\/fr\/product\/cadre-photo-remise-de-diplome-personnalises\/","title":{"rendered":"Cadre photo de remise de dipl\u00f4me personnalis\u00e9s"},"content":{"rendered":"<h1 data-listing-id=\"635315131\">Cadre photo de remise de dipl\u00f4me personnalis\u00e9s<\/h1>\n<p>Chaque article peut l\u00e9g\u00e8rement diff\u00e9rer dans la structure de la surface, il n&rsquo;y a pas deux morceaux de bois identiques et c&rsquo;est un \u00e9norme avantage.<\/p>\n<ul>\n<li>Cadre en bois personnalis\u00e9<\/li>\n<li><span id=\"result_box\" class=\"short_text\" lang=\"en\"><span class=\"\">Cadeau exceptionnel<\/span><\/span><\/li>\n<li>Article fait main<\/li>\n<li>Nouveau style<\/li>\n<li>Le grainage peut appara\u00eetre l\u00e9g\u00e8rement diff\u00e9rent dans chaque article<\/li>\n<li>D\u00e9coupe et gravure au laser<\/li>\n<li>La livraison n&rsquo;est pas incluse dans le prix<\/li>\n<li>Taille de l&rsquo;image 4&Prime;x6&Prime; (10,1 cm x 15,25 cm)<\/li>\n<li>Plusieurs couches<\/li>\n<\/ul>\n<p><span style=\"font-size: 110%;\"><strong>Dimensions:<\/strong><\/span><\/p>\n<ul>\n<li>8.25\u00a0\u00bbx8.75\u00a0\u00bbx2.25\u00a0\u00bb (21cmx22.25cmx5.7cm)<\/li>\n<\/ul>\n<p><span style=\"font-size: 110%;\"><strong>\u00c9paisseur du bois :<\/strong><\/span><\/p>\n<ul>\n<li>3 mm (1\/8 inch)  6mm (1\/4 inch)<\/li>\n<\/ul>\n<p><strong>Couleur du bois disponible :<\/strong><\/p>\n<p><a href=\"https:\/\/elitegraphicdesign.com\/wp-content\/uploads\/2024\/08\/Wood-Color.jpg\"><img decoding=\"async\" class=\" wp-image-38393 alignnone\" src=\"https:\/\/elitegraphicdesign.com\/wp-content\/uploads\/2024\/08\/Wood-Color.jpg\" alt=\"\" width=\"364\" height=\"94\" title=\"\" srcset=\"https:\/\/elitegraphicdesign.com\/wp-content\/uploads\/2024\/08\/Wood-Color.jpg 597w, https:\/\/elitegraphicdesign.com\/wp-content\/uploads\/2024\/08\/Wood-Color-300x77.jpg 300w, https:\/\/elitegraphicdesign.com\/wp-content\/uploads\/2024\/08\/Wood-Color-510x132.jpg 510w\" sizes=\"(max-width: 364px) 100vw, 364px\" \/><\/a><\/p>\n<p>Besoin d&rsquo;une taille ou d&rsquo;une quantit\u00e9 diff\u00e9rente ? Contactez-nous! Tous nos projets sont personnalisables selon vos sp\u00e9cifications. <a href=\"mailto:info@elitegraphicdesign.com\">info@elitegraphicdesign.com<\/a><\/p>\n","protected":false},"excerpt":{"rendered":"<p>Offrez un cadeau amusant et utile \u00e0 vos amis&#8230; Pour la personnalisation, veuillez ajouter votre texte et votre nom ci-dessous.<\/p>\n","protected":false},"featured_media":38401,"comment_status":"closed","ping_status":"closed","template":"","meta":{"_acf_changed":false},"product_brand":[],"product_cat":[3586,3841,1772],"product_tag":[1098,1094,1783,1095,1096],"class_list":{"0":"post-38388","1":"product","2":"type-product","3":"status-publish","4":"has-post-thumbnail","6":"product_cat-diplomee","7":"product_cat-cadeau-express","8":"product_cat-cadres-photos","9":"product_tag-bois","10":"product_tag-cadeau","11":"product_tag-cadres","12":"product_tag-gravure","13":"product_tag-laser-fr","15":"first","16":"instock","17":"sale","18":"taxable","19":"shipping-taxable","20":"purchasable","21":"product-type-variable"},"acf":[],"_links":{"self":[{"href":"https:\/\/elitegraphicdesign.com\/fr\/wp-json\/wp\/v2\/product\/38388","targetHints":{"allow":["GET"]}}],"collection":[{"href":"https:\/\/elitegraphicdesign.com\/fr\/wp-json\/wp\/v2\/product"}],"about":[{"href":"https:\/\/elitegraphicdesign.com\/fr\/wp-json\/wp\/v2\/types\/product"}],"replies":[{"embeddable":true,"href":"https:\/\/elitegraphicdesign.com\/fr\/wp-json\/wp\/v2\/comments?post=38388"}],"wp:featuredmedia":[{"embeddable":true,"href":"https:\/\/elitegraphicdesign.com\/fr\/wp-json\/wp\/v2\/media\/38401"}],"wp:attachment":[{"href":"https:\/\/elitegraphicdesign.com\/fr\/wp-json\/wp\/v2\/media?parent=38388"}],"wp:term":[{"taxonomy":"product_brand","embeddable":true,"href":"https:\/\/elitegraphicdesign.com\/fr\/wp-json\/wp\/v2\/product_brand?post=38388"},{"taxonomy":"product_cat","embeddable":true,"href":"https:\/\/elitegraphicdesign.com\/fr\/wp-json\/wp\/v2\/product_cat?post=38388"},{"taxonomy":"product_tag","embeddable":true,"href":"https:\/\/elitegraphicdesign.com\/fr\/wp-json\/wp\/v2\/product_tag?post=38388"}],"curies":[{"name":"wp","href":"https:\/\/api.w.org\/{rel}","templated":true}]}}