{"id":48487,"date":"2025-08-14T09:48:00","date_gmt":"2025-08-14T13:48:00","guid":{"rendered":"https:\/\/elitegraphicdesign.com\/en\/autocollants-de-forme-personnalises\/"},"modified":"2025-08-14T19:40:43","modified_gmt":"2025-08-14T23:40:43","slug":"autocollants-de-forme-personnalises","status":"publish","type":"product","link":"https:\/\/elitegraphicdesign.com\/fr\/product\/autocollants-de-forme-personnalises\/","title":{"rendered":"Autocollants personnalis\u00e9s en forme"},"content":{"rendered":"<h1><strong>Autocollants personnalis\u00e9s en vinyle blanc (formes personnalis\u00e9es)<\/strong><\/h1>\n<p>Les autocollants de forme personnalis\u00e9s constituent une solution simple et efficace pour promouvoir votre entreprise, votre marque ou votre \u00e9v\u00e9nement. Fabriqu\u00e9s en vinyle de haute qualit\u00e9, ils offrent une durabilit\u00e9 exceptionnelle, r\u00e9sistent \u00e0 l&rsquo;eau et \u00e0 l&rsquo;exposition au soleil pour garantir un attrait durable. <\/p>\n<ul>\n<li><strong data-start=\"43\" data-end=\"59\">\u2714Personnalisable<\/strong> &#8211; Disponible dans n&rsquo;importe quelle forme, taille et design.<\/li>\n<li><strong>\u2714 Pour la voiture \/ les fen\u00eatres \/ le mur \/ le livre<\/strong>&#8230;<\/li>\n<li><strong>\u2714 <\/strong><strong data-start=\"26\" data-end=\"76\">Ces autocollants en vinyle peuvent \u00eatre coll\u00e9s sur n&rsquo;importe quelle surface lisse.<\/strong><\/li>\n<li>\u2714 <strong data-start=\"121\" data-end=\"152\">Haute qualit\u00e9 des couleurs d&rsquo;impression<\/strong> &#8211; Couleurs vives, nettes et durables.<\/li>\n<li>\u2714 <strong data-start=\"108\" data-end=\"119\">Durable<\/strong> &#8211; Fabriqu\u00e9 en vinyle de haute qualit\u00e9 pour une utilisation durable.<\/li>\n<li>\u2714 R\u00e9sistant aux <strong data-start=\"177\" data-end=\"193\">intemp\u00e9ries<\/strong> &#8211; R\u00e9sistant \u00e0 l&rsquo;eau et \u00e0 la lumi\u00e8re du soleil.<\/li>\n<li>\u2714 <strong data-start=\"245\" data-end=\"258\">Polyvalent<\/strong> &#8211; Convient aux applications int\u00e9rieures et ext\u00e9rieures.<\/li>\n<li><strong data-start=\"311\" data-end=\"330\">\u2714 Forte adh\u00e9rence<\/strong> &#8211; Disponible avec un adh\u00e9sif permanent ou amovible.<\/li>\n<li>\u2714 <strong data-start=\"405\" data-end=\"427\">Impression de haute qualit\u00e9<\/strong> &#8211; Couleurs \u00e9clatantes et d\u00e9tails pr\u00e9cis sur le vinyle imprimable.<\/li>\n<li>\u2714 <strong data-start=\"448\" data-end=\"465\">Facile \u00e0 appliquer<\/strong> &#8211; Application en douceur sur diff\u00e9rentes surfaces.<\/li>\n<li><strong>Disponible dans toutes les couleurs et tailles dont vous avez besoin.<\/strong><\/li>\n<li>Les autocollants sont livr\u00e9s en feuilles et non en rouleaux<strong>.<\/strong> <\/li>\n<\/ul>\n<p><a href=\"https:\/\/elitegraphicdesign.com\/wp-content\/uploads\/2025\/08\/Shap2.jpg\"><img decoding=\"async\" class=\" wp-image-48761\" src=\"https:\/\/elitegraphicdesign.com\/wp-content\/uploads\/2025\/08\/Shap2.jpg\" alt=\"Label-Stickers-mon-label-cr\u00e9ation-2025\" width=\"299\" height=\"216\" title=\"\"><\/a><\/p>\n<p>Besoin d&rsquo;une taille ou d&rsquo;une quantit\u00e9 diff\u00e9rente ? Contactez-nous! Tous nos projets sont personnalisables selon vos sp\u00e9cifications.  <a href=\"mailto:info@elitegraphicdesign.com\">info@elitegraphicdesign.com<\/a><\/p>\n","protected":false},"excerpt":{"rendered":"<p>Stickers en vinyle personnalis\u00e9s avec une impression de haute qualit\u00e9, durables et r\u00e9sistants aux intemp\u00e9ries, parfaits pour le branding ou les \u00e9v\u00e9nements.<\/p>\n<p>Besoin d&rsquo;une taille ou d&rsquo;une quantit\u00e9 diff\u00e9rente ? Contactez-nous! Tous nos projets sont personnalisables selon vos sp\u00e9cifications.  <a href=\"mailto:info@elitegraphicdesign.com\">info@elitegraphicdesign.com<\/a><\/p>\n","protected":false},"featured_media":48579,"comment_status":"open","ping_status":"closed","template":"","meta":{"_acf_changed":false},"product_brand":[],"product_cat":[3764],"product_tag":[3765,497],"class_list":{"0":"post-48487","1":"product","2":"type-product","3":"status-publish","4":"has-post-thumbnail","6":"product_cat-autocollants-personnalises","7":"product_tag-autocollants-fr","8":"product_tag-etiquettes","10":"first","11":"instock","12":"sale","13":"taxable","14":"shipping-taxable","15":"purchasable","16":"product-type-variable"},"acf":[],"_links":{"self":[{"href":"https:\/\/elitegraphicdesign.com\/fr\/wp-json\/wp\/v2\/product\/48487","targetHints":{"allow":["GET"]}}],"collection":[{"href":"https:\/\/elitegraphicdesign.com\/fr\/wp-json\/wp\/v2\/product"}],"about":[{"href":"https:\/\/elitegraphicdesign.com\/fr\/wp-json\/wp\/v2\/types\/product"}],"replies":[{"embeddable":true,"href":"https:\/\/elitegraphicdesign.com\/fr\/wp-json\/wp\/v2\/comments?post=48487"}],"wp:featuredmedia":[{"embeddable":true,"href":"https:\/\/elitegraphicdesign.com\/fr\/wp-json\/wp\/v2\/media\/48579"}],"wp:attachment":[{"href":"https:\/\/elitegraphicdesign.com\/fr\/wp-json\/wp\/v2\/media?parent=48487"}],"wp:term":[{"taxonomy":"product_brand","embeddable":true,"href":"https:\/\/elitegraphicdesign.com\/fr\/wp-json\/wp\/v2\/product_brand?post=48487"},{"taxonomy":"product_cat","embeddable":true,"href":"https:\/\/elitegraphicdesign.com\/fr\/wp-json\/wp\/v2\/product_cat?post=48487"},{"taxonomy":"product_tag","embeddable":true,"href":"https:\/\/elitegraphicdesign.com\/fr\/wp-json\/wp\/v2\/product_tag?post=48487"}],"curies":[{"name":"wp","href":"https:\/\/api.w.org\/{rel}","templated":true}]}}